{"id":5820,"date":"2025-12-11T12:35:46","date_gmt":"2025-12-11T09:35:46","guid":{"rendered":"https:\/\/wristbandfactory.eu\/?post_type=product&#038;p=5820"},"modified":"2026-04-01T21:52:03","modified_gmt":"2026-04-01T18:52:03","slug":"printed-silicone-wristbands-custom-screen-print","status":"publish","type":"product","link":"https:\/\/displayproducts.eu\/it\/p\/printed-silicone-wristbands-custom-screen-print\/","title":{"rendered":"Braccialetti in silicone \u2013 Stampati"},"content":{"rendered":"<p data-path-to-node=\"12\"><b>La scelta classica per il branding promozionale<\/b><\/p>\n<p data-path-to-node=\"13\"><b>Braccialetti in silicone stampati<\/b> Sono la scelta pi\u00f9 popolare per campagne di marketing, fiere ed eventi in cui visibilit\u00e0 e budget sono priorit\u00e0 fondamentali. A differenza delle fasce incise, queste presentano il tuo design. <b>serigrafato direttamente sulla superficie liscia<\/b> del silicone, offrendo una finitura nitida e pulita che cattura l&#039;attenzione.<\/p>\n<p data-path-to-node=\"14\"><b>Opzioni di colore illimitate<\/b> Offriamo una completa flessibilit\u00e0 di personalizzazione. Puoi scegliere qualsiasi <b>Colore Pantone (PMS)<\/b> per il cinturino in silicone e scegli un colore di inchiostro a contrasto per il tuo logo e il tuo testo. Questo garantisce l&#039;aderenza di 100% alla tua identit\u00e0 aziendale.<\/p>\n<p data-path-to-node=\"15\"><b>Materiale e comfort<\/b> Fatto da <b>100% silicone di alta qualit\u00e0, senza lattice<\/b>, Questi braccialetti sono impermeabili, resistenti al calore e sufficientemente comodi da poter essere indossati tutto il giorno. Sono sufficientemente resistenti per eventi di pi\u00f9 giorni, ma sono progettati principalmente come gadget promozionale conveniente.<\/p>\n<p data-path-to-node=\"16\"><i>Nota: per un uso quotidiano prolungato (mesi\/anni), consigliamo i nostri braccialetti &quot;Debossed&quot;, poich\u00e9 la stampa superficiale potrebbe usurarsi con l&#039;usura dovuta a forti attriti.<\/i><\/p>\n<p data-path-to-node=\"17\"><b>Caratteristiche principali:<\/b><\/p>\n<ul data-path-to-node=\"18\">\n<li>\n<p data-path-to-node=\"18,0,0\"><b>Metodo:<\/b> Stampa serigrafica ad alta precisione.<\/p>\n<\/li>\n<li>\n<p data-path-to-node=\"18,1,0\"><b>Materiale:<\/b> 100% Silicone morbido (non tossico).<\/p>\n<\/li>\n<li>\n<p data-path-to-node=\"18,2,0\"><b>Misurare:<\/b> Standard per adulti (202x12x2 mm) e ragazzi (180x12x2 mm).<\/p>\n<\/li>\n<li>\n<p data-path-to-node=\"18,3,0\"><b>Caso d&#039;uso:<\/b> Omaggi, campagne di sensibilizzazione, festival.<\/p>\n<\/li>\n<\/ul>","protected":false},"excerpt":{"rendered":"<ul data-path-to-node=\"10\">\n<li>\n<p data-path-to-node=\"10,0,0\"><b>Alta visibilit\u00e0:<\/b> La stampa serigrafica nitida fa s\u00ec che il tuo logo risalti chiaramente sulla superficie.<\/p>\n<\/li>\n<li>\n<p data-path-to-node=\"10,1,0\"><b>Corrispondenza Pantone:<\/b> Sia il cinturino in silicone che il colore dell&#039;inchiostro si adattano alle linee guida del tuo marchio.<\/p>\n<\/li>\n<li>\n<p data-path-to-node=\"10,2,0\"><b>Conveniente:<\/b> L&#039;opzione pi\u00f9 economica per promozioni e omaggi su larga scala.<\/p>\n<\/li>\n<li>\n<p data-path-to-node=\"10,3,0\"><b>Tempi di consegna rapidi:<\/b> Tempi di produzione pi\u00f9 rapidi rispetto agli stampi in rilievo o a rilievo.<\/p>\n<\/li>\n<\/ul>","protected":false},"featured_media":5821,"comment_status":"closed","ping_status":"closed","template":"","meta":[],"product_brand":[],"product_cat":[49],"product_tag":[],"class_list":{"0":"post-5820","1":"product","2":"type-product","3":"status-publish","4":"has-post-thumbnail","6":"product_cat-silicone","8":"first","9":"instock","10":"shipping-taxable","11":"purchasable","12":"product-type-simple"},"_links":{"self":[{"href":"https:\/\/displayproducts.eu\/it\/wp-json\/wp\/v2\/product\/5820","targetHints":{"allow":["GET"]}}],"collection":[{"href":"https:\/\/displayproducts.eu\/it\/wp-json\/wp\/v2\/product"}],"about":[{"href":"https:\/\/displayproducts.eu\/it\/wp-json\/wp\/v2\/types\/product"}],"replies":[{"embeddable":true,"href":"https:\/\/displayproducts.eu\/it\/wp-json\/wp\/v2\/comments?post=5820"}],"wp:featuredmedia":[{"embeddable":true,"href":"https:\/\/displayproducts.eu\/it\/wp-json\/wp\/v2\/media\/5821"}],"wp:attachment":[{"href":"https:\/\/displayproducts.eu\/it\/wp-json\/wp\/v2\/media?parent=5820"}],"wp:term":[{"taxonomy":"product_brand","embeddable":true,"href":"https:\/\/displayproducts.eu\/it\/wp-json\/wp\/v2\/product_brand?post=5820"},{"taxonomy":"product_cat","embeddable":true,"href":"https:\/\/displayproducts.eu\/it\/wp-json\/wp\/v2\/product_cat?post=5820"},{"taxonomy":"product_tag","embeddable":true,"href":"https:\/\/displayproducts.eu\/it\/wp-json\/wp\/v2\/product_tag?post=5820"}],"curies":[{"name":"wp","href":"https:\/\/api.w.org\/{rel}","templated":true}]}}