{"id":5818,"date":"2025-12-11T12:18:31","date_gmt":"2025-12-11T09:18:31","guid":{"rendered":"https:\/\/wristbandfactory.eu\/?post_type=product&#038;p=5818"},"modified":"2026-04-01T21:52:35","modified_gmt":"2026-04-01T18:52:35","slug":"hemp-fabric-wristbands-custom-woven-printed","status":"publish","type":"product","link":"https:\/\/displayproducts.eu\/it\/p\/hemp-fabric-wristbands-custom-woven-printed\/","title":{"rendered":"Braccialetti in tessuto (Canapa) \u2013 Con logo"},"content":{"rendered":"<p data-path-to-node=\"11\"><b>La scelta naturale pi\u00f9 forte<\/b><\/p>\n<p data-path-to-node=\"12\">Fai una dichiarazione audace con <b>Braccialetti in tessuto di canapa<\/b>, l&#039;opzione pi\u00f9 resistente della nostra gamma ecologica. Le fibre di canapa sono rinomate per la loro resistenza alla trazione, rendendo queste fasce perfette per festival all&#039;aperto, eventi avventurosi o per un utilizzo prolungato, in cui l&#039;usura \u00e8 un problema.<\/p>\n<p data-path-to-node=\"13\"><b>Aspetto distintivo &quot;terroso&quot;<\/b> A differenza della finitura liscia del rPET o della morbidezza del bamb\u00f9, la canapa offre un <b>consistenza strutturata e granulare<\/b>. Ci\u00f2 conferisce al braccialetto un aspetto &quot;artigianale&quot; di alta qualit\u00e0 che comunica immediatamente sostenibilit\u00e0 e autenticit\u00e0 ai tuoi ospiti.<\/p>\n<p data-path-to-node=\"14\"><b>Raccomandazioni sul branding<\/b> A causa della consistenza pi\u00f9 grossolana delle fibre di canapa:<\/p>\n<ul data-path-to-node=\"15\">\n<li>\n<p data-path-to-node=\"15,0,0\"><b>Serigrafia:<\/b> Consigliamo stampe a tinta unita e audaci (come il nero o il verde scuro) che creano un contrasto meraviglioso con lo sfondo beige\/marrone chiaro naturale della fibra.<\/p>\n<\/li>\n<li>\n<p data-path-to-node=\"15,1,0\"><b>Tessuto (Ricamo):<\/b> Per una finitura permanente, \u00e8 possibile intrecciare direttamente sul cinturino testi e loghi semplici.<\/p>\n<\/li>\n<\/ul>\n<p data-path-to-node=\"16\"><b>Hardware ecologico<\/b> Completa il look con il nostro <b>Bamboo Eco-Lock<\/b> o riutilizzabile <b>Perlina di legno<\/b>. Sono disponibili anche cursori standard in plastica di sicurezza, qualora sia richiesto un controllo rigoroso degli accessi.<\/p>\n<p data-path-to-node=\"17\"><b>Caratteristiche principali:<\/b><\/p>\n<ul data-path-to-node=\"18\">\n<li>\n<p data-path-to-node=\"18,0,0\"><b>Materiale:<\/b> Fibra di canapa naturale 100%.<\/p>\n<\/li>\n<li>\n<p data-path-to-node=\"18,1,0\"><b>Struttura:<\/b> Grossolano, naturale e tattile.<\/p>\n<\/li>\n<li>\n<p data-path-to-node=\"18,2,0\"><b>Durata:<\/b> Elevata resistenza allo stiramento e all&#039;acqua.<\/p>\n<\/li>\n<li>\n<p data-path-to-node=\"18,3,0\"><b>Valutazione ecologica:<\/b> Ciclo di crescita a emissioni negative di carbonio, biodegradabile.<\/p>\n<\/li>\n<\/ul>","protected":false},"excerpt":{"rendered":"<ul data-path-to-node=\"9\">\n<li>\n<p data-path-to-node=\"9,0,0\"><b>Ultra resistente:<\/b> La canapa \u00e8 una delle fibre naturali pi\u00f9 resistenti, ideale per eventi impegnativi o di lunga durata.<\/p>\n<\/li>\n<li>\n<p data-path-to-node=\"9,1,0\"><b>Estetica rustica:<\/b> Offre un aspetto terroso e strutturato distintivo che si distingue dai sintetici lisci.<\/p>\n<\/li>\n<li>\n<p data-path-to-node=\"9,2,0\"><b>100% Sostenibile:<\/b> Coltivato senza pesticidi e completamente biodegradabile.<\/p>\n<\/li>\n<li>\n<p data-path-to-node=\"9,3,0\"><b>Branding personalizzato:<\/b> Ideale per stampe serigrafiche audaci o semplici disegni tessuti.<\/p>\n<\/li>\n<\/ul>","protected":false},"featured_media":5827,"comment_status":"closed","ping_status":"closed","template":"","meta":[],"product_brand":[],"product_cat":[133,47],"product_tag":[],"class_list":{"0":"post-5818","1":"product","2":"type-product","3":"status-publish","4":"has-post-thumbnail","6":"product_cat-eco-friendly-wristbands","7":"product_cat-fabric-wristbands","9":"first","10":"instock","11":"shipping-taxable","12":"purchasable","13":"product-type-simple"},"_links":{"self":[{"href":"https:\/\/displayproducts.eu\/it\/wp-json\/wp\/v2\/product\/5818","targetHints":{"allow":["GET"]}}],"collection":[{"href":"https:\/\/displayproducts.eu\/it\/wp-json\/wp\/v2\/product"}],"about":[{"href":"https:\/\/displayproducts.eu\/it\/wp-json\/wp\/v2\/types\/product"}],"replies":[{"embeddable":true,"href":"https:\/\/displayproducts.eu\/it\/wp-json\/wp\/v2\/comments?post=5818"}],"wp:featuredmedia":[{"embeddable":true,"href":"https:\/\/displayproducts.eu\/it\/wp-json\/wp\/v2\/media\/5827"}],"wp:attachment":[{"href":"https:\/\/displayproducts.eu\/it\/wp-json\/wp\/v2\/media?parent=5818"}],"wp:term":[{"taxonomy":"product_brand","embeddable":true,"href":"https:\/\/displayproducts.eu\/it\/wp-json\/wp\/v2\/product_brand?post=5818"},{"taxonomy":"product_cat","embeddable":true,"href":"https:\/\/displayproducts.eu\/it\/wp-json\/wp\/v2\/product_cat?post=5818"},{"taxonomy":"product_tag","embeddable":true,"href":"https:\/\/displayproducts.eu\/it\/wp-json\/wp\/v2\/product_tag?post=5818"}],"curies":[{"name":"wp","href":"https:\/\/api.w.org\/{rel}","templated":true}]}}