{"id":5814,"date":"2025-12-11T12:06:41","date_gmt":"2025-12-11T09:06:41","guid":{"rendered":"https:\/\/wristbandfactory.eu\/?post_type=product&#038;p=5814"},"modified":"2026-04-01T21:52:35","modified_gmt":"2026-04-01T18:52:35","slug":"organic-cotton-wristbands-custom-woven-printed","status":"publish","type":"product","link":"https:\/\/displayproducts.eu\/it\/p\/organic-cotton-wristbands-custom-woven-printed\/","title":{"rendered":"Braccialetti in tessuto (Cotone) \u2013 Con logo"},"content":{"rendered":"<p data-path-to-node=\"11\"><b>La scelta naturale per eventi sostenibili<\/b><\/p>\n<p data-path-to-node=\"12\">Migliora le credenziali ecologiche del tuo marchio con il nostro <b>Braccialetti in cotone biologico<\/b>. A differenza dei materiali sintetici, questi cinturini sono realizzati in fibre naturali 100%, offrendo un aspetto opaco e rustico e una sensazione eccezionalmente morbida sulla pelle. Sono la soluzione perfetta per festival di pi\u00f9 giorni, ritiri VIP e marchi che desiderano proiettare un&#039;immagine &quot;plastic-free&quot;.<\/p>\n<p data-path-to-node=\"13\"><b>Il comfort incontra la durata<\/b> Il cotone \u00e8 naturalmente traspirante e ipoallergenico, il che lo rende la scelta pi\u00f9 comoda per un uso prolungato. Non provoca irritazioni o sudorazione, garantendo un&#039;esperienza di qualit\u00e0 ai vostri ospiti.<\/p>\n<p data-path-to-node=\"14\"><b>Opzioni di branding<\/b> Grazie alla consistenza naturale delle fibre, consigliamo due distinti metodi di personalizzazione:<\/p>\n<ul data-path-to-node=\"15\">\n<li>\n<p data-path-to-node=\"15,0,0\"><b>Tessuto (Ricamo):<\/b> Il tuo logo viene cucito direttamente sul tessuto utilizzando fino a 8 colori di filo. Questo crea una finitura resistente e di alta qualit\u00e0 che non sbiadisce.<\/p>\n<\/li>\n<li>\n<p data-path-to-node=\"15,1,0\"><b>Serigrafia:<\/b> Perfetto per l&#039;abbinamento specifico dei colori Pantone sulla superficie del braccialetto.<\/p>\n<\/li>\n<\/ul>\n<p data-path-to-node=\"16\"><b>Hardware sicuro e sostenibile<\/b> Abbina queste fasce naturali con il nostro <b>Bamboo Eco-Lock<\/b> (composito di bamb\u00f9 50%) per creare una soluzione completamente ecologica. Sono disponibili anche cursori standard ad alta sicurezza e perline di legno riutilizzabili.<\/p>\n<p data-path-to-node=\"17\"><b>Caratteristiche principali:<\/b><\/p>\n<ul data-path-to-node=\"18\">\n<li>\n<p data-path-to-node=\"18,0,0\"><b>Materiale:<\/b> Cotone biologico 100%.<\/p>\n<\/li>\n<li>\n<p data-path-to-node=\"18,1,0\"><b>Valutazione ecologica:<\/b> Biodegradabile e rinnovabile.<\/p>\n<\/li>\n<li>\n<p data-path-to-node=\"18,2,0\"><b>Struttura:<\/b> Finitura morbida e opaca (non lucida).<\/p>\n<\/li>\n<li>\n<p data-path-to-node=\"18,3,0\"><b>Dimensioni:<\/b> Standard 340 mm x 15 mm.<\/p>\n<\/li>\n<\/ul>","protected":false},"excerpt":{"rendered":"<ul>\n<li>\n<p data-path-to-node=\"9,0,0\"><b>Materiale naturale:<\/b> Realizzato in fibre di cotone biologico biodegradabili 100%.<\/p>\n<\/li>\n<li>\n<p data-path-to-node=\"9,1,0\"><b>Comfort Premium:<\/b> Morbido, traspirante e ipoallergenico (ideale per pelli sensibili).<\/p>\n<\/li>\n<li>\n<p data-path-to-node=\"9,2,0\"><b>Branding personalizzato:<\/b> Scegli tra ricamo di alta qualit\u00e0 (tessuto) o stampa serigrafica.<\/p>\n<\/li>\n<li>\n<p data-path-to-node=\"9,3,0\"><b>Senza plastica:<\/b> Una scelta completamente sostenibile, compatibile con Bamboo Eco-Locks.<\/p>\n<\/li>\n<\/ul>","protected":false},"featured_media":5829,"comment_status":"closed","ping_status":"closed","template":"","meta":[],"product_brand":[],"product_cat":[133,47],"product_tag":[],"class_list":{"0":"post-5814","1":"product","2":"type-product","3":"status-publish","4":"has-post-thumbnail","6":"product_cat-eco-friendly-wristbands","7":"product_cat-fabric-wristbands","9":"first","10":"instock","11":"shipping-taxable","12":"purchasable","13":"product-type-simple"},"_links":{"self":[{"href":"https:\/\/displayproducts.eu\/it\/wp-json\/wp\/v2\/product\/5814","targetHints":{"allow":["GET"]}}],"collection":[{"href":"https:\/\/displayproducts.eu\/it\/wp-json\/wp\/v2\/product"}],"about":[{"href":"https:\/\/displayproducts.eu\/it\/wp-json\/wp\/v2\/types\/product"}],"replies":[{"embeddable":true,"href":"https:\/\/displayproducts.eu\/it\/wp-json\/wp\/v2\/comments?post=5814"}],"wp:featuredmedia":[{"embeddable":true,"href":"https:\/\/displayproducts.eu\/it\/wp-json\/wp\/v2\/media\/5829"}],"wp:attachment":[{"href":"https:\/\/displayproducts.eu\/it\/wp-json\/wp\/v2\/media?parent=5814"}],"wp:term":[{"taxonomy":"product_brand","embeddable":true,"href":"https:\/\/displayproducts.eu\/it\/wp-json\/wp\/v2\/product_brand?post=5814"},{"taxonomy":"product_cat","embeddable":true,"href":"https:\/\/displayproducts.eu\/it\/wp-json\/wp\/v2\/product_cat?post=5814"},{"taxonomy":"product_tag","embeddable":true,"href":"https:\/\/displayproducts.eu\/it\/wp-json\/wp\/v2\/product_tag?post=5814"}],"curies":[{"name":"wp","href":"https:\/\/api.w.org\/{rel}","templated":true}]}}