{"id":5760,"date":"2025-12-10T15:00:54","date_gmt":"2025-12-10T12:00:54","guid":{"rendered":"https:\/\/wristbandfactory.eu\/?post_type=product&#038;p=5760"},"modified":"2026-04-01T21:52:35","modified_gmt":"2026-04-01T18:52:35","slug":"custom-faux-fur-lanyards-fluffy-fashion-strap","status":"publish","type":"product","link":"https:\/\/displayproducts.eu\/it\/p\/custom-faux-fur-lanyards-fluffy-fashion-strap\/","title":{"rendered":"Lanyard in pelliccia sintetica \u2013 Fluffy"},"content":{"rendered":"<p data-path-to-node=\"11\">Fai una dichiarazione audace con il nostro <b>Lanyards personalizzati in pelliccia sintetica<\/b>. Oltre all&#039;utilit\u00e0, questi cordini sono veri e propri accessori di moda, pensati per rendere visibile il tuo marchio nel modo pi\u00f9 elegante possibile.<\/p>\n<p data-path-to-node=\"12\"><b>Il fattore \u201csoffice\u201d<\/b> A differenza dei nastri piatti in poliestere, questi cordini sono realizzati in un morbido tessuto tubolare in pelliccia sintetica. Si adattano al collo come una sciarpa, rendendoli incredibilmente comodi da indossare tutto il giorno durante festival invernali o eventi VIP.<\/p>\n<p data-path-to-node=\"13\"><b>Soluzioni di branding intelligenti<\/b> Poich\u00e9 la pelliccia lunga nasconde l&#039;inchiostro, utilizziamo <b>etichette di branding allegate<\/b>.<\/p>\n<ul data-path-to-node=\"14\">\n<li>\n<p data-path-to-node=\"14,0,0\"><b>Etichette tessute:<\/b> Etichetta in tessuto di alta qualit\u00e0 cucita sulla pelliccia (come sui vestiti).<\/p>\n<\/li>\n<li>\n<p data-path-to-node=\"14,1,0\"><b>Toppe in PVC\/gomma:<\/b> Per un look moderno e 3D. Questo metodo garantisce che il logo rimanga leggibile e nitido, pur mantenendo l&#039;aspetto elegante e raffinato del prodotto.<\/p>\n<\/li>\n<\/ul>\n<p data-path-to-node=\"15\"><b>Casi d&#039;uso consigliati:<\/b><\/p>\n<ul data-path-to-node=\"16\">\n<li>\n<p data-path-to-node=\"16,0,0\"><b>Merchandising streetwear:<\/b> Articoli ad alto valore percepito per la vendita al dettaglio.<\/p>\n<\/li>\n<li>\n<p data-path-to-node=\"16,1,0\"><b>Eventi di sci e snowboard:<\/b> Ideale per ambienti freddi.<\/p>\n<\/li>\n<li>\n<p data-path-to-node=\"16,2,0\"><b>Agenzie creative:<\/b> Un regalo unico che si distingue dai soliti articoli da ufficio.<\/p>\n<\/li>\n<\/ul>\n<p data-path-to-node=\"17\"><b>Caratteristiche principali:<\/b><\/p>\n<ul data-path-to-node=\"18\">\n<li>\n<p data-path-to-node=\"18,0,0\"><b>Materiale:<\/b> 100% Pelliccia sintetica (poliestere).<\/p>\n<\/li>\n<li>\n<p data-path-to-node=\"18,1,0\"><b>Stile:<\/b> Profilo tubolare\/rotondo.<\/p>\n<\/li>\n<li>\n<p data-path-to-node=\"18,2,0\"><b>Metodo del logo:<\/b> Etichetta o toppa tessuta.<\/p>\n<\/li>\n<li>\n<p data-path-to-node=\"18,3,0\"><b>Allegati:<\/b> Amo per aragosta in metallo o anello diviso.<\/p>\n<\/li>\n<\/ul>","protected":false},"excerpt":{"rendered":"<ul>\n<li>\n<p data-path-to-node=\"9,0,0\"><b>Texture ultra soffice:<\/b> Realizzato in un soffice tubo di pelliccia sintetica che offre un&#039;esperienza tattile unica e lussuosa.<\/p>\n<\/li>\n<li>\n<p data-path-to-node=\"9,1,0\"><b>Marchio con etichetta tessuta:<\/b> Poich\u00e9 la pelliccia non pu\u00f2 essere stampata direttamente, il logo viene cucito su un&#039;etichetta tessuta di alta qualit\u00e0 o su una toppa applicata al cinturino.<\/p>\n<\/li>\n<li>\n<p data-path-to-node=\"9,2,0\"><b>All&#039;avanguardia della moda:<\/b> Una scelta popolare per i marchi di streetwear, le localit\u00e0 sciistiche e gli influencer in cerca di prodotti di spicco.<\/p>\n<\/li>\n<li>\n<p data-path-to-node=\"9,3,0\"><b>Colori vivaci:<\/b> Disponibile nei classici colori bianco\/nero o con tinte personalizzate (ad esempio, &quot;Monster&quot; blu\/viola) per abbinarsi a temi specifici.<\/p>\n<\/li>\n<\/ul>","protected":false},"featured_media":5845,"comment_status":"closed","ping_status":"closed","template":"","meta":[],"product_brand":[],"product_cat":[104,108,121],"product_tag":[],"class_list":{"0":"post-5760","1":"product","2":"type-product","3":"status-publish","4":"has-post-thumbnail","6":"product_cat-custom-printed-lanyards","7":"product_cat-multifunctional-lanyards","8":"product_cat-promotional-merchandise","10":"first","11":"instock","12":"shipping-taxable","13":"product-type-simple"},"_links":{"self":[{"href":"https:\/\/displayproducts.eu\/it\/wp-json\/wp\/v2\/product\/5760","targetHints":{"allow":["GET"]}}],"collection":[{"href":"https:\/\/displayproducts.eu\/it\/wp-json\/wp\/v2\/product"}],"about":[{"href":"https:\/\/displayproducts.eu\/it\/wp-json\/wp\/v2\/types\/product"}],"replies":[{"embeddable":true,"href":"https:\/\/displayproducts.eu\/it\/wp-json\/wp\/v2\/comments?post=5760"}],"wp:featuredmedia":[{"embeddable":true,"href":"https:\/\/displayproducts.eu\/it\/wp-json\/wp\/v2\/media\/5845"}],"wp:attachment":[{"href":"https:\/\/displayproducts.eu\/it\/wp-json\/wp\/v2\/media?parent=5760"}],"wp:term":[{"taxonomy":"product_brand","embeddable":true,"href":"https:\/\/displayproducts.eu\/it\/wp-json\/wp\/v2\/product_brand?post=5760"},{"taxonomy":"product_cat","embeddable":true,"href":"https:\/\/displayproducts.eu\/it\/wp-json\/wp\/v2\/product_cat?post=5760"},{"taxonomy":"product_tag","embeddable":true,"href":"https:\/\/displayproducts.eu\/it\/wp-json\/wp\/v2\/product_tag?post=5760"}],"curies":[{"name":"wp","href":"https:\/\/api.w.org\/{rel}","templated":true}]}}