{"id":5694,"date":"2025-12-10T13:02:37","date_gmt":"2025-12-10T10:02:37","guid":{"rendered":"https:\/\/wristbandfactory.eu\/?post_type=product&#038;p=5694"},"modified":"2026-04-01T21:52:35","modified_gmt":"2026-04-01T18:52:35","slug":"custom-tubular-lanyards-soft-shoelace-style","status":"publish","type":"product","link":"https:\/\/displayproducts.eu\/it\/p\/custom-tubular-lanyards-soft-shoelace-style\/","title":{"rendered":"Lanyard tubolari \u2013 Stile laccio morbido"},"content":{"rendered":"<p data-path-to-node=\"12\">Ottieni il miglior equilibrio tra comfort e valore con il nostro <b>Lanyard tubolari personalizzati<\/b>. Spesso chiamati &quot;lacci per scarpe&quot;, sono realizzati in poliestere cucito a tubo, creando un doppio strato di tessuto cavo all&#039;interno.<\/p>\n<p data-path-to-node=\"13\"><b>Perch\u00e9 scegliere Tubular?<\/b><\/p>\n<ol start=\"1\" data-path-to-node=\"14\">\n<li>\n<p data-path-to-node=\"14,0,0\"><b>Comfort:<\/b> Poich\u00e9 non hanno bordi cuciti, questi sono i cordini pi\u00f9 morbidi disponibili, il che li rende perfetti per i volontari o il personale che li indossa per pi\u00f9 di 8 ore.<\/p>\n<\/li>\n<li>\n<p data-path-to-node=\"14,1,0\"><b>Prezzo:<\/b> Si tratta della nostra soluzione di cordino personalizzato pi\u00f9 economica, che lo rende lo standard del settore per grandi fiere, festival e scuole.<\/p>\n<\/li>\n<\/ol>\n<p data-path-to-node=\"15\"><b>Note di stampa<\/b> La superficie tubolare fornisce uno sfondo strutturato. Consigliamo <b>Serigrafia<\/b> per testi in grassetto e loghi semplici (1-2 colori) per garantire risultati pi\u00f9 nitidi.<\/p>\n<p data-path-to-node=\"16\"><b>Casi d&#039;uso consigliati:<\/b><\/p>\n<ul data-path-to-node=\"17\">\n<li>\n<p data-path-to-node=\"17,0,0\"><b>Scuole e universit\u00e0:<\/b> Portadocumenti resistenti ed economici per studenti.<\/p>\n<\/li>\n<li>\n<p data-path-to-node=\"17,1,0\"><b>Grandi conferenze:<\/b> Branding conveniente per migliaia di partecipanti.<\/p>\n<\/li>\n<li>\n<p data-path-to-node=\"17,2,0\"><b>Eventi sportivi:<\/b> Il look sportivo &quot;lacci delle scarpe&quot; si adatta perfettamente ai temi sportivi.<\/p>\n<\/li>\n<\/ul>\n<p data-path-to-node=\"18\"><b>Caratteristiche principali:<\/b><\/p>\n<ul data-path-to-node=\"19\">\n<li>\n<p data-path-to-node=\"19,0,0\"><b>Materiale:<\/b> Tessuto tubolare in poliestere.<\/p>\n<\/li>\n<li>\n<p data-path-to-node=\"19,1,0\"><b>Larghezza:<\/b> Standard 10 mm, 12 mm o 15 mm (le larghezze sono approssimative a causa della forma del tubo).<\/p>\n<\/li>\n<li>\n<p data-path-to-node=\"19,2,0\"><b>Stampa:<\/b> Marchio serigrafico.<\/p>\n<\/li>\n<li>\n<p data-path-to-node=\"19,3,0\"><b>Allegati:<\/b> Compatibile con tutti i ganci, le clip e i freni di sicurezza standard.<\/p>\n<\/li>\n<\/ul>","protected":false},"excerpt":{"rendered":"<ul>\n<li>\n<p data-path-to-node=\"10,0,0\"><b>Costruzione del tubo:<\/b> Intrecciato in una forma cava, simile a un laccio delle scarpe, eliminando i bordi taglienti per il massimo comfort.<\/p>\n<\/li>\n<li>\n<p data-path-to-node=\"10,1,0\"><b>Economico:<\/b> in genere la soluzione pi\u00f9 conveniente per eventi e personale su larga scala.<\/p>\n<\/li>\n<li>\n<p data-path-to-node=\"10,2,0\"><b>Stampa ad alto contrasto:<\/b> Ideale per testi e loghi serigrafati in grassetto che devono risaltare su uno sfondo colorato.<\/p>\n<\/li>\n<li>\n<p data-path-to-node=\"10,3,0\"><b>Morbido e flessibile:<\/b> Il poliestere a trama larga offre un drappeggio rilassato e informale rispetto ai cordini rigidi e piatti.<\/p>\n<\/li>\n<\/ul>","protected":false},"featured_media":5898,"comment_status":"closed","ping_status":"closed","template":"","meta":[],"product_brand":[],"product_cat":[104],"product_tag":[],"class_list":{"0":"post-5694","1":"product","2":"type-product","3":"status-publish","4":"has-post-thumbnail","6":"product_cat-custom-printed-lanyards","8":"first","9":"instock","10":"shipping-taxable","11":"product-type-simple"},"_links":{"self":[{"href":"https:\/\/displayproducts.eu\/it\/wp-json\/wp\/v2\/product\/5694","targetHints":{"allow":["GET"]}}],"collection":[{"href":"https:\/\/displayproducts.eu\/it\/wp-json\/wp\/v2\/product"}],"about":[{"href":"https:\/\/displayproducts.eu\/it\/wp-json\/wp\/v2\/types\/product"}],"replies":[{"embeddable":true,"href":"https:\/\/displayproducts.eu\/it\/wp-json\/wp\/v2\/comments?post=5694"}],"wp:featuredmedia":[{"embeddable":true,"href":"https:\/\/displayproducts.eu\/it\/wp-json\/wp\/v2\/media\/5898"}],"wp:attachment":[{"href":"https:\/\/displayproducts.eu\/it\/wp-json\/wp\/v2\/media?parent=5694"}],"wp:term":[{"taxonomy":"product_brand","embeddable":true,"href":"https:\/\/displayproducts.eu\/it\/wp-json\/wp\/v2\/product_brand?post=5694"},{"taxonomy":"product_cat","embeddable":true,"href":"https:\/\/displayproducts.eu\/it\/wp-json\/wp\/v2\/product_cat?post=5694"},{"taxonomy":"product_tag","embeddable":true,"href":"https:\/\/displayproducts.eu\/it\/wp-json\/wp\/v2\/product_tag?post=5694"}],"curies":[{"name":"wp","href":"https:\/\/api.w.org\/{rel}","templated":true}]}}