{"id":5689,"date":"2025-12-10T12:53:36","date_gmt":"2025-12-10T09:53:36","guid":{"rendered":"https:\/\/wristbandfactory.eu\/?post_type=product&#038;p=5689"},"modified":"2026-04-01T21:52:35","modified_gmt":"2026-04-01T18:52:35","slug":"custom-jacquard-woven-lanyards-embroidered-logo","status":"publish","type":"product","link":"https:\/\/displayproducts.eu\/it\/p\/custom-jacquard-woven-lanyards-embroidered-logo\/","title":{"rendered":"Lanyards personalizzati in tessuto jacquard \u2013 Logo ricamato"},"content":{"rendered":"<p data-path-to-node=\"11\">Aggiorna la tua identit\u00e0 aziendale con il nostro <b>Lanyards personalizzati in tessuto jacquard<\/b>. Mentre i cordini stampati sono ideali per eventi di breve durata, i cordini intrecciati sono realizzati per durare anni, il che li rende la scelta migliore per i badge identificativi dei dipendenti e i pass di sicurezza.<\/p>\n<p data-path-to-node=\"12\"><b>La differenza Jacquard<\/b> Utilizzando un processo di tessitura tradizionale, tessiamo il tuo logo direttamente sul tessuto utilizzando fili tinti. Questo crea un design che \u00e8 parte integrante del materiale stesso. Come si vede nell&#039;esempio &quot;Crete Carrier&quot;, il risultato \u00e8 una finitura professionale in cui il logo \u00e8 visibile su entrambi i lati (con i colori invertiti sul retro).<\/p>\n<p data-path-to-node=\"13\"><b>Perch\u00e9 scegliere Woven?<\/b><\/p>\n<ul data-path-to-node=\"14\">\n<li>\n<p data-path-to-node=\"14,0,0\"><b>Durata:<\/b> Il design \u00e8 permanente e resiste ai lavaggi e agli sfregamenti.<\/p>\n<\/li>\n<li>\n<p data-path-to-node=\"14,1,0\"><b>Prestigio:<\/b> L&#039;aspetto strutturato e ricamato trasmette un valore percepito pi\u00f9 elevato rispetto alla stampa piatta.<\/p>\n<\/li>\n<\/ul>\n<p data-path-to-node=\"15\"><b>Casi d&#039;uso consigliati:<\/b><\/p>\n<ul data-path-to-node=\"16\">\n<li>\n<p data-path-to-node=\"16,0,0\"><b>ID personale:<\/b> Da indossare quotidianamente in uffici e ospedali.<\/p>\n<\/li>\n<li>\n<p data-path-to-node=\"16,1,0\"><b>Universit\u00e0:<\/b> Tessere studentesche resistenti che durano un intero anno accademico.<\/p>\n<\/li>\n<li>\n<p data-path-to-node=\"16,2,0\"><b>Merchandising Premium:<\/b> Attrezzatura di alta qualit\u00e0 per i tifosi (ad esempio, Yas Marina Circuit).<\/p>\n<\/li>\n<\/ul>\n<p data-path-to-node=\"17\"><b>Caratteristiche principali:<\/b><\/p>\n<ul data-path-to-node=\"18\">\n<li>\n<p data-path-to-node=\"18,0,0\"><b>Materiale:<\/b> Tessuto in poliestere ad alta resistenza.<\/p>\n<\/li>\n<li>\n<p data-path-to-node=\"18,1,0\"><b>Stile di tessitura:<\/b> Jacquard (per una maggiore chiarezza si consigliano al massimo 2-3 colori).<\/p>\n<\/li>\n<li>\n<p data-path-to-node=\"18,2,0\"><b>Allegati:<\/b> Ganci girevoli in metallo, anelli divisi o fibbie in plastica.<\/p>\n<\/li>\n<li>\n<p data-path-to-node=\"18,3,0\"><b>Larghezza:<\/b> Standard da 15 mm, 20 mm o 25 mm.<\/p>\n<\/li>\n<\/ul>","protected":false},"excerpt":{"rendered":"<ul>\n<li>\n<p data-path-to-node=\"9,0,0\"><b>Marchio tessuto:<\/b> Il logo \u00e8 cucito nella struttura della fettuccia, non stampato sulla parte superiore, per evitare che si stacchi o sbiadisca.<\/p>\n<\/li>\n<li>\n<p data-path-to-node=\"9,1,0\"><b>Texture Premium:<\/b> Offre una sensazione di alta qualit\u00e0 e un ricamo pi\u00f9 spesso e robusto rispetto ai normali cordini in poliestere.<\/p>\n<\/li>\n<li>\n<p data-path-to-node=\"9,2,0\"><b>Retro:<\/b> Il disegno appare in colori invertiti sul retro, a conferma dell&#039;autentica struttura intrecciata.<\/p>\n<\/li>\n<li>\n<p data-path-to-node=\"9,3,0\"><b>Per impieghi gravosi:<\/b> Ideale per l&#039;uso a lungo termine da parte del personale, del personale di sicurezza o degli studenti universitari.<\/p>\n<\/li>\n<\/ul>","protected":false},"featured_media":5903,"comment_status":"closed","ping_status":"closed","template":"","meta":[],"product_brand":[],"product_cat":[104],"product_tag":[],"class_list":{"0":"post-5689","1":"product","2":"type-product","3":"status-publish","4":"has-post-thumbnail","6":"product_cat-custom-printed-lanyards","8":"first","9":"instock","10":"shipping-taxable","11":"product-type-simple"},"_links":{"self":[{"href":"https:\/\/displayproducts.eu\/it\/wp-json\/wp\/v2\/product\/5689","targetHints":{"allow":["GET"]}}],"collection":[{"href":"https:\/\/displayproducts.eu\/it\/wp-json\/wp\/v2\/product"}],"about":[{"href":"https:\/\/displayproducts.eu\/it\/wp-json\/wp\/v2\/types\/product"}],"replies":[{"embeddable":true,"href":"https:\/\/displayproducts.eu\/it\/wp-json\/wp\/v2\/comments?post=5689"}],"wp:featuredmedia":[{"embeddable":true,"href":"https:\/\/displayproducts.eu\/it\/wp-json\/wp\/v2\/media\/5903"}],"wp:attachment":[{"href":"https:\/\/displayproducts.eu\/it\/wp-json\/wp\/v2\/media?parent=5689"}],"wp:term":[{"taxonomy":"product_brand","embeddable":true,"href":"https:\/\/displayproducts.eu\/it\/wp-json\/wp\/v2\/product_brand?post=5689"},{"taxonomy":"product_cat","embeddable":true,"href":"https:\/\/displayproducts.eu\/it\/wp-json\/wp\/v2\/product_cat?post=5689"},{"taxonomy":"product_tag","embeddable":true,"href":"https:\/\/displayproducts.eu\/it\/wp-json\/wp\/v2\/product_tag?post=5689"}],"curies":[{"name":"wp","href":"https:\/\/api.w.org\/{rel}","templated":true}]}}