{"id":5626,"date":"2025-12-10T11:40:47","date_gmt":"2025-12-10T08:40:47","guid":{"rendered":"https:\/\/wristbandfactory.eu\/?post_type=product&#038;p=5626"},"modified":"2026-04-01T21:52:03","modified_gmt":"2026-04-01T18:52:03","slug":"custom-lanyards-with-water-bottle-holder-hands-free-clip","status":"publish","type":"product","link":"https:\/\/displayproducts.eu\/it\/p\/custom-lanyards-with-water-bottle-holder-hands-free-clip\/","title":{"rendered":"Lanyard con porta bottiglia \u2013 Clip per bottiglie PET"},"content":{"rendered":"<p data-path-to-node=\"12\">Risolvi il problema dell&#039;idratazione al tuo prossimo evento all&#039;aperto con il nostro <b>Lanyard personalizzati con clip porta borraccia<\/b>. Progettato per gli ambienti attivi, questo cordino funzionale trasforma una normale bottiglia d&#039;acqua in un accessorio indossabile.<\/p>\n<p data-path-to-node=\"13\">A differenza dei portabicchieri in silicone, questo modello \u00e8 dotato di un <b>staffa in plastica dura resistente<\/b> che si aggancia saldamente al collo delle bottiglie in PET standard (acqua, bibite, succhi). Questo garantisce che la bottiglia rimanga attaccata anche durante il movimento, rendendola il gadget perfetto per festival musicali, maratone, passeggiate di beneficenza e campi estivi per bambini.<\/p>\n<p data-path-to-node=\"14\"><b>Perch\u00e9 scegliere la clip portabottiglie?<\/b> Si tratta di un articolo promozionale di grande utilit\u00e0. Poich\u00e9 il destinatario lo utilizza immediatamente per trasportare la bevanda, il tuo marchio ottiene una visibilit\u00e0 costante a livello visivo. Il vantaggio di &quot;avere le mani libere&quot; \u00e8 un importante punto di forza per i visitatori che hanno bisogno di usare le mani per telefonare, mangiare o fare attivit\u00e0.<\/p>\n<p data-path-to-node=\"15\"><b>Casi d&#039;uso consigliati:<\/b><\/p>\n<ul data-path-to-node=\"16\">\n<li>\n<p data-path-to-node=\"16,0,0\"><b>Festival musicali:<\/b> Evita di perdere le bottiglie e mantiene l&#039;idratazione accessibile.<\/p>\n<\/li>\n<li>\n<p data-path-to-node=\"16,1,0\"><b>Sport e maratone:<\/b> Omaggi pratici per partecipanti e spettatori.<\/p>\n<\/li>\n<li>\n<p data-path-to-node=\"16,2,0\"><b>Picnic aziendali:<\/b> Un regalo personalizzato che i dipendenti utilizzeranno davvero.<\/p>\n<\/li>\n<\/ul>\n<p data-path-to-node=\"17\"><b>Caratteristiche principali:<\/b><\/p>\n<ul data-path-to-node=\"18\">\n<li>\n<p data-path-to-node=\"18,0,0\"><b>Materiale:<\/b> Cinturino in poliestere con clip per bottiglia in plastica ABS.<\/p>\n<\/li>\n<li>\n<p data-path-to-node=\"18,1,0\"><b>Compatibilit\u00e0:<\/b> Adatto ai colli delle bottiglie PET commerciali standard.<\/p>\n<\/li>\n<li>\n<p data-path-to-node=\"18,2,0\"><b>Stampa:<\/b> Trasferimento termico ad alta definizione per loghi e motivi.<\/p>\n<\/li>\n<li>\n<p data-path-to-node=\"18,3,0\"><b>Fibbia:<\/b> Fibbia in plastica staccabile inclusa per maggiore praticit\u00e0.<\/p>\n<\/li>\n<\/ul>","protected":false},"excerpt":{"rendered":"<ul>\n<li>\n<p data-path-to-node=\"10,0,0\"><b>Vestibilit\u00e0 universale:<\/b> La clip rigida in plastica si aggancia saldamente al collo delle comuni bottiglie d&#039;acqua monouso in PET.<\/p>\n<\/li>\n<li>\n<p data-path-to-node=\"10,1,0\"><b>Comodit\u00e0 a mani libere:<\/b> Permette ai partecipanti di trasportare facilmente le bevande durante gli eventi all&#039;aperto, senza doverle tenere in mano.<\/p>\n<\/li>\n<li>\n<p data-path-to-node=\"10,2,0\"><b>Personalizzazione completa:<\/b> Cinturino in poliestere resistente disponibile con stampa a sublimazione a colori per design complessi.<\/p>\n<\/li>\n<li>\n<p data-path-to-node=\"10,3,0\"><b>Allegato sicuro:<\/b> Include una fibbia in plastica resistente per staccare facilmente la bottiglia quando si beve.<\/p>\n<\/li>\n<\/ul>","protected":false},"featured_media":5628,"comment_status":"closed","ping_status":"closed","template":"","meta":[],"product_brand":[],"product_cat":[108,119],"product_tag":[],"class_list":{"0":"post-5626","1":"product","2":"type-product","3":"status-publish","4":"has-post-thumbnail","6":"product_cat-multifunctional-lanyards","7":"product_cat-drinkware-accessories","9":"first","10":"instock","11":"shipping-taxable","12":"product-type-simple"},"_links":{"self":[{"href":"https:\/\/displayproducts.eu\/it\/wp-json\/wp\/v2\/product\/5626","targetHints":{"allow":["GET"]}}],"collection":[{"href":"https:\/\/displayproducts.eu\/it\/wp-json\/wp\/v2\/product"}],"about":[{"href":"https:\/\/displayproducts.eu\/it\/wp-json\/wp\/v2\/types\/product"}],"replies":[{"embeddable":true,"href":"https:\/\/displayproducts.eu\/it\/wp-json\/wp\/v2\/comments?post=5626"}],"wp:featuredmedia":[{"embeddable":true,"href":"https:\/\/displayproducts.eu\/it\/wp-json\/wp\/v2\/media\/5628"}],"wp:attachment":[{"href":"https:\/\/displayproducts.eu\/it\/wp-json\/wp\/v2\/media?parent=5626"}],"wp:term":[{"taxonomy":"product_brand","embeddable":true,"href":"https:\/\/displayproducts.eu\/it\/wp-json\/wp\/v2\/product_brand?post=5626"},{"taxonomy":"product_cat","embeddable":true,"href":"https:\/\/displayproducts.eu\/it\/wp-json\/wp\/v2\/product_cat?post=5626"},{"taxonomy":"product_tag","embeddable":true,"href":"https:\/\/displayproducts.eu\/it\/wp-json\/wp\/v2\/product_tag?post=5626"}],"curies":[{"name":"wp","href":"https:\/\/api.w.org\/{rel}","templated":true}]}}