{"id":5620,"date":"2025-12-10T11:21:46","date_gmt":"2025-12-10T08:21:46","guid":{"rendered":"https:\/\/wristbandfactory.eu\/?post_type=product&#038;p=5620"},"modified":"2026-04-01T21:52:35","modified_gmt":"2026-04-01T18:52:35","slug":"custom-lanyards-with-integrated-retractable-badge-reel-yo-yo","status":"publish","type":"product","link":"https:\/\/displayproducts.eu\/it\/p\/custom-lanyards-with-integrated-retractable-badge-reel-yo-yo\/","title":{"rendered":"Lanyard con porta badge avvolgibile integrato (Yo-Yo)"},"content":{"rendered":"<p data-path-to-node=\"11\">Massimizza l&#039;efficienza e la sicurezza sul tuo posto di lavoro con il nostro <b>Lanyard personalizzati con porta badge retrattile integrato<\/b>. A differenza delle soluzioni standard in cui un comune porta badge avvolgibile viene senza stampamente agganciato a un cordino, questo modello premium \u00e8 dotato di un alloggiamento sagomato specializzato che collega il cinturino e il porta badge avvolgibile in un&#039;unica unit\u00e0 senza soluzione di continuit\u00e0.<\/p>\n<p data-path-to-node=\"12\"><b>Perch\u00e9 scegliere il modello integrato?<\/b> Questo design offre una stabilit\u00e0 superiore. I porta badge a clip standard spesso si capovolgono o si staccano; l&#039;alloggiamento integrato rimane fisso, garantendo che il badge identificativo sia sempre rivolto in avanti per i controlli di sicurezza. Rispetto alle soluzioni improvvisate, crea un&#039;estetica aziendale molto pi\u00f9 pulita e di alta qualit\u00e0.<\/p>\n<p data-path-to-node=\"13\"><b>Perfetto per il controllo degli accessi<\/b> Il robusto cordino retrattile consente al personale di estendere il proprio badge identificativo all&#039;altezza del lettore senza dover rimuovere il cordino. \u00c8 la scelta ideale per:<\/p>\n<ul data-path-to-node=\"14\">\n<li>\n<p data-path-to-node=\"14,0,0\"><b>Uffici aziendali:<\/b> Dipendenti che utilizzano tessere di prossimit\u00e0 per l&#039;accesso alle porte.<\/p>\n<\/li>\n<li>\n<p data-path-to-node=\"14,1,0\"><b>Ospedali e laboratori:<\/b> Il personale medico necessita di un display identificativo a mani libere.<\/p>\n<\/li>\n<li>\n<p data-path-to-node=\"14,2,0\"><b>Conferenze tecnologiche:<\/b> Pass VIP che richiedono frequenti controlli ai posti di blocco.<\/p>\n<\/li>\n<\/ul>\n<p data-path-to-node=\"15\"><b>Caratteristiche principali:<\/b><\/p>\n<ul data-path-to-node=\"16\">\n<li>\n<p data-path-to-node=\"16,0,0\"><b>Materiale:<\/b> Cinturino in poliestere resistente con alloggiamento per bobina in plastica ABS.<\/p>\n<\/li>\n<li>\n<p data-path-to-node=\"16,1,0\"><b>Cavo retrattile:<\/b> Estensione di circa 60 cm.<\/p>\n<\/li>\n<li>\n<p data-path-to-node=\"16,2,0\"><b>Personalizzazione:<\/b> Serigrafia o stampa 3D sul cinturino; resina epossidica o stampa sulla bobina.<\/p>\n<\/li>\n<li>\n<p data-path-to-node=\"16,3,0\"><b>La sicurezza prima di tutto:<\/b> Disponibile con fibbia di sicurezza a strappo sul collo.<\/p>\n<\/li>\n<\/ul>","protected":false},"excerpt":{"rendered":"<ul>\n<li>\n<p data-path-to-node=\"9,0,0\"><b>Meccanismo incorporato:<\/b> Il mulinello retrattile (Yo-Yo) \u00e8 stampato direttamente nell&#039;involucro del cordino, creando un&#039;unit\u00e0 stabile e senza soluzione di continuit\u00e0.<\/p>\n<\/li>\n<li>\n<p data-path-to-node=\"9,1,0\"><b>Pronto per lo scorrimento:<\/b> Il cavo in nylon ad alta resistenza si estende fino a 60 cm per la scansione rapida delle tessere di accesso RFID\/NFC.<\/p>\n<\/li>\n<li>\n<p data-path-to-node=\"9,2,0\"><b>Area di doppio marchio:<\/b> Personalizza sia il cinturino in poliestere che il pulsante centrale del mulinello con il tuo logo.<\/p>\n<\/li>\n<li>\n<p data-path-to-node=\"9,3,0\"><b>Design anti-torsione:<\/b> A differenza dei porta badge a clip, l&#039;alloggiamento integrato mantiene il badge identificativo rivolto in avanti.<\/p>\n<\/li>\n<\/ul>","protected":false},"featured_media":5621,"comment_status":"closed","ping_status":"closed","template":"","meta":[],"product_brand":[],"product_cat":[104,108,105],"product_tag":[],"class_list":{"0":"post-5620","1":"product","2":"type-product","3":"status-publish","4":"has-post-thumbnail","6":"product_cat-custom-printed-lanyards","7":"product_cat-multifunctional-lanyards","8":"product_cat-badge-holder-lanyards","10":"first","11":"instock","12":"shipping-taxable","13":"product-type-simple"},"_links":{"self":[{"href":"https:\/\/displayproducts.eu\/it\/wp-json\/wp\/v2\/product\/5620","targetHints":{"allow":["GET"]}}],"collection":[{"href":"https:\/\/displayproducts.eu\/it\/wp-json\/wp\/v2\/product"}],"about":[{"href":"https:\/\/displayproducts.eu\/it\/wp-json\/wp\/v2\/types\/product"}],"replies":[{"embeddable":true,"href":"https:\/\/displayproducts.eu\/it\/wp-json\/wp\/v2\/comments?post=5620"}],"wp:featuredmedia":[{"embeddable":true,"href":"https:\/\/displayproducts.eu\/it\/wp-json\/wp\/v2\/media\/5621"}],"wp:attachment":[{"href":"https:\/\/displayproducts.eu\/it\/wp-json\/wp\/v2\/media?parent=5620"}],"wp:term":[{"taxonomy":"product_brand","embeddable":true,"href":"https:\/\/displayproducts.eu\/it\/wp-json\/wp\/v2\/product_brand?post=5620"},{"taxonomy":"product_cat","embeddable":true,"href":"https:\/\/displayproducts.eu\/it\/wp-json\/wp\/v2\/product_cat?post=5620"},{"taxonomy":"product_tag","embeddable":true,"href":"https:\/\/displayproducts.eu\/it\/wp-json\/wp\/v2\/product_tag?post=5620"}],"curies":[{"name":"wp","href":"https:\/\/api.w.org\/{rel}","templated":true}]}}