{"id":5613,"date":"2025-12-10T11:15:00","date_gmt":"2025-12-10T08:15:00","guid":{"rendered":"https:\/\/wristbandfactory.eu\/?post_type=product&#038;p=5613"},"modified":"2026-04-01T21:52:35","modified_gmt":"2026-04-01T18:52:35","slug":"high-density-3d-screen-print-lanyards-tactile-braille-ready","status":"publish","type":"product","link":"https:\/\/displayproducts.eu\/it\/p\/high-density-3d-screen-print-lanyards-tactile-braille-ready\/","title":{"rendered":"Lanyard con stampa 3D in rilievo \u2013 Adatti per Braille"},"content":{"rendered":"<p data-path-to-node=\"11\">Aumenta l&#039;impatto e l&#039;inclusivit\u00e0 del tuo marchio con il nostro <b>Lanyards stampati in 3D ad alta densit\u00e0<\/b>. A differenza della stampa piatta standard, questa tecnica avanzata di &quot;stampa a soffietto&quot; crea una consistenza spessa, simile alla gomma, che si erge notevolmente sopra la superficie del tessuto, rendendo il tuo logo e il tuo messaggio fisicamente tangibili.<\/p>\n<p data-path-to-node=\"12\"><b>La scelta per ambienti inclusivi e critici per la sicurezza<\/b> Questa tecnologia \u00e8 particolarmente adatta per <b>applicazioni di accessibilit\u00e0<\/b>. Come si vede nelle campagne di sicurezza (ad esempio, &quot;Operazione Lifesaver&quot;), il profilo preciso e rialzato consente l&#039;inclusione di <b>caratteri Braille tattili<\/b> insieme al testo standard. Questo rende questi cordini la scelta perfetta per:<\/p>\n<ul data-path-to-node=\"13\">\n<li>\n<p data-path-to-node=\"13,0,0\"><b>Eventi e conferenze inclusivi:<\/b> Adatto anche ai partecipanti ipovedenti.<\/p>\n<\/li>\n<li>\n<p data-path-to-node=\"13,1,0\"><b>Trasporto pubblico e sicurezza:<\/b> Avvisi altamente tattili per il personale (ad esempio, &quot;Treno in avvicinamento&quot;, &quot;Attenzione allo spazio&quot;).<\/p>\n<\/li>\n<li>\n<p data-path-to-node=\"13,2,0\"><b>Sanit\u00e0 e Governo:<\/b> Rispetto degli standard di CSR (Responsabilit\u00e0 Sociale d&#039;Impresa) e di accessibilit\u00e0.<\/p>\n<\/li>\n<\/ul>\n<p data-path-to-node=\"14\"><b>Texture e durata premium<\/b> L&#039;inchiostro in rilievo \u00e8 durevole, flessibile e resistente alle crepe. Crea un &quot;effetto 3D&quot; di alta qualit\u00e0 che valorizza anche i loghi pi\u00f9 semplici. I cordini sono realizzati in poliestere ad alta resistenza, disponibili con trama tubolare o piatta, e possono essere dotati di ganci di sicurezza e fibbie staccabili per una maggiore funzionalit\u00e0.<\/p>\n<p data-path-to-node=\"15\"><b>Caratteristiche principali:<\/b><\/p>\n<ul data-path-to-node=\"16\">\n<li>\n<p data-path-to-node=\"16,0,0\"><b>Stampa a sbuffo ad alta densit\u00e0:<\/b> Strati di inchiostro extra spessi per una particolare sensazione 3D.<\/p>\n<\/li>\n<li>\n<p data-path-to-node=\"16,1,0\"><b>Compatibile con Braille:<\/b> Sono soddisfatti i requisiti specifici di altezza per la lettura tattile.<\/p>\n<\/li>\n<li>\n<p data-path-to-node=\"16,2,0\"><b>Materiale resistente:<\/b> Poliestere robusto, progettato per durare a lungo.<\/p>\n<\/li>\n<li>\n<p data-path-to-node=\"16,3,0\"><b>Allegati personalizzati:<\/b> Compatibile con ganci metallici, fibbie in plastica e freni di sicurezza.<\/p>\n<\/li>\n<\/ul>","protected":false},"excerpt":{"rendered":"<ul>\n<li>\n<p data-path-to-node=\"9,0,0\"><b>Branding tattile:<\/b> La tecnologia avanzata di stampa serigrafica &quot;puff&quot; crea una texture 3D spessa e in rilievo che puoi toccare.<\/p>\n<\/li>\n<li>\n<p data-path-to-node=\"9,1,0\"><b>Accessibilit\u00e0 pronta:<\/b> L&#039;alto profilo della stampa consente la lettura dei caratteri Braille, rendendo gli eventi accessibili anche alle persone ipovedenti.<\/p>\n<\/li>\n<li>\n<p data-path-to-node=\"9,2,0\"><b>Alta visibilit\u00e0:<\/b> L&#039;inchiostro in rilievo \u00e8 posizionato sulla parte superiore del tessuto per garantire il massimo contrasto e la massima leggibilit\u00e0, ideale per messaggi di sicurezza come &quot;TENERE LONTANO DALLE TRACCE&quot;.<\/p>\n<\/li>\n<li>\n<p data-path-to-node=\"9,3,0\"><b>Durevole e sicuro:<\/b> Disponibile con fibbie di sicurezza e clip staccabili per un uso quotidiano intensivo.<\/p>\n<\/li>\n<\/ul>","protected":false},"featured_media":5617,"comment_status":"closed","ping_status":"closed","template":"","meta":[],"product_brand":[],"product_cat":[104],"product_tag":[],"class_list":{"0":"post-5613","1":"product","2":"type-product","3":"status-publish","4":"has-post-thumbnail","6":"product_cat-custom-printed-lanyards","8":"first","9":"instock","10":"shipping-taxable","11":"product-type-simple"},"_links":{"self":[{"href":"https:\/\/displayproducts.eu\/it\/wp-json\/wp\/v2\/product\/5613","targetHints":{"allow":["GET"]}}],"collection":[{"href":"https:\/\/displayproducts.eu\/it\/wp-json\/wp\/v2\/product"}],"about":[{"href":"https:\/\/displayproducts.eu\/it\/wp-json\/wp\/v2\/types\/product"}],"replies":[{"embeddable":true,"href":"https:\/\/displayproducts.eu\/it\/wp-json\/wp\/v2\/comments?post=5613"}],"wp:featuredmedia":[{"embeddable":true,"href":"https:\/\/displayproducts.eu\/it\/wp-json\/wp\/v2\/media\/5617"}],"wp:attachment":[{"href":"https:\/\/displayproducts.eu\/it\/wp-json\/wp\/v2\/media?parent=5613"}],"wp:term":[{"taxonomy":"product_brand","embeddable":true,"href":"https:\/\/displayproducts.eu\/it\/wp-json\/wp\/v2\/product_brand?post=5613"},{"taxonomy":"product_cat","embeddable":true,"href":"https:\/\/displayproducts.eu\/it\/wp-json\/wp\/v2\/product_cat?post=5613"},{"taxonomy":"product_tag","embeddable":true,"href":"https:\/\/displayproducts.eu\/it\/wp-json\/wp\/v2\/product_tag?post=5613"}],"curies":[{"name":"wp","href":"https:\/\/api.w.org\/{rel}","templated":true}]}}