{"id":5559,"date":"2025-11-17T00:22:15","date_gmt":"2025-11-16T21:22:15","guid":{"rendered":"https:\/\/wristbandfactory.eu\/?post_type=product&#038;p=5559"},"modified":"2026-04-01T21:52:35","modified_gmt":"2026-04-01T18:52:35","slug":"rechargeable-dmx-led-wristbands-type-c","status":"publish","type":"product","link":"https:\/\/displayproducts.eu\/it\/p\/rechargeable-dmx-led-wristbands-type-c\/","title":{"rendered":"Braccialetti LED ricaricabili"},"content":{"rendered":"<p data-path-to-node=\"10\">Trasforma il tuo evento in una produzione di luci di livello mondiale con il nostro braccialetto LED pi\u00f9 avanzato. Il modello DMX ricaricabile \u00e8 progettato specificamente per tour di alto livello, eventi aziendali su larga scala e qualsiasi cliente B2B che richieda un controllo granulare assoluto. Oltre alle batterie usa e getta, questo modello \u00e8 dotato di un sistema di ricarica Type-C sostenibile, che lo rende la soluzione pi\u00f9 conveniente ed ecologica per conferenze di pi\u00f9 giorni. Con una palette di 256 colori disponibili e la completa integrazione con il software DMX, \u00e8 la scelta migliore per i produttori di eventi professionisti a livello globale.<\/p>\n<h2 data-path-to-node=\"11\">Caratteristiche principali<\/h2>\n<ul data-path-to-node=\"12\">\n<li>\n<p data-path-to-node=\"12,0,0\"><b data-path-to-node=\"12,0,0\" data-index-in-node=\"0\">Ricaricabile tramite USB di tipo C:<\/b> Moderno sistema di alimentazione che supporta pi\u00f9 giorni di utilizzo intensivo senza dover sostituire le batterie.<\/p>\n<\/li>\n<li>\n<p data-path-to-node=\"12,1,0\"><b data-path-to-node=\"12,1,0\" data-index-in-node=\"0\">Controllo completo DMX e software:<\/b> Consente sequenze di illuminazione professionali e complesse gestite tramite console di illuminazione centrali o software specializzati.<\/p>\n<\/li>\n<li>\n<p data-path-to-node=\"12,2,0\"><b data-path-to-node=\"12,2,0\" data-index-in-node=\"0\">Spettro RGB a 256 colori:<\/b> Offre una gamma di colori completa che va ben oltre i modelli standard a 15 colori, consentendo un abbinamento preciso del marchio e transizioni artistiche.<\/p>\n<\/li>\n<li>\n<p data-path-to-node=\"12,3,0\"><b data-path-to-node=\"12,3,0\" data-index-in-node=\"0\">Garanzia professionale di 2 anni:<\/b> Una garanzia di qualit\u00e0 B2B dedicata, che assicura la protezione del tuo investimento per un utilizzo a lungo termine.<\/p>\n<\/li>\n<li>\n<p data-path-to-node=\"12,4,0\"><b data-path-to-node=\"12,4,0\" data-index-in-node=\"0\">Sicurezza certificata:<\/b> Soddisfa tutti gli standard europei CE e RoHS per i materiali e la sicurezza in ambienti professionali.<\/p>\n<\/li>\n<\/ul>\n<h2 data-path-to-node=\"13\">Specifiche<\/h2>\n<ul data-path-to-node=\"14\">\n<li>\n<p data-path-to-node=\"14,0,0\"><b data-path-to-node=\"14,0,0\" data-index-in-node=\"0\">Materiale:<\/b> Alloggiamento in ABS ad alto impatto e cinturino in PVC resistente<\/p>\n<\/li>\n<li>\n<p data-path-to-node=\"14,1,0\"><b data-path-to-node=\"14,1,0\" data-index-in-node=\"0\">Dimensioni dell&#039;unit\u00e0:<\/b> 6,77 x 8,5 x 3,3 cm<\/p>\n<\/li>\n<li>\n<p data-path-to-node=\"14,2,0\"><b data-path-to-node=\"14,2,0\" data-index-in-node=\"0\">Area di stampa del logo:<\/b> 2 x 4 centimetri<\/p>\n<\/li>\n<li>\n<p data-path-to-node=\"14,3,0\"><b data-path-to-node=\"14,3,0\" data-index-in-node=\"0\">Comunicazione:<\/b> RF 433MHz \/ DMX512 \/ Controllo software \/ Pulsante manuale<\/p>\n<\/li>\n<li>\n<p data-path-to-node=\"14,4,0\"><b data-path-to-node=\"14,4,0\" data-index-in-node=\"0\">Energia:<\/b> Ricaricabile tramite USB (Tipo-C 5V-1A)<\/p>\n<\/li>\n<li>\n<p data-path-to-node=\"14,5,0\"><b data-path-to-node=\"14,5,0\" data-index-in-node=\"0\">Garanzia:<\/b> 2 anni<\/p>\n<\/li>\n<li>\n<p data-path-to-node=\"14,6,0\"><b data-path-to-node=\"14,6,0\" data-index-in-node=\"0\">Certificati:<\/b> CE, RoHS<\/p>\n<\/li>\n<li>\n<p data-path-to-node=\"14,7,0\"><b data-path-to-node=\"14,7,0\" data-index-in-node=\"0\">Colori LED:<\/b> tavolozza RGB a 256 colori<\/p>\n<\/li>\n<\/ul>\n<h2 data-path-to-node=\"15\">Casi d&#039;uso<\/h2>\n<ul data-path-to-node=\"16\">\n<li>\n<p data-path-to-node=\"16,0,0\"><b data-path-to-node=\"16,0,0\" data-index-in-node=\"0\">Festival musicali di pi\u00f9 giorni:<\/b> Elimina lo spreco di batterie consentendo agli organizzatori di ricaricare migliaia di unit\u00e0 durante la notte.<\/p>\n<\/li>\n<li>\n<p data-path-to-node=\"16,1,0\"><b data-path-to-node=\"16,1,0\" data-index-in-node=\"0\">Gala aziendali di alto livello:<\/b> Fornire il controllo granulare della luce necessario per abbinare palette di marchi complesse e sincronizzarsi con le presentazioni principali.<\/p>\n<\/li>\n<li>\n<p data-path-to-node=\"16,2,0\"><b data-path-to-node=\"16,2,0\" data-index-in-node=\"0\">Tour professionali degli stadi:<\/b> Abbastanza resistente e affidabile da sopportare un uso ripetuto e ricariche giornaliere per pi\u00f9 date del tour.<\/p>\n<\/li>\n<li>\n<p data-path-to-node=\"16,3,0\"><b data-path-to-node=\"16,3,0\" data-index-in-node=\"0\">Ospitalit\u00e0 VIP:<\/b> Un souvenir high-tech di alta qualit\u00e0 che riflette l&#039;impegno verso l&#039;innovazione e la sostenibilit\u00e0.<\/p>\n<\/li>\n<\/ul>\n<p data-path-to-node=\"17\">","protected":false},"excerpt":{"rendered":"<ul>\n<li>\n<p data-path-to-node=\"9,0,0\"><b data-path-to-node=\"9,0,0\" data-index-in-node=\"0\">Ricarica ecologica:<\/b> \u00c8 dotato di una moderna porta Type-C per una rapida ricarica USB, eliminando lo spreco di batteria e rendendolo ideale per eventi di pi\u00f9 giorni.<\/p>\n<\/li>\n<li>\n<p data-path-to-node=\"9,1,0\"><b data-path-to-node=\"9,1,0\" data-index-in-node=\"0\">Controllo software professionale:<\/b> Completamente compatibile con DMX512 e software specializzato per il controllo granulare dell&#039;illuminazione su scala di stadio.<\/p>\n<\/li>\n<li>\n<p data-path-to-node=\"9,2,0\"><b data-path-to-node=\"9,2,0\" data-index-in-node=\"0\">Palette di 256 colori RGB:<\/b> Un notevole miglioramento rispetto ai modelli standard, che offre uno spettro completo di colori per spettacoli di luci complessi e perfettamente sincronizzati.<\/p>\n<\/li>\n<li>\n<p data-path-to-node=\"9,3,0\"><b data-path-to-node=\"9,3,0\" data-index-in-node=\"0\">Affidabilit\u00e0 certificata:<\/b> Coperto da una garanzia B2B di 2 anni e dalla certificazione CE\/RoHS completa per la produzione di eventi professionali di alto livello.<\/p>\n<\/li>\n<\/ul>","protected":false},"featured_media":5558,"comment_status":"closed","ping_status":"closed","template":"","meta":[],"product_brand":[],"product_cat":[80],"product_tag":[],"class_list":{"0":"post-5559","1":"product","2":"type-product","3":"status-publish","4":"has-post-thumbnail","6":"product_cat-led-wristbands","8":"first","9":"instock","10":"shipping-taxable","11":"purchasable","12":"product-type-simple"},"_links":{"self":[{"href":"https:\/\/displayproducts.eu\/it\/wp-json\/wp\/v2\/product\/5559","targetHints":{"allow":["GET"]}}],"collection":[{"href":"https:\/\/displayproducts.eu\/it\/wp-json\/wp\/v2\/product"}],"about":[{"href":"https:\/\/displayproducts.eu\/it\/wp-json\/wp\/v2\/types\/product"}],"replies":[{"embeddable":true,"href":"https:\/\/displayproducts.eu\/it\/wp-json\/wp\/v2\/comments?post=5559"}],"wp:featuredmedia":[{"embeddable":true,"href":"https:\/\/displayproducts.eu\/it\/wp-json\/wp\/v2\/media\/5558"}],"wp:attachment":[{"href":"https:\/\/displayproducts.eu\/it\/wp-json\/wp\/v2\/media?parent=5559"}],"wp:term":[{"taxonomy":"product_brand","embeddable":true,"href":"https:\/\/displayproducts.eu\/it\/wp-json\/wp\/v2\/product_brand?post=5559"},{"taxonomy":"product_cat","embeddable":true,"href":"https:\/\/displayproducts.eu\/it\/wp-json\/wp\/v2\/product_cat?post=5559"},{"taxonomy":"product_tag","embeddable":true,"href":"https:\/\/displayproducts.eu\/it\/wp-json\/wp\/v2\/product_tag?post=5559"}],"curies":[{"name":"wp","href":"https:\/\/api.w.org\/{rel}","templated":true}]}}