{"id":5409,"date":"2025-11-13T17:32:46","date_gmt":"2025-11-13T14:32:46","guid":{"rendered":"https:\/\/wristbandfactory.eu\/?post_type=product&#038;p=5409"},"modified":"2026-04-01T21:52:03","modified_gmt":"2026-04-01T18:52:03","slug":"charging-cable-with-rpet-phone-strap-60w-usb-c","status":"publish","type":"product","link":"https:\/\/displayproducts.eu\/it\/p\/charging-cable-with-rpet-phone-strap-60w-usb-c\/","title":{"rendered":"Cavo di ricarica con cinturino per telefono in rPET (USB-C da 60 W)"},"content":{"rendered":"<p><span style=\"font-family: -apple-system, BlinkMacSystemFont, 'Segoe UI', Roboto, 'Helvetica Neue', Arial, 'Noto Sans', sans-serif, 'Apple Color Emoji', 'Segoe UI Emoji', 'Segoe UI Symbol', 'Noto Color Emoji';\">Offri un articolo tecnologico davvero pratico e sostenibile alla tua prossima fiera o evento aziendale. Questo innovativo cavo di ricarica 2 in 1 \u00e8 pi\u00f9 di una senza stampa fonte di alimentazione: \u00e8 un resistente laccetto per il telefono, che garantisce che il tuo marchio rimanga connesso e visibile.<\/span><\/p>\n<p>Il cuore di questo prodotto \u00e8 un cavo USB Type-C\/Type-C ad alte prestazioni da 60 W, che supporta sia la ricarica rapida che il trasferimento dati ad alta velocit\u00e0. Il cavo intrecciato \u00e8 realizzato in PET riciclato (rPET), per soddisfare le esigenze di clienti e partner attenti all&#039;ambiente. La sua funzione secondaria \u00e8 quella di fungere da robusto cinturino per telefono, compatibile con la maggior parte delle custodie. Il cinturino \u00e8 leggero, regolabile e incredibilmente resistente, testato per sostenere fino a 8 kg.<\/p>\n<p>Questo cavo di ricarica multifunzionale \u00e8 un eccellente strumento promozionale per aziende tecnologiche, conferenze aziendali e agenzie di marketing. Personalizzando il resistente alloggiamento in alluminio, offrirai ai partecipanti un oggetto utile che utilizzeranno a lungo dopo l&#039;evento, massimizzando la visibilit\u00e0 del tuo marchio.<\/p>\n<p><b>Caratteristiche principali:<\/b><\/p>\n<ul>\n<li><b>Ricarica rapida da 60 W:<\/b> Il cavo USB-C ad alta velocit\u00e0 alimenta rapidamente i dispositivi e supporta il trasferimento dei dati.<\/li>\n<li><b>Cinturino resistente per telefono:<\/b> Funziona come un cinturino da polso a mani libere, testato per sostenere in modo sicuro fino a 8 kg.<\/li>\n<li><b>Materiale ecologico:<\/b> Cavo intrecciato realizzato con bottiglie rPET riciclate, ideale per un branding incentrato sulla sostenibilit\u00e0.<\/li>\n<li><b>Compatibilit\u00e0 universale:<\/b> Progettato per funzionare con la maggior parte delle custodie per telefoni, si fissa facilmente per un utilizzo immediato.<\/li>\n<li><b>Versione Premium:<\/b> Dotato di alloggiamenti per connettori in alluminio resistenti, perfetti per l&#039;incisione laser del tuo logo.<\/li>\n<\/ul>","protected":false},"excerpt":{"rendered":"<ul>\n<li>Una soluzione 3 in 1: cinturino da polso per telefono, cavo di ricarica rapida da 60 W e cavo per il trasferimento dati.<\/li>\n<li>Realizzato in materiale intrecciato rPET-Nylon sostenibile.<\/li>\n<li>Dispone di connettori Type-C-Type-C per dispositivi moderni.<\/li>\n<li>Un articolo promozionale di grande utilit\u00e0 per conferenze tecnologiche ed eventi aziendali.<\/li>\n<\/ul>","protected":false},"featured_media":6681,"comment_status":"closed","ping_status":"closed","template":"","meta":[],"product_brand":[],"product_cat":[128],"product_tag":[],"class_list":{"0":"post-5409","1":"product","2":"type-product","3":"status-publish","4":"has-post-thumbnail","6":"product_cat-mobile-tech-accessories","8":"first","9":"instock","10":"shipping-taxable","11":"purchasable","12":"product-type-simple"},"_links":{"self":[{"href":"https:\/\/displayproducts.eu\/it\/wp-json\/wp\/v2\/product\/5409","targetHints":{"allow":["GET"]}}],"collection":[{"href":"https:\/\/displayproducts.eu\/it\/wp-json\/wp\/v2\/product"}],"about":[{"href":"https:\/\/displayproducts.eu\/it\/wp-json\/wp\/v2\/types\/product"}],"replies":[{"embeddable":true,"href":"https:\/\/displayproducts.eu\/it\/wp-json\/wp\/v2\/comments?post=5409"}],"wp:featuredmedia":[{"embeddable":true,"href":"https:\/\/displayproducts.eu\/it\/wp-json\/wp\/v2\/media\/6681"}],"wp:attachment":[{"href":"https:\/\/displayproducts.eu\/it\/wp-json\/wp\/v2\/media?parent=5409"}],"wp:term":[{"taxonomy":"product_brand","embeddable":true,"href":"https:\/\/displayproducts.eu\/it\/wp-json\/wp\/v2\/product_brand?post=5409"},{"taxonomy":"product_cat","embeddable":true,"href":"https:\/\/displayproducts.eu\/it\/wp-json\/wp\/v2\/product_cat?post=5409"},{"taxonomy":"product_tag","embeddable":true,"href":"https:\/\/displayproducts.eu\/it\/wp-json\/wp\/v2\/product_tag?post=5409"}],"curies":[{"name":"wp","href":"https:\/\/api.w.org\/{rel}","templated":true}]}}