{"id":5404,"date":"2025-11-13T17:06:02","date_gmt":"2025-11-13T14:06:02","guid":{"rendered":"https:\/\/wristbandfactory.eu\/?post_type=product&#038;p=5404"},"modified":"2026-04-01T21:52:03","modified_gmt":"2026-04-01T18:52:03","slug":"rpet-phone-strap-with-60w-data-cable","status":"publish","type":"product","link":"https:\/\/displayproducts.eu\/it\/p\/rpet-phone-strap-with-60w-data-cable\/","title":{"rendered":"Cinturino per telefono RPET con cavo dati da 60 W"},"content":{"rendered":"<p>Offri un articolo promozionale sostenibile e di grande utilit\u00e0 alla tua prossima conferenza tecnologica o evento aziendale. VRIST \u00e8 un braccialetto multifunzionale progettato per i professionisti moderni, che unisce la praticit\u00e0 della libert\u00e0 di movimento alle funzionalit\u00e0 di ricarica essenziali.<\/p>\n<p>Il cinturino da 45 cm \u00e8 realizzato in materiale RPET (PET riciclato) ecologico, a sottolineare l&#039;impegno del tuo brand per la sostenibilit\u00e0. Funziona come un supporto sicuro per il telefono, consentendo ai partecipanti di tenere il proprio dispositivo a portata di mano.<\/p>\n<p>La funzione principale del braccialetto \u00e8 una potente <b>Cavo da tipo C a tipo C da 60 W<\/b>, supportando sia la ricarica ad alta velocit\u00e0 che <b>trasferimento dati<\/b>. Questo lo rende un gadget incredibilmente pratico per un pubblico esperto di tecnologia. Un portachiavi aggiunge ulteriore funzionalit\u00e0. Questo prodotto \u00e8 fabbricato in uno stabilimento certificato amfori BSCI, a garanzia di una filiera responsabile.<\/p>\n<p><b>Caratteristiche principali:<\/b><\/p>\n<ul>\n<li><b>Design multifunzionale:<\/b> Funziona come braccialetto porta telefono, cavo dati ad alta velocit\u00e0 e portachiavi.<\/li>\n<li><b>Materiale ecologico:<\/b> Il cinturino \u00e8 realizzato in PET riciclato (RPET), a dimostrazione della sostenibilit\u00e0 aziendale.<\/li>\n<li><b>Potenza e dati da 60 W:<\/b> Il cavo Type-C-Type-C ad alta velocit\u00e0 da 60 W supporta sia la ricarica rapida che il trasferimento dati.<\/li>\n<li><b>Utilizzo dell&#039;evento a mani libere:<\/b> Consente ai partecipanti di tenere telefoni e chiavi al sicuro e a portata di mano.<\/li>\n<li><b>Approvvigionamento responsabile:<\/b> Prodotto in uno stabilimento certificato amfori BSCI.<\/li>\n<\/ul>","protected":false},"excerpt":{"rendered":"<ul>\n<li>Cinturino ecologico realizzato in materiale PET riciclato (RPET).<\/li>\n<li>Cavo Type-C-Type-C ad alta velocit\u00e0 da 60 W per la ricarica e il trasferimento dati.<\/li>\n<li>Funziona come un braccialetto porta-telefono per avere le mani libere durante gli eventi.<\/li>\n<li>Include una clip per chiavi per una maggiore utilit\u00e0.<\/li>\n<\/ul>","protected":false},"featured_media":6666,"comment_status":"closed","ping_status":"closed","template":"","meta":[],"product_brand":[],"product_cat":[128],"product_tag":[],"class_list":{"0":"post-5404","1":"product","2":"type-product","3":"status-publish","4":"has-post-thumbnail","6":"product_cat-mobile-tech-accessories","8":"first","9":"instock","10":"shipping-taxable","11":"purchasable","12":"product-type-simple"},"_links":{"self":[{"href":"https:\/\/displayproducts.eu\/it\/wp-json\/wp\/v2\/product\/5404","targetHints":{"allow":["GET"]}}],"collection":[{"href":"https:\/\/displayproducts.eu\/it\/wp-json\/wp\/v2\/product"}],"about":[{"href":"https:\/\/displayproducts.eu\/it\/wp-json\/wp\/v2\/types\/product"}],"replies":[{"embeddable":true,"href":"https:\/\/displayproducts.eu\/it\/wp-json\/wp\/v2\/comments?post=5404"}],"wp:featuredmedia":[{"embeddable":true,"href":"https:\/\/displayproducts.eu\/it\/wp-json\/wp\/v2\/media\/6666"}],"wp:attachment":[{"href":"https:\/\/displayproducts.eu\/it\/wp-json\/wp\/v2\/media?parent=5404"}],"wp:term":[{"taxonomy":"product_brand","embeddable":true,"href":"https:\/\/displayproducts.eu\/it\/wp-json\/wp\/v2\/product_brand?post=5404"},{"taxonomy":"product_cat","embeddable":true,"href":"https:\/\/displayproducts.eu\/it\/wp-json\/wp\/v2\/product_cat?post=5404"},{"taxonomy":"product_tag","embeddable":true,"href":"https:\/\/displayproducts.eu\/it\/wp-json\/wp\/v2\/product_tag?post=5404"}],"curies":[{"name":"wp","href":"https:\/\/api.w.org\/{rel}","templated":true}]}}