{"id":5402,"date":"2025-11-13T16:55:11","date_gmt":"2025-11-13T13:55:11","guid":{"rendered":"https:\/\/wristbandfactory.eu\/?post_type=product&#038;p=5402"},"modified":"2026-04-01T21:52:03","modified_gmt":"2026-04-01T18:52:03","slug":"floating-foam-wristband-keychains","status":"publish","type":"product","link":"https:\/\/displayproducts.eu\/it\/p\/floating-foam-wristband-keychains\/","title":{"rendered":"Portachiavi con braccialetti galleggianti in schiuma"},"content":{"rendered":"<p>Assicuratevi che le chiavi dei vostri clienti siano al sicuro durante gli eventi aziendali in acqua, nei porti turistici o durante le escursioni in barca con i nostri portachiavi galleggianti in schiuma. Questo pratico articolo promozionale \u00e8 un must per qualsiasi attivit\u00e0 legata al mondo dell&#039;acqua, dell&#039;ospitalit\u00e0 o della nautica.<\/p>\n<p>Progettato per essere indossato comodamente al polso, questo portachiavi \u00e8 realizzato in resistente poliestere PET riempito di schiuma. Questa struttura ne garantisce la galleggiabilit\u00e0, impedendo alle chiavi standard di affondare in caso di caduta in acqua. Il suo brillante colore PANTONE 298C offre un&#039;elevata visibilit\u00e0, rendendolo facilmente individuabile.<\/p>\n<p>Ideale per la distribuzione ai saloni nautici, come articolo standard per i soci dei porti turistici o come omaggio funzionale per marchi di viaggi e ospitalit\u00e0, questo portachiavi galleggiante garantisce che il tuo marchio sia associato a sicurezza e praticit\u00e0.<\/p>\n<p><b>Caratteristiche principali:<\/b><\/p>\n<ul>\n<li><b>Design galleggiante riempito di schiuma:<\/b> Galleggia in modo affidabile, impedendo alle chiavi di affondare nell&#039;acqua.<\/li>\n<li><b>Materiale PET durevole:<\/b> Realizzato in poliestere resistente per un uso duraturo in ambienti marini.<\/li>\n<li><b>Colore ad alta visibilit\u00e0:<\/b> Disponibile nel brillante colore PANTONE 298C, facile da individuare in acqua.<\/li>\n<li><b>Utilizzo a mani libere:<\/b> Funziona sia come braccialetto che come portachiavi per una maggiore praticit\u00e0.<\/li>\n<li><b>Produzione certificata:<\/b> Prodotto in uno stabilimento certificato amfori BSCI, che garantisce un approvvigionamento responsabile.<\/li>\n<\/ul>","protected":false},"excerpt":{"rendered":"<ul>\n<li>Impedisce alle chiavi di affondare, ideale per imbarcazioni, porti turistici ed eventi in riva all&#039;acqua.<\/li>\n<li>Realizzato in resistente poliestere PET riempito di schiuma per una galleggiabilit\u00e0 affidabile.<\/li>\n<li>Fornisce un articolo promozionale ad alta visibilit\u00e0 per i marchi legati all&#039;acqua.<\/li>\n<li>Disponibile nel vivace blu PANTONE 298C, facile da individuare.<\/li>\n<\/ul>","protected":false},"featured_media":6411,"comment_status":"closed","ping_status":"closed","template":"","meta":[],"product_brand":[],"product_cat":[66,94],"product_tag":[],"class_list":{"0":"post-5402","1":"product","2":"type-product","3":"status-publish","4":"has-post-thumbnail","6":"product_cat-wristbands","7":"product_cat-keychains","9":"first","10":"instock","11":"shipping-taxable","12":"purchasable","13":"product-type-simple"},"_links":{"self":[{"href":"https:\/\/displayproducts.eu\/it\/wp-json\/wp\/v2\/product\/5402","targetHints":{"allow":["GET"]}}],"collection":[{"href":"https:\/\/displayproducts.eu\/it\/wp-json\/wp\/v2\/product"}],"about":[{"href":"https:\/\/displayproducts.eu\/it\/wp-json\/wp\/v2\/types\/product"}],"replies":[{"embeddable":true,"href":"https:\/\/displayproducts.eu\/it\/wp-json\/wp\/v2\/comments?post=5402"}],"wp:featuredmedia":[{"embeddable":true,"href":"https:\/\/displayproducts.eu\/it\/wp-json\/wp\/v2\/media\/6411"}],"wp:attachment":[{"href":"https:\/\/displayproducts.eu\/it\/wp-json\/wp\/v2\/media?parent=5402"}],"wp:term":[{"taxonomy":"product_brand","embeddable":true,"href":"https:\/\/displayproducts.eu\/it\/wp-json\/wp\/v2\/product_brand?post=5402"},{"taxonomy":"product_cat","embeddable":true,"href":"https:\/\/displayproducts.eu\/it\/wp-json\/wp\/v2\/product_cat?post=5402"},{"taxonomy":"product_tag","embeddable":true,"href":"https:\/\/displayproducts.eu\/it\/wp-json\/wp\/v2\/product_tag?post=5402"}],"curies":[{"name":"wp","href":"https:\/\/api.w.org\/{rel}","templated":true}]}}