{"id":5393,"date":"2025-11-13T16:47:58","date_gmt":"2025-11-13T13:47:58","guid":{"rendered":"https:\/\/wristbandfactory.eu\/?post_type=product&#038;p=5393"},"modified":"2026-04-01T21:52:03","modified_gmt":"2026-04-01T18:52:03","slug":"silicone-wristbands-with-aluminium-plate","status":"publish","type":"product","link":"https:\/\/displayproducts.eu\/it\/p\/silicone-wristbands-with-aluminium-plate\/","title":{"rendered":"Braccialetti in silicone con piastra in alluminio"},"content":{"rendered":"<p><span class=\"citation-125 citation-end-125\">Valorizza i tuoi prodotti promozionali con i nostri braccialetti in silicone dotati di una prominente piastra in alluminio. <\/span><span class=\"citation-124 citation-end-124\">Questo modello unisce la comodit\u00e0 e la resistenza del silicone a una piastra metallica di alta qualit\u00e0, creando la base perfetta per il logo della tua azienda. <\/span><\/p>\n<p><span class=\"citation-123 citation-end-123\">A differenza delle fascette standard stampate o in rilievo, la piastra in alluminio argentato <\/span> Progettato per l&#039;incisione laser, offre una finitura nitida, permanente e di alta qualit\u00e0 che non si usura. Questo lo rende una scelta eccellente per eventi aziendali, accessi VIP o come articolo promozionale durevole che clienti e personale apprezzeranno.<\/p>\n<p><span class=\"citation-122 citation-end-122\">Il cinturino \u00e8 realizzato in silicone resistente e di alta qualit\u00e0, che garantisce una vestibilit\u00e0 comoda per l&#039;uso quotidiano durante conferenze o fiere. <\/span> Le dimensioni di 202 x 12 x 3 mm si adattano alla maggior parte degli adulti. Questo design in materiali misti offre un look sofisticato e moderno per la tua prossima campagna di marketing.<\/p>\n<p><b>Caratteristiche principali:<\/b><\/p>\n<ul>\n<li><b><span class=\"citation-121\">Piastra metallica premium:<\/span><\/b><span class=\"citation-121 citation-end-121\"> Presenta una piastra in alluminio color argento brillante, ideale per l&#039;incisione laser. <\/span><\/li>\n<li><b><span class=\"citation-120\">Cinturino in silicone resistente:<\/span><\/b><span class=\"citation-120 citation-end-120\"> Realizzato in silicone 100% di alta qualit\u00e0 per comfort e durata. <\/span><\/li>\n<li><b>Branding di alta gamma:<\/b> Offre un&#039;opzione di branding pi\u00f9 sofisticata e durevole rispetto ai normali cinturini interamente in silicone.<\/li>\n<li><b>Dimensioni standard per adulti:<\/b> Le dimensioni 202 x 12 x 3 mm sono adatte alla maggior parte dei partecipanti.<\/li>\n<li><b>Leggero:<\/b> Pesa solo 8 g, il che lo rende comodo da indossare tutto il giorno.<\/li>\n<\/ul>","protected":false},"excerpt":{"rendered":"<ul>\n<li><span class=\"citation-127 citation-end-127\">Presenta una piastra in alluminio argentato di alta qualit\u00e0 per un logo inciso e resistente. <\/span><\/li>\n<li><span class=\"citation-126 citation-end-126\">Il resistente cinturino in silicone 100% \u00e8 comodo da indossare durante gli eventi di tutti i giorni. <\/span><\/li>\n<li>Ideale per eventi aziendali, raccolte fondi e come articolo promozionale di alta qualit\u00e0.<\/li>\n<li>Le dimensioni standard di 202 x 12 x 3 mm si adattano alla maggior parte dei polsi degli adulti.<\/li>\n<\/ul>","protected":false},"featured_media":5946,"comment_status":"closed","ping_status":"closed","template":"","meta":[],"product_brand":[],"product_cat":[49],"product_tag":[],"class_list":{"0":"post-5393","1":"product","2":"type-product","3":"status-publish","4":"has-post-thumbnail","6":"product_cat-silicone","8":"first","9":"instock","10":"shipping-taxable","11":"purchasable","12":"product-type-simple"},"_links":{"self":[{"href":"https:\/\/displayproducts.eu\/it\/wp-json\/wp\/v2\/product\/5393","targetHints":{"allow":["GET"]}}],"collection":[{"href":"https:\/\/displayproducts.eu\/it\/wp-json\/wp\/v2\/product"}],"about":[{"href":"https:\/\/displayproducts.eu\/it\/wp-json\/wp\/v2\/types\/product"}],"replies":[{"embeddable":true,"href":"https:\/\/displayproducts.eu\/it\/wp-json\/wp\/v2\/comments?post=5393"}],"wp:featuredmedia":[{"embeddable":true,"href":"https:\/\/displayproducts.eu\/it\/wp-json\/wp\/v2\/media\/5946"}],"wp:attachment":[{"href":"https:\/\/displayproducts.eu\/it\/wp-json\/wp\/v2\/media?parent=5393"}],"wp:term":[{"taxonomy":"product_brand","embeddable":true,"href":"https:\/\/displayproducts.eu\/it\/wp-json\/wp\/v2\/product_brand?post=5393"},{"taxonomy":"product_cat","embeddable":true,"href":"https:\/\/displayproducts.eu\/it\/wp-json\/wp\/v2\/product_cat?post=5393"},{"taxonomy":"product_tag","embeddable":true,"href":"https:\/\/displayproducts.eu\/it\/wp-json\/wp\/v2\/product_tag?post=5393"}],"curies":[{"name":"wp","href":"https:\/\/api.w.org\/{rel}","templated":true}]}}