{"id":5312,"date":"2025-10-24T14:27:43","date_gmt":"2025-10-24T11:27:43","guid":{"rendered":"https:\/\/wristbandfactory.eu\/?post_type=product&#038;p=5312"},"modified":"2026-04-01T21:52:35","modified_gmt":"2026-04-01T18:52:35","slug":"eco-friendly-cardboard-lanyards-20mm","status":"publish","type":"product","link":"https:\/\/displayproducts.eu\/it\/p\/eco-friendly-cardboard-lanyards-20mm\/","title":{"rendered":"Lanyard in carta riciclata (Cartone)"},"content":{"rendered":"<p data-path-to-node=\"11\">Fai una dichiarazione audace e visibile sui valori ambientali della tua organizzazione con il nostro <b>Cordini in cartone ecologici<\/b>. Questi cordini rappresentano la soluzione &quot;anti-plastica&quot; per eccellenza e sono pensati per eventi a zero rifiuti, conferenze ecologiche e marchi che vogliono impegnarsi concretamente per la sostenibilit\u00e0.<\/p>\n<p data-path-to-node=\"12\">Realizzato da <b>cartone riciclato resistente<\/b> (un materiale cartaceo rinforzato), questi cordini offrono un&#039;alternativa sostenibile al poliestere e al nylon. Pur essendo naturali e leggeri come la carta, sono progettati per resistere all&#039;usura tipica di una fiera o di un evento aziendale. Il loro caratteristico aspetto &quot;carta kraft&quot; comunica immediatamente un messaggio di sostenibilit\u00e0 a ogni partecipante.<\/p>\n<p data-path-to-node=\"13\">Ogni cordino presenta una larghezza standard di 20 mm per una vestibilit\u00e0 comoda ed \u00e8 dotato di un&#039;alta qualit\u00e0 <b>moschettone girevole in metallo<\/b>. Questo garantisce che anche il meccanismo di fissaggio sia durevole e affidabile. Scegliendo questo prodotto &quot;Nature Line&quot;, eliminerai completamente la plastica monouso dalla filiera del tuo evento.<\/p>\n<p data-path-to-node=\"14\"><b>Caratteristiche principali:<\/b><\/p>\n<ul data-path-to-node=\"15\">\n<li>\n<p data-path-to-node=\"15,0,0\"><b>Materiale:<\/b> 100% Cartone riciclato resistente (a base di carta).<\/p>\n<\/li>\n<li>\n<p data-path-to-node=\"15,1,0\"><b>Sostenibilit\u00e0:<\/b> Un&#039;alternativa completamente priva di plastica per un branding eco-consapevole.<\/p>\n<\/li>\n<li>\n<p data-path-to-node=\"15,2,0\"><b>Durata:<\/b> Progettato per contenere in modo sicuro i badge identificativi per tutta la durata degli eventi standard.<\/p>\n<\/li>\n<li>\n<p data-path-to-node=\"15,3,0\"><b>Hardware:<\/b> Include un robusto moschettone girevole in metallo per un facile aggancio.<\/p>\n<\/li>\n<li>\n<p data-path-to-node=\"15,4,0\"><b>Estetica:<\/b> Finitura naturale e opaca che ne sottolinea l&#039;origine ecologica.<\/p>\n<\/li>\n<\/ul>","protected":false},"excerpt":{"rendered":"<ul>\n<li>\n<p data-path-to-node=\"9,0,0\"><b>Soluzione Zero Plastica:<\/b> Un cordino completamente privo di plastica, realizzato in materiale durevole a base di carta riciclata.<\/p>\n<\/li>\n<li>\n<p data-path-to-node=\"9,1,0\"><b>Linea Natura:<\/b> Parte della nostra esclusiva gamma ecologica, che offre un&#039;estetica naturale e distintiva (aspetto carta Kraft).<\/p>\n<\/li>\n<li>\n<p data-path-to-node=\"9,2,0\"><b>Sorprendentemente durevole:<\/b> Progettato per essere sufficientemente resistente per eventi di un solo giorno, conferenze e riunioni.<\/p>\n<\/li>\n<li>\n<p data-path-to-node=\"9,3,0\"><b>Vestibilit\u00e0 standard:<\/b> La larghezza di 20 mm garantisce visibilit\u00e0 e comfort, ed \u00e8 dotata di un robusto moschettone girevole in metallo.<\/p>\n<\/li>\n<\/ul>","protected":false},"featured_media":6697,"comment_status":"closed","ping_status":"closed","template":"","meta":[],"product_brand":[],"product_cat":[107,113],"product_tag":[],"class_list":{"0":"post-5312","1":"product","2":"type-product","3":"status-publish","4":"has-post-thumbnail","6":"product_cat-eco-friendly-lanyards","7":"product_cat-plain-lanyards","9":"first","10":"instock","11":"shipping-taxable","12":"purchasable","13":"product-type-simple"},"_links":{"self":[{"href":"https:\/\/displayproducts.eu\/it\/wp-json\/wp\/v2\/product\/5312","targetHints":{"allow":["GET"]}}],"collection":[{"href":"https:\/\/displayproducts.eu\/it\/wp-json\/wp\/v2\/product"}],"about":[{"href":"https:\/\/displayproducts.eu\/it\/wp-json\/wp\/v2\/types\/product"}],"replies":[{"embeddable":true,"href":"https:\/\/displayproducts.eu\/it\/wp-json\/wp\/v2\/comments?post=5312"}],"wp:featuredmedia":[{"embeddable":true,"href":"https:\/\/displayproducts.eu\/it\/wp-json\/wp\/v2\/media\/6697"}],"wp:attachment":[{"href":"https:\/\/displayproducts.eu\/it\/wp-json\/wp\/v2\/media?parent=5312"}],"wp:term":[{"taxonomy":"product_brand","embeddable":true,"href":"https:\/\/displayproducts.eu\/it\/wp-json\/wp\/v2\/product_brand?post=5312"},{"taxonomy":"product_cat","embeddable":true,"href":"https:\/\/displayproducts.eu\/it\/wp-json\/wp\/v2\/product_cat?post=5312"},{"taxonomy":"product_tag","embeddable":true,"href":"https:\/\/displayproducts.eu\/it\/wp-json\/wp\/v2\/product_tag?post=5312"}],"curies":[{"name":"wp","href":"https:\/\/api.w.org\/{rel}","templated":true}]}}