{"id":5304,"date":"2025-10-24T13:51:56","date_gmt":"2025-10-24T10:51:56","guid":{"rendered":"https:\/\/wristbandfactory.eu\/?post_type=product&#038;p=5304"},"modified":"2026-04-01T21:52:35","modified_gmt":"2026-04-01T18:52:35","slug":"reusable-event-cups-extra-large-1-2l","status":"publish","type":"product","link":"https:\/\/displayproducts.eu\/it\/p\/reusable-event-cups-extra-large-1-2l\/","title":{"rendered":"Bicchieri riutilizzabili per eventi (extra large 1,2 l)"},"content":{"rendered":"<p data-path-to-node=\"7\">Riduci le code e massimizza la soddisfazione dei partecipanti al tuo evento di grandi dimensioni con i nostri bicchieri riutilizzabili in PP extra large da 1,2 l. Questi bicchieri ad alta capacit\u00e0 sono la soluzione perfetta per stadi, grandi festival e concerti, consentendo di servire porzioni pi\u00f9 grandi e ridurre notevolmente la necessit\u00e0 di ricariche.<\/p>\n<p data-path-to-node=\"8\">Realizzate in PP (polipropilene) resistente ma flessibile, queste tazze sono resistenti alla rottura e progettate per un uso ripetuto, offrendo un&#039;alternativa robusta ed ecologica alla plastica monouso.<\/p>\n<p data-path-to-node=\"9\">La finitura traslucida offre una superficie altamente visibile per il logo della tua azienda o per il branding del tuo evento. Una caratteristica unica di questa tazza \u00e8 la sua base dalla forma speciale, progettata per offrire maggiore stabilit\u00e0 quando posizionata sui sottobicchieri.<\/p>\n<p data-path-to-node=\"10\"><b>Caratteristiche principali:<\/b><\/p>\n<ul data-path-to-node=\"11\">\n<li>\n<p data-path-to-node=\"11,0,0\"><b>Capacit\u00e0 extra large da 1,2 l:<\/b> Riduce al minimo le ricariche durante festival, stadi e concerti molto frequentati.<\/p>\n<\/li>\n<li>\n<p data-path-to-node=\"11,1,0\"><b>Materiale PP durevole:<\/b> Flessibile, resistente alla rottura e completamente riutilizzabile per pi\u00f9 eventi.<\/p>\n<\/li>\n<li>\n<p data-path-to-node=\"11,2,0\"><b>Finitura traslucida:<\/b> Fornisce una superficie ideale e altamente visibile per il branding personalizzato.<\/p>\n<\/li>\n<li>\n<p data-path-to-node=\"11,3,0\"><b>Progettazione di base stabile:<\/b> Base appositamente sagomata per un posizionamento sicuro sui sottobicchieri.<\/p>\n<\/li>\n<li>\n<p data-path-to-node=\"11,4,0\"><b>Grandi dimensioni:<\/b> Misura 19 cm di altezza e 10,7 cm di diametro.<\/p>\n<\/li>\n<\/ul>","protected":false},"excerpt":{"rendered":"<ul>\n<li>\n<p data-path-to-node=\"6,0,0\">La capacit\u00e0 extra-large da 1,2 litri riduce al minimo le ricariche durante gli eventi di grandi dimensioni.<\/p>\n<\/li>\n<li>\n<p data-path-to-node=\"6,1,0\">Realizzato in materiale PP durevole, flessibile e resistente alla rottura.<\/p>\n<\/li>\n<li>\n<p data-path-to-node=\"6,2,0\">La finitura traslucida offre una tela ad alta visibilit\u00e0 per il branding.<\/p>\n<\/li>\n<li>\n<p data-path-to-node=\"6,3,0\">Presenta una base dal design unico e stabile, ideale per l&#039;uso con i sottobicchieri.<\/p>\n<\/li>\n<li><\/li>\n<\/ul>","protected":false},"featured_media":6622,"comment_status":"closed","ping_status":"closed","template":"","meta":[],"product_brand":[],"product_cat":[111],"product_tag":[],"class_list":{"0":"post-5304","1":"product","2":"type-product","3":"status-publish","4":"has-post-thumbnail","6":"product_cat-reusable-event-cups","8":"first","9":"instock","10":"shipping-taxable","11":"product-type-simple"},"_links":{"self":[{"href":"https:\/\/displayproducts.eu\/it\/wp-json\/wp\/v2\/product\/5304","targetHints":{"allow":["GET"]}}],"collection":[{"href":"https:\/\/displayproducts.eu\/it\/wp-json\/wp\/v2\/product"}],"about":[{"href":"https:\/\/displayproducts.eu\/it\/wp-json\/wp\/v2\/types\/product"}],"replies":[{"embeddable":true,"href":"https:\/\/displayproducts.eu\/it\/wp-json\/wp\/v2\/comments?post=5304"}],"wp:featuredmedia":[{"embeddable":true,"href":"https:\/\/displayproducts.eu\/it\/wp-json\/wp\/v2\/media\/6622"}],"wp:attachment":[{"href":"https:\/\/displayproducts.eu\/it\/wp-json\/wp\/v2\/media?parent=5304"}],"wp:term":[{"taxonomy":"product_brand","embeddable":true,"href":"https:\/\/displayproducts.eu\/it\/wp-json\/wp\/v2\/product_brand?post=5304"},{"taxonomy":"product_cat","embeddable":true,"href":"https:\/\/displayproducts.eu\/it\/wp-json\/wp\/v2\/product_cat?post=5304"},{"taxonomy":"product_tag","embeddable":true,"href":"https:\/\/displayproducts.eu\/it\/wp-json\/wp\/v2\/product_tag?post=5304"}],"curies":[{"name":"wp","href":"https:\/\/api.w.org\/{rel}","templated":true}]}}