{"id":5300,"date":"2025-10-24T12:52:28","date_gmt":"2025-10-24T09:52:28","guid":{"rendered":"https:\/\/wristbandfactory.eu\/?post_type=product&#038;p=5300"},"modified":"2026-04-01T21:52:35","modified_gmt":"2026-04-01T18:52:35","slug":"laser-engravable-rectangular-glass-trophies","status":"publish","type":"product","link":"https:\/\/displayproducts.eu\/it\/p\/laser-engravable-rectangular-glass-trophies\/","title":{"rendered":"Trofei in vetro rettangolari incisi al laser"},"content":{"rendered":"<p>Lascia un segno indelebile alla tua prossima cerimonia di premiazione o al tuo prossimo gala aziendale. Il nostro grande trofeo rettangolare in vetro offre un premio prezioso e di valore, perfetto per premiare i migliori talenti, i clienti chiave o i vincitori di concorsi.<\/p>\n<p>Questo trofeo \u00e8 alto 19 cm ed \u00e8 realizzato in vetro spesso e di alta qualit\u00e0, con un peso di 690 grammi per un aspetto decisamente premium. Il design pulito e rettangolare offre un&#039;ampia superficie piana, appositamente progettata per la stampa laser ad alta precisione (incisione). Questo garantisce che il logo aziendale, il titolo del premio e i dettagli del destinatario siano personalizzati con eccezionale chiarezza. Ideale per premi di vendita, programmi per i dipendenti del mese o per ringraziare partner chiave, ogni trofeo viene consegnato in una custodia protettiva individuale, che ne garantisce la sicurezza durante il trasporto e la pronta presentazione.<\/p>\n<p><b>Caratteristiche principali:<\/b><\/p>\n<ul>\n<li><b>Grande design rettangolare:<\/b> Alto 19 cm, offre ampio spazio per incisioni personalizzate.<\/li>\n<li><b>Vetro pesante di alta qualit\u00e0:<\/b> Con i suoi 690 g, questo trofeo ha un aspetto imponente, che ne aumenta il valore percepito.<\/li>\n<li><b>Ottimizzato per l&#039;incisione laser:<\/b> La superficie appositamente progettata consente una personalizzazione nitida e dettagliata tramite stampa laser.<\/li>\n<li><b>Base stabile:<\/b> Dotato di una base in vetro resistente, profonda 4,5 cm, per una solida esposizione su qualsiasi scrivania o scaffale.<\/li>\n<li><b>Custodia protettiva inclusa:<\/b> Ogni trofeo \u00e8 confezionato in una custodia individuale per garantirne un trasporto e un regalo sicuri.<\/li>\n<\/ul>\n<p>&nbsp;<\/p>","protected":false},"excerpt":{"rendered":"<ul>\n<li>Premio di alta qualit\u00e0 in vetro rettangolare alto 19 cm.<\/li>\n<li>Peso considerevole di 690 g per una sensazione di grande valore.<\/li>\n<li>Superficie ottimizzata per l&#039;incisione laser precisa del tuo logo.<\/li>\n<li>Include custodia protettiva individuale per una presentazione sicura.<\/li>\n<\/ul>","protected":false},"featured_media":6540,"comment_status":"closed","ping_status":"closed","template":"","meta":[],"product_brand":[],"product_cat":[79],"product_tag":[],"class_list":{"0":"post-5300","1":"product","2":"type-product","3":"status-publish","4":"has-post-thumbnail","6":"product_cat-awards","8":"first","9":"instock","10":"shipping-taxable","11":"purchasable","12":"product-type-simple"},"_links":{"self":[{"href":"https:\/\/displayproducts.eu\/it\/wp-json\/wp\/v2\/product\/5300","targetHints":{"allow":["GET"]}}],"collection":[{"href":"https:\/\/displayproducts.eu\/it\/wp-json\/wp\/v2\/product"}],"about":[{"href":"https:\/\/displayproducts.eu\/it\/wp-json\/wp\/v2\/types\/product"}],"replies":[{"embeddable":true,"href":"https:\/\/displayproducts.eu\/it\/wp-json\/wp\/v2\/comments?post=5300"}],"wp:featuredmedia":[{"embeddable":true,"href":"https:\/\/displayproducts.eu\/it\/wp-json\/wp\/v2\/media\/6540"}],"wp:attachment":[{"href":"https:\/\/displayproducts.eu\/it\/wp-json\/wp\/v2\/media?parent=5300"}],"wp:term":[{"taxonomy":"product_brand","embeddable":true,"href":"https:\/\/displayproducts.eu\/it\/wp-json\/wp\/v2\/product_brand?post=5300"},{"taxonomy":"product_cat","embeddable":true,"href":"https:\/\/displayproducts.eu\/it\/wp-json\/wp\/v2\/product_cat?post=5300"},{"taxonomy":"product_tag","embeddable":true,"href":"https:\/\/displayproducts.eu\/it\/wp-json\/wp\/v2\/product_tag?post=5300"}],"curies":[{"name":"wp","href":"https:\/\/api.w.org\/{rel}","templated":true}]}}