{"id":5288,"date":"2025-10-24T12:36:41","date_gmt":"2025-10-24T09:36:41","guid":{"rendered":"https:\/\/wristbandfactory.eu\/?post_type=product&#038;p=5288"},"modified":"2026-04-01T21:52:35","modified_gmt":"2026-04-01T18:52:35","slug":"aluminium-name-badges-with-clip-and-pin","status":"publish","type":"product","link":"https:\/\/displayproducts.eu\/it\/p\/aluminium-name-badges-with-clip-and-pin\/","title":{"rendered":"Distintivi in alluminio con clip e spilla"},"content":{"rendered":"<p>Assicura un&#039;identificazione professionale e coerente del personale durante eventi aziendali, fiere e in ufficio con questi badge identificativi riutilizzabili in alluminio. L&#039;elegante cornice in alluminio anodizzato offre una finitura resistente e di alta qualit\u00e0 che valorizza l&#039;immagine della tua azienda.<\/p>\n<p>Progettate per la massima flessibilit\u00e0, queste targhette identificative consentono una sostituzione rapida e senza stampa degli inserti cartacei, rendendole perfette per personale temporaneo, partecipanti a conferenze o aziende con un elevato turnover del personale. Il retro presenta un robusto attacco a doppia funzione con clip e spilla, offrendo agli utenti la possibilit\u00e0 di scegliere come fissare saldamente il badge a qualsiasi indumento. Questa soluzione versatile ed economica \u00e8 disponibile in grandi quantit\u00e0 per tutte le esigenze di identificazione.<\/p>\n<p><b>Caratteristiche principali:<\/b><\/p>\n<ul>\n<li><b>Telaio in alluminio resistente:<\/b> Presenta una finitura anodizzata di alta qualit\u00e0 per un aspetto professionale e duraturo.<\/li>\n<li><b>Sistema di doppio attacco:<\/b> Include sia una clip che un perno sul retro per un fissaggio versatile e sicuro a qualsiasi indumento.<\/li>\n<li><b>Riutilizzabile ed economico:<\/b> Progettato per contenere inserti cartacei standard (non inclusi), consentendo facili aggiornamenti per nuovi dipendenti o eventi.<\/li>\n<li><b>Dimensioni eleganti:<\/b> Misura 70 x 25 mm e consente di visualizzare il nome in modo chiaro e visibile, senza essere invadente.<\/li>\n<\/ul>","protected":false},"excerpt":{"rendered":"<ul>\n<li>Telaio professionale in alluminio anodizzato per un look di alta qualit\u00e0.<\/li>\n<li>Attacco versatile con doppia clip e perno per un fissaggio sicuro.<\/li>\n<li>Design riutilizzabile: basta stampare e inserire nuovi biglietti da visita.<\/li>\n<li>Ideale per ordini all&#039;ingrosso per personale aziendale, eventi e fiere.<\/li>\n<\/ul>","protected":false},"featured_media":5289,"comment_status":"closed","ping_status":"closed","template":"","meta":[],"product_brand":[],"product_cat":[91],"product_tag":[],"class_list":{"0":"post-5288","1":"product","2":"type-product","3":"status-publish","4":"has-post-thumbnail","6":"product_cat-badge-holders","8":"first","9":"instock","10":"shipping-taxable","11":"purchasable","12":"product-type-simple"},"_links":{"self":[{"href":"https:\/\/displayproducts.eu\/it\/wp-json\/wp\/v2\/product\/5288","targetHints":{"allow":["GET"]}}],"collection":[{"href":"https:\/\/displayproducts.eu\/it\/wp-json\/wp\/v2\/product"}],"about":[{"href":"https:\/\/displayproducts.eu\/it\/wp-json\/wp\/v2\/types\/product"}],"replies":[{"embeddable":true,"href":"https:\/\/displayproducts.eu\/it\/wp-json\/wp\/v2\/comments?post=5288"}],"wp:featuredmedia":[{"embeddable":true,"href":"https:\/\/displayproducts.eu\/it\/wp-json\/wp\/v2\/media\/5289"}],"wp:attachment":[{"href":"https:\/\/displayproducts.eu\/it\/wp-json\/wp\/v2\/media?parent=5288"}],"wp:term":[{"taxonomy":"product_brand","embeddable":true,"href":"https:\/\/displayproducts.eu\/it\/wp-json\/wp\/v2\/product_brand?post=5288"},{"taxonomy":"product_cat","embeddable":true,"href":"https:\/\/displayproducts.eu\/it\/wp-json\/wp\/v2\/product_cat?post=5288"},{"taxonomy":"product_tag","embeddable":true,"href":"https:\/\/displayproducts.eu\/it\/wp-json\/wp\/v2\/product_tag?post=5288"}],"curies":[{"name":"wp","href":"https:\/\/api.w.org\/{rel}","templated":true}]}}