{"id":5272,"date":"2025-10-23T23:21:35","date_gmt":"2025-10-23T20:21:35","guid":{"rendered":"https:\/\/wristbandfactory.eu\/?post_type=product&#038;p=5272"},"modified":"2026-04-01T21:52:03","modified_gmt":"2026-04-01T18:52:03","slug":"promotional-hand-clappers","status":"publish","type":"product","link":"https:\/\/displayproducts.eu\/it\/p\/promotional-hand-clappers\/","title":{"rendered":"Battimani promozionali"},"content":{"rendered":"<p>Assicuratevi che il vostro brand si distingua in qualsiasi stadio o evento aziendale con i nostri battimani promozionali. Il design &quot;Maracan\u00e1&quot; \u00e8 progettato per creare un coinvolgimento sia sonoro che visivo, risolvendo il problema dei gadget passivi durante gli eventi.<\/p>\n<p>Questo battaglio a forma di mano \u00e8 un modo divertente e interattivo per i partecipanti di mostrare il proprio sostegno e fare rumore. Disponibile in una variet\u00e0 di tonalit\u00e0 vivaci, \u00e8 realizzato per essere leggero (20 gr) e dalle dimensioni perfette (8,5 x 18,5 x 2 cm) per essere facilmente maneggiato da grandi folle. Rappresenta un&#039;eccellente scelta a basso costo per la distribuzione all&#039;ingrosso in occasione di festival, fiere o competizioni sportive, per massimizzare l&#039;impatto del marchio.<\/p>\n<p><b>Caratteristiche principali:<\/b><\/p>\n<ul>\n<li>Batacchio a forma di mano per un coinvolgimento udibile del pubblico<\/li>\n<li>\u201cDesign \u201dMaracan\u00e1\u201d per temi sportivi ed eventi<\/li>\n<li>Disponibile in varie tonalit\u00e0 brillanti e ad alta visibilit\u00e0<\/li>\n<li>Leggero e compatto: 8,5 x 18,5 x 2 cm, 20 gr<\/li>\n<li>Ideale per omaggi promozionali all&#039;ingrosso<\/li>\n<\/ul>","protected":false},"excerpt":{"rendered":"<ul>\n<li>Generare rumore di folla e visibilit\u00e0 del marchio durante eventi sportivi o raduni.<\/li>\n<li>Presenta un divertente disegno a mano &quot;Maracan\u00e1&quot; dai toni vivaci.<\/li>\n<li>Leggero (20 gr) e compatto (18,5 cm) per una facile distribuzione di massa.<\/li>\n<li>Un articolo promozionale ideale, economico e di grande impatto, per ordini all&#039;ingrosso.<\/li>\n<\/ul>","protected":false},"featured_media":6584,"comment_status":"closed","ping_status":"closed","template":"","meta":[],"product_brand":[],"product_cat":[123],"product_tag":[],"class_list":{"0":"post-5272","1":"product","2":"type-product","3":"status-publish","4":"has-post-thumbnail","6":"product_cat-fan-cheering-items","8":"first","9":"instock","10":"shipping-taxable","11":"purchasable","12":"product-type-simple"},"_links":{"self":[{"href":"https:\/\/displayproducts.eu\/it\/wp-json\/wp\/v2\/product\/5272","targetHints":{"allow":["GET"]}}],"collection":[{"href":"https:\/\/displayproducts.eu\/it\/wp-json\/wp\/v2\/product"}],"about":[{"href":"https:\/\/displayproducts.eu\/it\/wp-json\/wp\/v2\/types\/product"}],"replies":[{"embeddable":true,"href":"https:\/\/displayproducts.eu\/it\/wp-json\/wp\/v2\/comments?post=5272"}],"wp:featuredmedia":[{"embeddable":true,"href":"https:\/\/displayproducts.eu\/it\/wp-json\/wp\/v2\/media\/6584"}],"wp:attachment":[{"href":"https:\/\/displayproducts.eu\/it\/wp-json\/wp\/v2\/media?parent=5272"}],"wp:term":[{"taxonomy":"product_brand","embeddable":true,"href":"https:\/\/displayproducts.eu\/it\/wp-json\/wp\/v2\/product_brand?post=5272"},{"taxonomy":"product_cat","embeddable":true,"href":"https:\/\/displayproducts.eu\/it\/wp-json\/wp\/v2\/product_cat?post=5272"},{"taxonomy":"product_tag","embeddable":true,"href":"https:\/\/displayproducts.eu\/it\/wp-json\/wp\/v2\/product_tag?post=5272"}],"curies":[{"name":"wp","href":"https:\/\/api.w.org\/{rel}","templated":true}]}}