{"id":5247,"date":"2025-10-22T14:14:30","date_gmt":"2025-10-22T11:14:30","guid":{"rendered":"https:\/\/wristbandfactory.eu\/?post_type=product&#038;p=5247"},"modified":"2026-04-01T21:52:35","modified_gmt":"2026-04-01T18:52:35","slug":"elastic-fabric-wristbands","status":"publish","type":"product","link":"https:\/\/displayproducts.eu\/it\/p\/elastic-fabric-wristbands\/","title":{"rendered":"Braccialetti in tessuto elastico"},"content":{"rendered":"<p data-path-to-node=\"8\">Offri ai tuoi partecipanti la massima praticit\u00e0 e comfort con i nostri braccialetti in tessuto elastico. Realizzati in un materiale di alta qualit\u00e0, morbido ed elastico, si infilano facilmente dalla mano al polso, eliminando completamente la necessit\u00e0 di lucchetti o chiusure in plastica.<\/p>\n<p data-path-to-node=\"9\">Questo design &quot;taglia unica&quot; semplifica il processo di ordinazione e distribuzione, rendendoli la soluzione perfetta e senza problemi per promozioni aziendali, merchandising ed eventi di pi\u00f9 giorni in cui la comodit\u00e0 \u00e8 fondamentale.<\/p>\n<h3>Branding personalizzato a colori<\/h3>\n<p data-path-to-node=\"11\">L&#039;intera fascia \u00e8 una tela bianca. Utilizziamo la stampa a sublimazione ad alta definizione, da bordo a bordo, per garantire che il tuo marchio sia vivido, dettagliato e perfettamente integrato nel morbido tessuto.<\/p>\n<h3>Etichetta intelligente opzionale (QR e NFC)<\/h3>\n<p data-path-to-node=\"13\">Per una maggiore funzionalit\u00e0, questi braccialetti elastici possono essere dotati di un&#039;etichetta personalizzata. Questa etichetta \u00e8 perfetta per aggiungere un codice QR o un codice a barre univoco per l&#039;accesso, o persino per integrare un tag NFC. Questo trasforma un comodo braccialetto in un potente strumento intelligente per pagamenti senza contanti o per l&#039;interazione digitale.<\/p>\n<h3 data-path-to-node=\"14\">Caratteristiche principali:<\/h3>\n<ul data-path-to-node=\"15\">\n<li>\n<p data-path-to-node=\"15,0,0\"><b>Materiale:<\/b> Tessuto elastico morbido e di alta qualit\u00e0.<\/p>\n<\/li>\n<li>\n<p data-path-to-node=\"15,1,0\"><b>Adatto:<\/b> Taglia unica, si adatta a tutte le taglie.<\/p>\n<\/li>\n<li>\n<p data-path-to-node=\"15,2,0\"><b>Chiusura:<\/b> Nessuna chiusura necessaria; comodo design slip-on.<\/p>\n<\/li>\n<li>\n<p data-path-to-node=\"15,3,0\"><b>Stampa:<\/b> Sublimazione a colori ad alta definizione (da bordo a bordo).<\/p>\n<\/li>\n<li>\n<p data-path-to-node=\"15,4,0\"><b>Opzione Smart Tech:<\/b> Pu\u00f2 essere dotato di un&#039;etichetta personalizzata per codici QR o tag NFC.<\/p>\n<\/li>\n<li>\n<p data-path-to-node=\"15,5,0\"><b>Ideale per:<\/b> Promozioni, merchandising, festival e comodo utilizzo per pi\u00f9 giorni.<\/p>\n<\/li>\n<\/ul>","protected":false},"excerpt":{"rendered":"<ul>\n<li>\n<p data-path-to-node=\"7,0,0\"><b>Massimo comfort:<\/b> Realizzato in un tessuto morbido, elasticizzato e di taglia unica.<\/p>\n<\/li>\n<li>\n<p data-path-to-node=\"7,1,0\"><b>Nessun lucchetto necessario:<\/b> Si indossa facilmente, eliminando qualsiasi chiusura in plastica.<\/p>\n<\/li>\n<li>\n<p data-path-to-node=\"7,2,0\"><b>Branding dinamico:<\/b> Completamente personalizzabile con stampa a sublimazione a colori da bordo a bordo.<\/p>\n<\/li>\n<li>\n<p data-path-to-node=\"7,3,0\"><b>Opzione intelligente:<\/b> Pu\u00f2 essere dotato di un&#039;etichetta personalizzata per codici QR, codici a barre o tag NFC.<\/p>\n<\/li>\n<\/ul>","protected":false},"featured_media":6382,"comment_status":"closed","ping_status":"closed","template":"","meta":[],"product_brand":[],"product_cat":[47],"product_tag":[],"class_list":{"0":"post-5247","1":"product","2":"type-product","3":"status-publish","4":"has-post-thumbnail","6":"product_cat-fabric-wristbands","8":"first","9":"instock","10":"shipping-taxable","11":"purchasable","12":"product-type-simple"},"_links":{"self":[{"href":"https:\/\/displayproducts.eu\/it\/wp-json\/wp\/v2\/product\/5247","targetHints":{"allow":["GET"]}}],"collection":[{"href":"https:\/\/displayproducts.eu\/it\/wp-json\/wp\/v2\/product"}],"about":[{"href":"https:\/\/displayproducts.eu\/it\/wp-json\/wp\/v2\/types\/product"}],"replies":[{"embeddable":true,"href":"https:\/\/displayproducts.eu\/it\/wp-json\/wp\/v2\/comments?post=5247"}],"wp:featuredmedia":[{"embeddable":true,"href":"https:\/\/displayproducts.eu\/it\/wp-json\/wp\/v2\/media\/6382"}],"wp:attachment":[{"href":"https:\/\/displayproducts.eu\/it\/wp-json\/wp\/v2\/media?parent=5247"}],"wp:term":[{"taxonomy":"product_brand","embeddable":true,"href":"https:\/\/displayproducts.eu\/it\/wp-json\/wp\/v2\/product_brand?post=5247"},{"taxonomy":"product_cat","embeddable":true,"href":"https:\/\/displayproducts.eu\/it\/wp-json\/wp\/v2\/product_cat?post=5247"},{"taxonomy":"product_tag","embeddable":true,"href":"https:\/\/displayproducts.eu\/it\/wp-json\/wp\/v2\/product_tag?post=5247"}],"curies":[{"name":"wp","href":"https:\/\/api.w.org\/{rel}","templated":true}]}}