{"id":5218,"date":"2025-10-21T11:56:09","date_gmt":"2025-10-21T08:56:09","guid":{"rendered":"https:\/\/wristbandfactory.eu\/?post_type=product&#038;p=5218"},"modified":"2026-04-01T21:52:35","modified_gmt":"2026-04-01T18:52:35","slug":"remote-control-led-wristbands","status":"publish","type":"product","link":"https:\/\/displayproducts.eu\/it\/p\/remote-control-led-wristbands\/","title":{"rendered":"Braccialetti LED personalizzati con telecomando (RF e DMX)"},"content":{"rendered":"<p data-path-to-node=\"9\">Trasforma il tuo concerto, festival o evento aziendale in uno spettacolo di luci indimenticabile. I nostri braccialetti LED con telecomando ti danno la possibilit\u00e0 di sincronizzare ogni ospite con la tua musica e la tua programmazione, creando un&#039;esperienza visiva unificata e di grande impatto che aumenta il coinvolgimento del pubblico.<\/p>\n<p data-path-to-node=\"10\">Questo \u00e8 il punto di riferimento per tutti i nostri modelli di braccialetti in silicone e plastica telecomandati. Abbiamo riunito qui i nostri vari stili per aiutarti a scegliere la soluzione perfetta per le esigenze tecniche e il budget del tuo evento.<\/p>\n<p data-path-to-node=\"11\">Tutti i modelli sono compatibili con una centrale <strong><a href=\"https:\/\/displayproducts.eu\/it\/p\/remote-dmx-controllers-for-led-wristbands\/\">Telecomando e controller DMX<\/a><\/strong> che \u00e8 venduto separatamente nel nostro <strong><a href=\"https:\/\/displayproducts.eu\/it\/c\/event-supplies\/\">Forniture per eventi<\/a><\/strong> categoria. Questo controller consente a un singolo operatore di cambiare contemporaneamente i colori dei LED e le modalit\u00e0 di lampeggiamento di ogni braccialetto presente nel locale.<\/p>\n<h3>Scegli il tuo modello telecomandato<\/h3>\n<p data-path-to-node=\"13\">Seleziona il modello specifico in base alle esigenze del tuo evento in termini di luminosit\u00e0, durata della batteria, design o sostenibilit\u00e0:<\/p>\n<h4>1. Il &quot;Bright&quot; (11 LED \/ alimentato da batterie AAA)<\/h4>\n<p><img fetchpriority=\"high\" decoding=\"async\" class=\"alignnone wp-image-5543\" src=\"https:\/\/displayproducts.eu\/wp-content\/uploads\/2025\/10\/the-bright.jpg\" alt=\"\" width=\"300\" height=\"300\" srcset=\"https:\/\/displayproducts.eu\/wp-content\/uploads\/2025\/10\/the-bright.jpg 1080w, https:\/\/displayproducts.eu\/wp-content\/uploads\/2025\/10\/the-bright-768x768.jpg 768w, https:\/\/displayproducts.eu\/wp-content\/uploads\/2025\/10\/the-bright-12x12.jpg 12w, https:\/\/displayproducts.eu\/wp-content\/uploads\/2025\/10\/the-bright-300x300.jpg 300w, https:\/\/displayproducts.eu\/wp-content\/uploads\/2025\/10\/the-bright-600x600.jpg 600w, https:\/\/displayproducts.eu\/wp-content\/uploads\/2025\/10\/the-bright-100x100.jpg 100w, https:\/\/displayproducts.eu\/wp-content\/uploads\/2025\/10\/the-bright-64x64.jpg 64w\" sizes=\"(max-width: 300px) 100vw, 300px\" \/><\/p>\n<p data-path-to-node=\"17\">La nostra soluzione pi\u00f9 potente: questo modello \u00e8 dotato di 11 LED singoli per il massimo impatto visivo negli stadi. \u00c8 alimentato da due batterie AAA standard sostituibili, offrendo un&#039;autonomia ad alte prestazioni di 12 ore.<\/p>\n<ul data-path-to-node=\"18\">\n<li>\n<p data-path-to-node=\"18,0,0\"><b data-path-to-node=\"18,0,0\" data-index-in-node=\"0\">Ideale per:<\/b> Grandi tourn\u00e9e negli stadi e festival all&#039;aperto.<\/p>\n<\/li>\n<\/ul>\n<h4>2. Lo standard \u201cEco-Friendly\u201d<\/h4>\n<p><img decoding=\"async\" class=\"alignnone wp-image-5544\" src=\"https:\/\/displayproducts.eu\/wp-content\/uploads\/2025\/10\/eco-friendly.jpg\" alt=\"\" width=\"300\" height=\"300\" \/><\/p>\n<p data-path-to-node=\"19\"><span data-path-to-node=\"20,2\"><span class=\"citation-377\">Questo modello \u00e8 la nostra soluzione pi\u00f9 popolare e versatile, realizzata in comodo ABS e silicone. <\/span><\/span><span data-path-to-node=\"20,4\"> \u00c8 dotato di una batteria con durata di 12 ore (CR2032) e di 15 opzioni di colore.<\/span><\/p>\n<ul data-path-to-node=\"20\">\n<li>\n<p data-path-to-node=\"20,0,0\"><b>Ideale per:<\/b> Marchi ed eventi che puntano su sostenibilit\u00e0 e affidabilit\u00e0.<\/p>\n<\/li>\n<\/ul>\n<h4>3. Il \u201cScolpito\u201d (Progettazione 3D)<\/h4>\n<p><img decoding=\"async\" class=\"alignnone wp-image-5545\" src=\"https:\/\/displayproducts.eu\/wp-content\/uploads\/2025\/10\/sculpted-1.jpg\" alt=\"\" width=\"300\" height=\"300\" srcset=\"https:\/\/displayproducts.eu\/wp-content\/uploads\/2025\/10\/sculpted-1.jpg 500w, https:\/\/displayproducts.eu\/wp-content\/uploads\/2025\/10\/sculpted-1-12x12.jpg 12w, https:\/\/displayproducts.eu\/wp-content\/uploads\/2025\/10\/sculpted-1-300x300.jpg 300w, https:\/\/displayproducts.eu\/wp-content\/uploads\/2025\/10\/sculpted-1-100x100.jpg 100w, https:\/\/displayproducts.eu\/wp-content\/uploads\/2025\/10\/sculpted-1-64x64.jpg 64w\" sizes=\"(max-width: 300px) 100vw, 300px\" \/><\/p>\n<p data-path-to-node=\"21\">Crea una dichiarazione di design audace. Questo modello presenta un design unico, <b>parte superiore scolpita geometricamente in 3D<\/b> (disponibile con 2 o 4 LED). \u00c8 un accessorio indossabile di alta qualit\u00e0 che si distingue.<\/p>\n<ul data-path-to-node=\"22\">\n<li>\n<p data-path-to-node=\"22,0,0\"><b>Ideale per:<\/b> Aree VIP, lanci di prodotti ed eventi di alta moda.<\/p>\n<\/li>\n<\/ul>\n<h4>4. Il \u201cLeggero\u201d (20 g)<\/h4>\n<p><img loading=\"lazy\" decoding=\"async\" class=\"alignnone wp-image-5546\" src=\"https:\/\/displayproducts.eu\/wp-content\/uploads\/2025\/10\/lightweight.jpg\" alt=\"\" width=\"300\" height=\"300\" srcset=\"https:\/\/displayproducts.eu\/wp-content\/uploads\/2025\/10\/lightweight.jpg 500w, https:\/\/displayproducts.eu\/wp-content\/uploads\/2025\/10\/lightweight-12x12.jpg 12w, https:\/\/displayproducts.eu\/wp-content\/uploads\/2025\/10\/lightweight-300x300.jpg 300w, https:\/\/displayproducts.eu\/wp-content\/uploads\/2025\/10\/lightweight-100x100.jpg 100w, https:\/\/displayproducts.eu\/wp-content\/uploads\/2025\/10\/lightweight-64x64.jpg 64w\" sizes=\"(max-width: 300px) 100vw, 300px\" \/><\/p>\n<p data-path-to-node=\"24\">Progettato per il massimo comfort, questo modello pesa <b>solo 20 grammi<\/b>, garantendo ai partecipanti di poterlo indossare per tutta la notte. \u00c8 disponibile in 15 colori e ha un&#039;autonomia di 12 ore (batterie CR2032).<\/p>\n<ul data-path-to-node=\"25\">\n<li>\n<p data-path-to-node=\"25,0,0\"><b>Ideale per:<\/b> Conferenze, feste aziendali ed eventi in cui il comfort \u00e8 fondamentale.<\/p>\n<\/li>\n<\/ul>\n<h4>5. La \u201cGuardia\u201d (Guardia dell\u2019Evento)<\/h4>\n<p><img loading=\"lazy\" decoding=\"async\" class=\"alignnone wp-image-5548 size-full\" src=\"https:\/\/displayproducts.eu\/wp-content\/uploads\/2025\/10\/watch-e1763320779944.jpg\" alt=\"\" width=\"480\" height=\"288\" srcset=\"https:\/\/displayproducts.eu\/wp-content\/uploads\/2025\/10\/watch-e1763320779944.jpg 480w, https:\/\/displayproducts.eu\/wp-content\/uploads\/2025\/10\/watch-e1763320779944-18x12.jpg 18w, https:\/\/displayproducts.eu\/wp-content\/uploads\/2025\/10\/watch-e1763320779944-64x38.jpg 64w\" sizes=\"(max-width: 480px) 100vw, 480px\" \/><\/p>\n<p data-path-to-node=\"27\">Questo modello \u00e8 dotato di un <b>stile orologio<\/b> design con una superficie ampia e piatta, che offre un&#039;area eccellente e altamente visibile per il tuo logo personalizzato.<\/p>\n<ul data-path-to-node=\"28\">\n<li>\n<p data-path-to-node=\"28,0,0\"><b>Ideale per:<\/b> Eventi aziendali e branding degli sponsor.<\/p>\n<\/li>\n<\/ul>\n<h2 data-path-to-node=\"31\">Specifiche<\/h2>\n<ul data-path-to-node=\"32\">\n<li>\n<p data-path-to-node=\"32,0,1\"><span data-path-to-node=\"32,0,1,0\"><b data-path-to-node=\"32,0,1,0\" data-index-in-node=\"0\"><span class=\"citation-374\">Tecnologia di controllo:<\/span><\/b><span class=\"citation-374\"> RF (radiofrequenza) e DMX512. <\/span><\/span><\/p>\n<\/li>\n<li>\n<p data-path-to-node=\"32,1,1\"><span data-path-to-node=\"32,1,1,0\"><b data-path-to-node=\"32,1,1,0\" data-index-in-node=\"0\"><span class=\"citation-373\">Materiali:<\/span><\/b><span class=\"citation-373\"> Silicone, ABS, PVC. <\/span><\/span><\/p>\n<\/li>\n<li>\n<p data-path-to-node=\"32,2,0\"><b data-path-to-node=\"32,2,0\" data-index-in-node=\"0\">Durata della batteria:<\/b> Da 6 a 12 ore a seconda del modello.<\/p>\n<\/li>\n<li>\n<p data-path-to-node=\"32,3,1\"><span data-path-to-node=\"32,3,1,0\"><b data-path-to-node=\"32,3,1,0\" data-index-in-node=\"0\"><span class=\"citation-372\">Marchio:<\/span><\/b><span class=\"citation-372\"> Stampa personalizzata del logo a 1 colore o a pi\u00f9 colori. <\/span><\/span><\/p>\n<\/li>\n<li>\n<p data-path-to-node=\"32,4,0\"><b data-path-to-node=\"32,4,0\" data-index-in-node=\"0\">Quantit\u00e0 minima ordinabile:<\/b> 100 unit\u00e0.<\/p>\n<\/li>\n<\/ul>\n<h3><strong><a href=\"https:\/\/displayproducts.eu\/it\/p\/remote-dmx-controllers-for-led-wristbands\/\">Telecomando e controller DMX<\/a><\/strong><\/h3>\n<p><img loading=\"lazy\" decoding=\"async\" class=\"\" src=\"https:\/\/displayproducts.eu\/wp-content\/uploads\/2025\/10\/controller-2-scaled.jpeg\" width=\"365\" height=\"365\" \/><\/p>","protected":false},"excerpt":{"rendered":"<ul>\n<li>\n<p data-path-to-node=\"9,0,0\"><b data-path-to-node=\"9,0,0\" data-index-in-node=\"0\">Sincronizzazione centralizzata:<\/b> Completamente compatibile con i controller RF e DMX per spettacoli di luci coinvolgenti in tutta la sede.<\/p>\n<\/li>\n<li>\n<p data-path-to-node=\"9,1,0\"><b data-path-to-node=\"9,1,0\" data-index-in-node=\"0\">Gamma di modelli diversificata:<\/b> Scegli tra 11 modelli diversi, tra cui modelli AAA ultraleggeri, ad alta luminosit\u00e0 e con design scolpito in 3D.<\/p>\n<\/li>\n<li>\n<p data-path-to-node=\"9,2,1\"><span data-path-to-node=\"9,2,1,0\"><b data-path-to-node=\"9,2,1,0\" data-index-in-node=\"0\"><span class=\"citation-351\">Marchio B2B:<\/span><\/b><span class=\"citation-351\"> Stampa di loghi personalizzati di alta qualit\u00e0 disponibile su tutti i modelli per la massima visibilit\u00e0 degli sponsor. <\/span><\/span><\/p>\n<\/li>\n<li>\n<p data-path-to-node=\"9,3,0\"><b data-path-to-node=\"9,3,0\" data-index-in-node=\"0\">Controllo a lungo raggio:<\/b> Copertura del segnale affidabile fino a 300-500 metri per eventi su larga scala.<\/p>\n<\/li>\n<\/ul>","protected":false},"featured_media":5031,"comment_status":"closed","ping_status":"closed","template":"","meta":[],"product_brand":[],"product_cat":[80],"product_tag":[],"class_list":{"0":"post-5218","1":"product","2":"type-product","3":"status-publish","4":"has-post-thumbnail","6":"product_cat-led-wristbands","8":"first","9":"instock","10":"shipping-taxable","11":"purchasable","12":"product-type-simple"},"_links":{"self":[{"href":"https:\/\/displayproducts.eu\/it\/wp-json\/wp\/v2\/product\/5218","targetHints":{"allow":["GET"]}}],"collection":[{"href":"https:\/\/displayproducts.eu\/it\/wp-json\/wp\/v2\/product"}],"about":[{"href":"https:\/\/displayproducts.eu\/it\/wp-json\/wp\/v2\/types\/product"}],"replies":[{"embeddable":true,"href":"https:\/\/displayproducts.eu\/it\/wp-json\/wp\/v2\/comments?post=5218"}],"wp:featuredmedia":[{"embeddable":true,"href":"https:\/\/displayproducts.eu\/it\/wp-json\/wp\/v2\/media\/5031"}],"wp:attachment":[{"href":"https:\/\/displayproducts.eu\/it\/wp-json\/wp\/v2\/media?parent=5218"}],"wp:term":[{"taxonomy":"product_brand","embeddable":true,"href":"https:\/\/displayproducts.eu\/it\/wp-json\/wp\/v2\/product_brand?post=5218"},{"taxonomy":"product_cat","embeddable":true,"href":"https:\/\/displayproducts.eu\/it\/wp-json\/wp\/v2\/product_cat?post=5218"},{"taxonomy":"product_tag","embeddable":true,"href":"https:\/\/displayproducts.eu\/it\/wp-json\/wp\/v2\/product_tag?post=5218"}],"curies":[{"name":"wp","href":"https:\/\/api.w.org\/{rel}","templated":true}]}}