{"id":5195,"date":"2025-10-20T22:09:07","date_gmt":"2025-10-20T19:09:07","guid":{"rendered":"https:\/\/wristbandfactory.eu\/?post_type=product&#038;p=5195"},"modified":"2026-04-01T21:52:04","modified_gmt":"2026-04-01T18:52:04","slug":"promotional-recycled-aluminium-cups","status":"publish","type":"product","link":"https:\/\/displayproducts.eu\/it\/p\/promotional-recycled-aluminium-cups\/","title":{"rendered":"Bicchieri riutilizzabili in alluminio stampati"},"content":{"rendered":"<p>Dichiara in modo efficace l&#039;impegno del tuo brand per la sostenibilit\u00e0. Queste tazze riutilizzabili da 500 ml sono realizzate in alluminio riciclato certificato GRS, offrendo un&#039;alternativa premium ed ecologica alla plastica per la tua prossima conferenza, festival o evento aziendale. La loro elegante finitura argento lucido offre la base perfetta e di alto valore per il tuo logo.<\/p>\n<p>Questa \u00e8 pi\u00f9 di una senza stampa tazza: \u00e8 un messaggio. Il materiale in alluminio riciclato \u00e8 leggero ma resistente ed \u00e8 certificato GRS (Global Recycled Standard). Questa certificazione garantisce l&#039;origine riciclata del materiale, offrendo piena trasparenza per il tuo marketing sostenibile. <span class=\"citation-5 citation-end-5\">A differenza di altri materiali, l&#039;alluminio pu\u00f2 essere riciclato quasi all&#039;infinito senza perdere le sue propriet\u00e0 originali, un processo che consuma molta meno energia rispetto alla nuova produzione.<\/span> Scegliendo questo prodotto dimostri i valori del tuo marchio.<\/p>\n<p><b>Caratteristiche principali:<\/b><\/p>\n<ul>\n<li><b>Capacit\u00e0:<\/b> 500 ml<\/li>\n<li><b>Materiale:<\/b> Alluminio riciclato certificato GRS<\/li>\n<li><b>Fine:<\/b> Argento lucido<\/li>\n<li><b>Ecologico:<\/b> Riutilizzabile e infinitamente riciclabile<\/li>\n<li><b>Leggero:<\/b> Facile da trasportare per gli ospiti<\/li>\n<li><b>Certificato:<\/b><span class=\"citation-4 citation-end-4\"> GRS (Global Recycled Standard) garantisce il contenuto riciclato<\/span><\/li>\n<li><b>Marchio:<\/b> Ideale per l&#039;incisione laser o la stampa del tuo logo<\/li>\n<\/ul>","protected":false},"excerpt":{"rendered":"<ul>\n<li>Metti in mostra il tuo marchio su una tazza di alluminio riciclato da 500 ml di alta qualit\u00e0.<\/li>\n<li>Leggero, resistente e caratterizzato da una finitura argentata lucida ed elegante.<\/li>\n<li>Certificato GRS per garantire materiali sostenibili e riciclati.<\/li>\n<li>Perfetto per eventi eco-sostenibili, regali aziendali e festival.<\/li>\n<\/ul>","protected":false},"featured_media":6593,"comment_status":"closed","ping_status":"closed","template":"","meta":[],"product_brand":[],"product_cat":[111],"product_tag":[],"class_list":{"0":"post-5195","1":"product","2":"type-product","3":"status-publish","4":"has-post-thumbnail","6":"product_cat-reusable-event-cups","8":"first","9":"instock","10":"shipping-taxable","11":"purchasable","12":"product-type-simple"},"_links":{"self":[{"href":"https:\/\/displayproducts.eu\/it\/wp-json\/wp\/v2\/product\/5195","targetHints":{"allow":["GET"]}}],"collection":[{"href":"https:\/\/displayproducts.eu\/it\/wp-json\/wp\/v2\/product"}],"about":[{"href":"https:\/\/displayproducts.eu\/it\/wp-json\/wp\/v2\/types\/product"}],"replies":[{"embeddable":true,"href":"https:\/\/displayproducts.eu\/it\/wp-json\/wp\/v2\/comments?post=5195"}],"wp:featuredmedia":[{"embeddable":true,"href":"https:\/\/displayproducts.eu\/it\/wp-json\/wp\/v2\/media\/6593"}],"wp:attachment":[{"href":"https:\/\/displayproducts.eu\/it\/wp-json\/wp\/v2\/media?parent=5195"}],"wp:term":[{"taxonomy":"product_brand","embeddable":true,"href":"https:\/\/displayproducts.eu\/it\/wp-json\/wp\/v2\/product_brand?post=5195"},{"taxonomy":"product_cat","embeddable":true,"href":"https:\/\/displayproducts.eu\/it\/wp-json\/wp\/v2\/product_cat?post=5195"},{"taxonomy":"product_tag","embeddable":true,"href":"https:\/\/displayproducts.eu\/it\/wp-json\/wp\/v2\/product_tag?post=5195"}],"curies":[{"name":"wp","href":"https:\/\/api.w.org\/{rel}","templated":true}]}}