{"id":5071,"date":"2025-10-06T21:16:24","date_gmt":"2025-10-06T18:16:24","guid":{"rendered":"https:\/\/wristbandfactory.eu\/?post_type=product&#038;p=5071"},"modified":"2026-04-01T21:52:35","modified_gmt":"2026-04-01T18:52:35","slug":"custom-shape-zinc-alloy-medals","status":"publish","type":"product","link":"https:\/\/displayproducts.eu\/it\/p\/custom-shape-zinc-alloy-medals\/","title":{"rendered":"Medaglie in lega di zinco di forma personalizzata"},"content":{"rendered":"<p>Premia i tuoi successi con un premio davvero unico e di alta qualit\u00e0. Le nostre medaglie in lega di zinco personalizzate sono la scelta perfetta per eventi sportivi, premi aziendali e competizioni, offrendo una libert\u00e0 di design senza pari e una finitura di alta qualit\u00e0 che sar\u00e0 apprezzata dai destinatari.<\/p>\n<p><b>Materiali e dettagli superiori<\/b> Utilizziamo la lega di zinco, un materiale pi\u00f9 leggero e resistente del ferro. Soprattutto, consente una fusione con dettagli molto pi\u00f9 fini, rendendola la scelta migliore per design con dettagli intricati o ritagli (fori) nel design della medaglia. La parte anteriore di ogni medaglia presenta un resistente motivo in smalto duro con una finitura liscia, simile al vetro.<\/p>\n<p><b>Opzioni di personalizzazione complete<\/b><\/p>\n<ul>\n<li><b>Medaglia:<\/b> Il tuo design pu\u00f2 essere realizzato in qualsiasi forma fino a 65 mm. Scegli tra 8 diversi colori di placcatura. Puoi aggiungere un logo in rilievo o inrichiedi preventivoto sul retro, nonch\u00e9 incidere nomi e numeri personalizzati.<\/li>\n<li><b>Nastro:<\/b> Ogni medaglia include un nastro in poliestere lungo 80 cm con cucitura ad anello. I nastri possono essere realizzati in un massimo di 3 colori a scelta, ed \u00e8 possibile aggiungere il logo serigrafico su uno o entrambi i lati.<\/li>\n<\/ul>\n<p>&nbsp;<\/p>\n<p><b>Il pacchetto &quot;Medaglie vincenti&quot;<\/b> Perfetto per le competizioni, offriamo un esclusivo pacchetto &quot;Medaglie Vincitrici&quot;. Per ogni ordine, puoi scegliere di realizzare tre medaglie nelle classiche tonalit\u00e0 di placcatura oro, argento e bronzo per il 1\u00b0, 2\u00b0 e 3\u00b0 posto, complete di nomi o numeri esclusivi. Ad esempio, un ordine di 100 medaglie ne includerebbe 97 nel design principale e 3 nel set di placcatura del vincitore.<\/p>\n<p><b>Caratteristiche principali:<\/b><\/p>\n<ul>\n<li><b>Forma completamente personalizzata:<\/b> La tua medaglia pu\u00f2 essere pressofusa in qualsiasi forma, non solo in un cerchio standard.<\/li>\n<li><b>Materiale in lega di zinco di alta qualit\u00e0:<\/b> Consente dettagli raffinati e intricati e ritagli personalizzati.<\/li>\n<li><b>Finitura liscia in smalto duro:<\/b> Fornisce una superficie di alta qualit\u00e0, simile al vetro.<\/li>\n<li><b>Pacchetto &quot;Medaglie vincenti&quot; disponibile:<\/b> Includi facilmente le medaglie del 1\u00b0, 2\u00b0 e 3\u00b0 posto nel tuo ordine.<\/li>\n<li><b>Incisione di nomi e numeri individuali:<\/b> Personalizza ogni medaglia per il destinatario.<\/li>\n<li><b>Nastri personalizzabili inclusi:<\/b> Scegli i tuoi colori e aggiungi il tuo logo ai nastri da 80 cm.<\/li>\n<li><b>8 diversi colori di placcatura:<\/b> Scegli la finitura perfetta per il tuo design.<\/li>\n<li><b>Design del logo sul retro facoltativo:<\/b> Aggiungi un ulteriore tocco di branding con un logo in rilievo o inrichiedi preventivoto.<\/li>\n<\/ul>","protected":false},"excerpt":{"rendered":"<p>Crea premi straordinari e completamente personalizzati con le nostre medaglie in lega di zinco. Caratterizzate da una finitura liscia in smalto duro e da dettagli intricati, possono essere realizzate in qualsiasi forma per rappresentare il tuo evento.<\/p>","protected":false},"featured_media":6483,"comment_status":"closed","ping_status":"closed","template":"","meta":[],"product_brand":[],"product_cat":[68,102],"product_tag":[],"class_list":{"0":"post-5071","1":"product","2":"type-product","3":"status-publish","4":"has-post-thumbnail","6":"product_cat-event-supplies","7":"product_cat-medals","9":"first","10":"instock","11":"shipping-taxable","12":"purchasable","13":"product-type-simple"},"_links":{"self":[{"href":"https:\/\/displayproducts.eu\/it\/wp-json\/wp\/v2\/product\/5071","targetHints":{"allow":["GET"]}}],"collection":[{"href":"https:\/\/displayproducts.eu\/it\/wp-json\/wp\/v2\/product"}],"about":[{"href":"https:\/\/displayproducts.eu\/it\/wp-json\/wp\/v2\/types\/product"}],"replies":[{"embeddable":true,"href":"https:\/\/displayproducts.eu\/it\/wp-json\/wp\/v2\/comments?post=5071"}],"wp:featuredmedia":[{"embeddable":true,"href":"https:\/\/displayproducts.eu\/it\/wp-json\/wp\/v2\/media\/6483"}],"wp:attachment":[{"href":"https:\/\/displayproducts.eu\/it\/wp-json\/wp\/v2\/media?parent=5071"}],"wp:term":[{"taxonomy":"product_brand","embeddable":true,"href":"https:\/\/displayproducts.eu\/it\/wp-json\/wp\/v2\/product_brand?post=5071"},{"taxonomy":"product_cat","embeddable":true,"href":"https:\/\/displayproducts.eu\/it\/wp-json\/wp\/v2\/product_cat?post=5071"},{"taxonomy":"product_tag","embeddable":true,"href":"https:\/\/displayproducts.eu\/it\/wp-json\/wp\/v2\/product_tag?post=5071"}],"curies":[{"name":"wp","href":"https:\/\/api.w.org\/{rel}","templated":true}]}}