{"id":5063,"date":"2025-10-06T16:48:59","date_gmt":"2025-10-06T13:48:59","guid":{"rendered":"https:\/\/wristbandfactory.eu\/?post_type=product&#038;p=5063"},"modified":"2026-04-01T21:52:04","modified_gmt":"2026-04-01T18:52:04","slug":"remote-controlled-led-glow-wands","status":"publish","type":"product","link":"https:\/\/displayproducts.eu\/it\/p\/remote-controlled-led-glow-wands\/","title":{"rendered":"Bacchette luminose a LED telecomandate"},"content":{"rendered":"<p>Dai energia alla folla e crea un paesaggio visivo mozzafiato con le nostre bacchette luminose a LED personalizzabili. Un elemento essenziale per concerti, festival ed eventi sportivi, queste bacchette da 30 cm sono progettate per un coinvolgimento del pubblico di grande impatto. Dotate di una comoda impugnatura ergonomica in ABS e di una bacchetta luminosa illuminata da 4 potenti LED, rappresentano un significativo miglioramento rispetto alle tradizionali bacchette in schiuma monouso.<\/p>\n<p>L&#039;impugnatura pu\u00f2 essere personalizzata con il colore e il logo del tuo brand, trasformando ogni bacchetta in un potente strumento promozionale. Offriamo due versioni funzionali per soddisfare perfettamente le esigenze del tuo evento.<\/p>\n<p><b>Scegli la tua versione:<\/b><\/p>\n<ol start=\"1\">\n<li><b>Versione dell&#039;interruttore a pulsante:<\/b> La scelta classica per un utilizzo senza stampa. Gli utenti possono scegliere tra 15 colori vivaci e diverse modalit\u00e0 con un senza stampa pulsante situato sull&#039;impugnatura.<\/li>\n<li><b>Versione con telecomando:<\/b> Trasforma il tuo evento in uno spettacolo di luci interattivo. Questa versione \u00e8 compatibile con il nostro <b><a class=\"ng-star-inserted\" href=\"https:\/\/displayproducts.eu\/it\/p\/remote-dmx-controllers-for-led-wristbands\/\" target=\"_blank\" rel=\"noopener\" data-hveid=\"0\" data-ved=\"0CAAQ_4QMahgKEwih_pyAto-QAxUAAAAAHQAAAAAQ7Rg\">Controller remoti e DMX<\/a><\/b>, consentendoti di sincronizzare ogni bacchetta del pubblico per una performance coordinata davvero indimenticabile.<\/li>\n<\/ol>\n<p>La cosa migliore \u00e8 che ogni bacchetta \u00e8 dotata di batterie, per cui \u00e8 pronta all&#039;uso fin dal primo momento.<\/p>\n<p><b>Caratteristiche principali:<\/b><\/p>\n<ul>\n<li><b>Manico ergonomico riutilizzabile:<\/b> Offre una presa comoda e durevole.<\/li>\n<li><b>Bacchetta luminosa da 30 cm:<\/b> Illuminato da 4 LED interni per un&#039;eccellente visibilit\u00e0.<\/li>\n<li><b>Disponibili due versioni:<\/b> Scegli tra un interruttore a pulsante manuale o un modello con telecomando completo.<\/li>\n<li><b>15 opzioni di colori vivaci:<\/b> Un&#039;ampia gamma di colori per dare energia a qualsiasi evento.<\/li>\n<li><b>Batterie incluse:<\/b> Pronto all&#039;uso immediato, senza problemi per gli organizzatori di eventi.<\/li>\n<li><b>Maniglia personalizzabile per il branding:<\/b> Aggiungi il tuo logo o un colore personalizzato per promuovere il tuo marchio.<\/li>\n<\/ul>","protected":false},"excerpt":{"rendered":"<p>Illumina il tuo concerto o la tua festa con le nostre bacchette luminose a LED di alta qualit\u00e0. Dotate di una comoda impugnatura e di luci brillanti, sono disponibili in versione manuale o interattiva con telecomando.<\/p>","protected":false},"featured_media":6596,"comment_status":"closed","ping_status":"closed","template":"","meta":[],"product_brand":[],"product_cat":[68,76,45],"product_tag":[],"class_list":{"0":"post-5063","1":"product","2":"type-product","3":"status-publish","4":"has-post-thumbnail","6":"product_cat-event-supplies","7":"product_cat-glow-led-products","8":"product_cat-other","10":"first","11":"instock","12":"shipping-taxable","13":"product-type-simple"},"_links":{"self":[{"href":"https:\/\/displayproducts.eu\/it\/wp-json\/wp\/v2\/product\/5063","targetHints":{"allow":["GET"]}}],"collection":[{"href":"https:\/\/displayproducts.eu\/it\/wp-json\/wp\/v2\/product"}],"about":[{"href":"https:\/\/displayproducts.eu\/it\/wp-json\/wp\/v2\/types\/product"}],"replies":[{"embeddable":true,"href":"https:\/\/displayproducts.eu\/it\/wp-json\/wp\/v2\/comments?post=5063"}],"wp:featuredmedia":[{"embeddable":true,"href":"https:\/\/displayproducts.eu\/it\/wp-json\/wp\/v2\/media\/6596"}],"wp:attachment":[{"href":"https:\/\/displayproducts.eu\/it\/wp-json\/wp\/v2\/media?parent=5063"}],"wp:term":[{"taxonomy":"product_brand","embeddable":true,"href":"https:\/\/displayproducts.eu\/it\/wp-json\/wp\/v2\/product_brand?post=5063"},{"taxonomy":"product_cat","embeddable":true,"href":"https:\/\/displayproducts.eu\/it\/wp-json\/wp\/v2\/product_cat?post=5063"},{"taxonomy":"product_tag","embeddable":true,"href":"https:\/\/displayproducts.eu\/it\/wp-json\/wp\/v2\/product_tag?post=5063"}],"curies":[{"name":"wp","href":"https:\/\/api.w.org\/{rel}","templated":true}]}}