{"id":5052,"date":"2025-10-06T16:33:54","date_gmt":"2025-10-06T13:33:54","guid":{"rendered":"https:\/\/wristbandfactory.eu\/?post_type=product&#038;p=5052"},"modified":"2026-04-01T21:52:35","modified_gmt":"2026-04-01T18:52:35","slug":"remote-dmx-controllers-for-led-wristbands","status":"publish","type":"product","link":"https:\/\/displayproducts.eu\/it\/p\/remote-dmx-controllers-for-led-wristbands\/","title":{"rendered":"Telecomandi e controller DMX per braccialetti LED"},"content":{"rendered":"<p>Per ottenere una sincronizzazione completa e creare spettacoli di luci coinvolgenti con i nostri braccialetti telecomandati, un controller centrale \u00e8 un accessorio essenziale. I nostri controller vi offrono il controllo assoluto sull&#039;atmosfera della location, consentendo a un singolo operatore di attivare vivaci cambi di colore e sequenze di lampeggianti dinamici per l&#039;intera platea. Che stiate organizzando un gala aziendale o un tour di fama mondiale negli stadi, questi dispositivi garantiscono che ogni braccialetto rimanga perfettamente sincronizzato.<\/p>\n<h2 data-path-to-node=\"12\">Il controller DMX &quot;Big&quot; (hub professionale)<\/h2>\n<p data-path-to-node=\"13\">Questa \u00e8 la nostra unit\u00e0 di controllo pi\u00f9 potente, progettata per tecnici dell&#039;illuminazione professionisti e produzioni su larga scala. \u00c8 completamente compatibile con il protocollo DMX512, consentendo di integrare i braccialetti direttamente nella console luci esistente del vostro locale.<\/p>\n<ul data-path-to-node=\"14\">\n<li>\n<p data-path-to-node=\"14,0,0\"><b data-path-to-node=\"14,0,0\" data-index-in-node=\"0\">Allineare:<\/b> Fino a 500 metri in spazi aperti.<\/p>\n<\/li>\n<li>\n<p data-path-to-node=\"14,1,0\"><b data-path-to-node=\"14,1,0\" data-index-in-node=\"0\">Capacit\u00e0:<\/b> Controlla fino a 5000+ braccialetti contemporaneamente.<\/p>\n<\/li>\n<li>\n<p data-path-to-node=\"14,2,0\"><b data-path-to-node=\"14,2,0\" data-index-in-node=\"0\">Energia:<\/b> Alimentatore esterno per funzionamento continuo.<\/p>\n<\/li>\n<\/ul>\n<h2 data-path-to-node=\"15\">Il controller portatile &quot;piccolo&quot; (facilit\u00e0 di trasporto)<\/h2>\n<p data-path-to-node=\"16\">Ideale per piccoli eventi, feste e lanci di prodotto, il controller piccolo offre un&#039;interfaccia senza stampa e intuitiva per il controllo manuale. \u00c8 alimentato a batteria ed \u00e8 portatile, offrendo all&#039;operatore la libert\u00e0 di muoversi all&#039;interno della location mentre gestisce lo spettacolo di luci.<\/p>\n<ul data-path-to-node=\"17\">\n<li>\n<p data-path-to-node=\"17,0,0\"><b data-path-to-node=\"17,0,0\" data-index-in-node=\"0\">Allineare:<\/b> Segnale affidabile fino a 200-300 metri.<\/p>\n<\/li>\n<li>\n<p data-path-to-node=\"17,1,0\"><b data-path-to-node=\"17,1,0\" data-index-in-node=\"0\">Funzioni:<\/b> Pulsanti facili da usare per 15 preimpostazioni di colore e 8 modalit\u00e0 di lampeggiamento.<\/p>\n<\/li>\n<li>\n<p data-path-to-node=\"17,2,0\"><b data-path-to-node=\"17,2,0\" data-index-in-node=\"0\">Portabilit\u00e0:<\/b> Design leggero con batteria a lunga durata.<\/p>\n<\/li>\n<\/ul>\n<h2 data-path-to-node=\"18\">Caratteristiche principali e connettivit\u00e0<\/h2>\n<ul data-path-to-node=\"19\">\n<li>\n<p data-path-to-node=\"19,0,0\"><b data-path-to-node=\"19,0,0\" data-index-in-node=\"0\">Tecnologia RF:<\/b> Utilizza la frequenza ad alta stabilit\u00e0 di 433 MHz per garantire la penetrazione del segnale anche in mezzo a folle dense.<\/p>\n<\/li>\n<li>\n<p data-path-to-node=\"19,1,0\"><b data-path-to-node=\"19,1,0\" data-index-in-node=\"0\">Integrazione DMX512:<\/b> Si sincronizza perfettamente con le console di illuminazione professionali per sequenze di spettacoli pre-programmate.<\/p>\n<\/li>\n<li>\n<p data-path-to-node=\"19,2,0\"><b data-path-to-node=\"19,2,0\" data-index-in-node=\"0\">Risposta immediata:<\/b> Trasmissione del segnale a latenza zero per una perfetta sincronia con musica e segnali visivi.<\/p>\n<\/li>\n<\/ul>\n<h2 data-path-to-node=\"20\">Specifiche<\/h2>\n<ul data-path-to-node=\"21\">\n<li>\n<p data-path-to-node=\"21,0,0\"><b data-path-to-node=\"21,0,0\" data-index-in-node=\"0\">Frequenze:<\/b> 433,92 MHz.<\/p>\n<\/li>\n<li>\n<p data-path-to-node=\"21,1,0\"><b data-path-to-node=\"21,1,0\" data-index-in-node=\"0\">Tensione di lavoro:<\/b> CC 5 V (piccolo) \/ CC 12 V (grande).<\/p>\n<\/li>\n<li>\n<p data-path-to-node=\"21,2,0\"><b data-path-to-node=\"21,2,0\" data-index-in-node=\"0\">Canali:<\/b> Supporta pi\u00f9 zone e controllo specifico per gruppo.<\/p>\n<\/li>\n<li>\n<p data-path-to-node=\"21,3,0\"><b data-path-to-node=\"21,3,0\" data-index-in-node=\"0\">Dimensioni:<\/b> Unit\u00e0 professionale portatile o montabile su rack.<\/p>\n<\/li>\n<\/ul>\n<p data-path-to-node=\"22\">","protected":false},"excerpt":{"rendered":"<ul>\n<li>\n<p data-path-to-node=\"10,0,0\"><b data-path-to-node=\"10,0,0\" data-index-in-node=\"0\">Comando universale:<\/b> Controlla migliaia di braccialetti LED contemporaneamente entro un raggio d&#039;azione di 500 metri.<\/p>\n<\/li>\n<li>\n<p data-path-to-node=\"10,1,0\"><b data-path-to-node=\"10,1,0\" data-index-in-node=\"0\">Doppia tecnologia:<\/b> Supporta sia il controllo remoto RF (radiofrequenza) manuale sia l&#039;integrazione professionale DMX512.<\/p>\n<\/li>\n<li>\n<p data-path-to-node=\"10,2,0\"><b data-path-to-node=\"10,2,0\" data-index-in-node=\"0\">Soluzioni scalabili:<\/b> Scegli tra il controller portatile Small Controller per locali pi\u00f9 intimi o il controller Big Controller per eventi di grandi dimensioni.<\/p>\n<\/li>\n<li>\n<p data-path-to-node=\"10,3,0\"><b data-path-to-node=\"10,3,0\" data-index-in-node=\"0\">Effetti in tempo reale:<\/b> Passa all&#039;istante tra oltre 15 colori e vari schemi di lampeggiamento per adattarli al ritmo del tuo evento.<\/p>\n<\/li>\n<\/ul>","protected":false},"featured_media":5980,"comment_status":"closed","ping_status":"closed","template":"","meta":[],"product_brand":[],"product_cat":[80],"product_tag":[],"class_list":{"0":"post-5052","1":"product","2":"type-product","3":"status-publish","4":"has-post-thumbnail","6":"product_cat-led-wristbands","8":"first","9":"instock","10":"shipping-taxable","11":"purchasable","12":"product-type-simple"},"_links":{"self":[{"href":"https:\/\/displayproducts.eu\/it\/wp-json\/wp\/v2\/product\/5052","targetHints":{"allow":["GET"]}}],"collection":[{"href":"https:\/\/displayproducts.eu\/it\/wp-json\/wp\/v2\/product"}],"about":[{"href":"https:\/\/displayproducts.eu\/it\/wp-json\/wp\/v2\/types\/product"}],"replies":[{"embeddable":true,"href":"https:\/\/displayproducts.eu\/it\/wp-json\/wp\/v2\/comments?post=5052"}],"wp:featuredmedia":[{"embeddable":true,"href":"https:\/\/displayproducts.eu\/it\/wp-json\/wp\/v2\/media\/5980"}],"wp:attachment":[{"href":"https:\/\/displayproducts.eu\/it\/wp-json\/wp\/v2\/media?parent=5052"}],"wp:term":[{"taxonomy":"product_brand","embeddable":true,"href":"https:\/\/displayproducts.eu\/it\/wp-json\/wp\/v2\/product_brand?post=5052"},{"taxonomy":"product_cat","embeddable":true,"href":"https:\/\/displayproducts.eu\/it\/wp-json\/wp\/v2\/product_cat?post=5052"},{"taxonomy":"product_tag","embeddable":true,"href":"https:\/\/displayproducts.eu\/it\/wp-json\/wp\/v2\/product_tag?post=5052"}],"curies":[{"name":"wp","href":"https:\/\/api.w.org\/{rel}","templated":true}]}}