{"id":4271,"date":"2025-06-05T15:43:08","date_gmt":"2025-06-05T12:43:08","guid":{"rendered":"https:\/\/wristbandfactory.eu\/?post_type=product&#038;p=4271"},"modified":"2026-04-01T21:52:35","modified_gmt":"2026-04-01T18:52:35","slug":"reusable-event-cups-600ml","status":"publish","type":"product","link":"https:\/\/displayproducts.eu\/it\/p\/reusable-event-cups-600ml\/","title":{"rendered":"Bicchieri riutilizzabili per eventi (600 ml)"},"content":{"rendered":"<p data-path-to-node=\"8\">Supera la dimensione standard da 500 ml con il nostro bicchiere riutilizzabile per eventi da 600 ml. Questo bicchiere \u00e8 specificamente progettato per ambienti ad alta affluenza come festival, impianti sportivi e concerti su larga scala, dove ridurre la frequenza di riempimento \u00e8 fondamentale per migliorare la velocit\u00e0 del servizio e la soddisfazione dei visitatori.<\/p>\n<p data-path-to-node=\"9\">Realizzata in PP (polipropilene) flessibile ma resistente, questa tazza presenta una finitura pulita e semitrasparente che si adatta bene a qualsiasi branding. Il suo volume pi\u00f9 ampio offre maggiore praticit\u00e0 ai partecipanti agli eventi all&#039;aperto pi\u00f9 affollati.<\/p>\n<p data-path-to-node=\"10\">Questa tazza non \u00e8 solo pratica, ma anche un eccellente strumento di branding. Offre un&#039;ampia area di stampa avvolgente di 220 x 70 mm per il logo aziendale o il messaggio della campagna, che pu\u00f2 essere applicata con una serigrafia monocromatica resistente. Il materiale \u00e8 certificato senza BPA, garantendo una soluzione sicura e di alta qualit\u00e0 per il vostro evento.<\/p>\n<p data-path-to-node=\"11\"><b>Caratteristiche principali:<\/b><\/p>\n<ul data-path-to-node=\"12\">\n<li>\n<p data-path-to-node=\"12,0,0\"><b>Capacit\u00e0 superiore allo standard di 600 ml:<\/b> Offre un volume maggiore per ridurre la frequenza di rifornimento nei luoghi pi\u00f9 affollati.<\/p>\n<\/li>\n<li>\n<p data-path-to-node=\"12,1,0\"><b>Materiale durevole e flessibile:<\/b> Realizzato in plastica PP riutilizzabile e senza BPA.<\/p>\n<\/li>\n<li>\n<p data-path-to-node=\"12,2,0\"><b>Finitura semitrasparente:<\/b> Fornisce una base pulita e moderna per il tuo marchio.<\/p>\n<\/li>\n<li>\n<p data-path-to-node=\"12,3,0\"><b>Ampia area di stampa:<\/b> Dispone di un&#039;area di 220 x 70 mm per la stampa serigrafica a 1 colore.<\/p>\n<\/li>\n<li>\n<p data-path-to-node=\"12,4,0\"><b>Soluzione ecologica:<\/b> Un&#039;alternativa riutilizzabile alla plastica monouso, ideale per la distribuzione su larga scala.<\/p>\n<\/li>\n<\/ul>\n<p data-path-to-node=\"13\">","protected":false},"excerpt":{"rendered":"<ul>\n<li>\n<p data-path-to-node=\"7,0,0\">Presenta una capacit\u00e0 superiore allo standard di 600 ml per ridurre la frequenza di riempimento.<\/p>\n<\/li>\n<li>\n<p data-path-to-node=\"7,1,0\">Realizzato in plastica PP flessibile, resistente e senza BPA.<\/p>\n<\/li>\n<li>\n<p data-path-to-node=\"7,2,0\">La finitura moderna e semitrasparente conferisce un aspetto pulito.<\/p>\n<\/li>\n<li>\n<p data-path-to-node=\"7,3,0\">Ampia area di stampa da 220 x 70 mm per la stampa serigrafica a 1 colore.<\/p>\n<\/li>\n<\/ul>","protected":false},"featured_media":6621,"comment_status":"closed","ping_status":"closed","template":"","meta":[],"product_brand":[],"product_cat":[111],"product_tag":[],"class_list":{"0":"post-4271","1":"product","2":"type-product","3":"status-publish","4":"has-post-thumbnail","6":"product_cat-reusable-event-cups","8":"first","9":"instock","10":"shipping-taxable","11":"purchasable","12":"product-type-simple"},"_links":{"self":[{"href":"https:\/\/displayproducts.eu\/it\/wp-json\/wp\/v2\/product\/4271","targetHints":{"allow":["GET"]}}],"collection":[{"href":"https:\/\/displayproducts.eu\/it\/wp-json\/wp\/v2\/product"}],"about":[{"href":"https:\/\/displayproducts.eu\/it\/wp-json\/wp\/v2\/types\/product"}],"replies":[{"embeddable":true,"href":"https:\/\/displayproducts.eu\/it\/wp-json\/wp\/v2\/comments?post=4271"}],"wp:featuredmedia":[{"embeddable":true,"href":"https:\/\/displayproducts.eu\/it\/wp-json\/wp\/v2\/media\/6621"}],"wp:attachment":[{"href":"https:\/\/displayproducts.eu\/it\/wp-json\/wp\/v2\/media?parent=4271"}],"wp:term":[{"taxonomy":"product_brand","embeddable":true,"href":"https:\/\/displayproducts.eu\/it\/wp-json\/wp\/v2\/product_brand?post=4271"},{"taxonomy":"product_cat","embeddable":true,"href":"https:\/\/displayproducts.eu\/it\/wp-json\/wp\/v2\/product_cat?post=4271"},{"taxonomy":"product_tag","embeddable":true,"href":"https:\/\/displayproducts.eu\/it\/wp-json\/wp\/v2\/product_tag?post=4271"}],"curies":[{"name":"wp","href":"https:\/\/api.w.org\/{rel}","templated":true}]}}