{"id":4202,"date":"2025-06-05T13:39:24","date_gmt":"2025-06-05T10:39:24","guid":{"rendered":"https:\/\/wristbandfactory.eu\/?post_type=product&#038;p=4202"},"modified":"2026-04-01T21:52:04","modified_gmt":"2026-04-01T18:52:04","slug":"standard-reusable-event-cups-500ml","status":"publish","type":"product","link":"https:\/\/displayproducts.eu\/it\/p\/standard-reusable-event-cups-500ml\/","title":{"rendered":"Bicchieri standard riutilizzabili per eventi (500 ml)"},"content":{"rendered":"<p data-path-to-node=\"8\">Questa tazza standard riutilizzabile da 500 ml \u00e8 la soluzione ideale ed economica per eventi su larga scala, festival e campagne promozionali. \u00c8 progettata per le organizzazioni che cercano un&#039;alternativa durevole, sostenibile e altamente personalizzabile alla plastica monouso, senza complesse configurazioni.<\/p>\n<p data-path-to-node=\"9\">Realizzata in Europa in robusta plastica PP a parete singola, questa tazza \u00e8 leggera ma sufficientemente robusta da resistere agli eventi pi\u00f9 affollati. La sua capacit\u00e0 di 500 ml \u00e8 perfetta per servire la maggior parte delle bevande. Il design minimalista offre una superficie pulita per il tuo marchio.<\/p>\n<p data-path-to-node=\"10\">Questa tazza \u00e8 ottimizzata per un branding monocromatico chiaro e conveniente. Offriamo sia la stampa a tampone che la serigrafia per visualizzare efficacemente il tuo logo o il messaggio del tuo evento.<\/p>\n<p data-path-to-node=\"11\">Il materiale \u00e8 certificato privo di BPA, garantendo la sicurezza di tutti i partecipanti. Essendo un prodotto riutilizzabile e di fabbricazione europea, rappresenta una scelta affidabile ed ecosostenibile per qualsiasi evento.<\/p>\n<p data-path-to-node=\"12\"><b>Caratteristiche principali:<\/b><\/p>\n<ul data-path-to-node=\"13\">\n<li>\n<p data-path-to-node=\"13,0,0\"><b>Branding conveniente:<\/b> Ottimizzato per la stampa a tampone o serigrafica a 1 colore a prezzi accessibili.<\/p>\n<\/li>\n<li>\n<p data-path-to-node=\"13,1,0\"><b>Capacit\u00e0 standard 500 ml:<\/b> La dimensione versatile perfetta per festival, eventi aziendali e promozioni.<\/p>\n<\/li>\n<li>\n<p data-path-to-node=\"13,2,0\"><b>Resistente e leggero:<\/b> Realizzato in robusta plastica PP a parete singola, ideale per la distribuzione su larga scala.<\/p>\n<\/li>\n<li>\n<p data-path-to-node=\"13,3,0\"><b>Sicuro e sostenibile:<\/b> Certificato senza BPA e prodotto in Europa secondo elevati standard qualitativi.<\/p>\n<\/li>\n<li>\n<p data-path-to-node=\"13,4,0\"><b>Soluzione ecologica:<\/b> Un&#039;alternativa durevole e riutilizzabile per ridurre i rifiuti di plastica monouso.<\/p>\n<\/li>\n<\/ul>","protected":false},"excerpt":{"rendered":"<ul>\n<li>\n<p data-path-to-node=\"7,0,0\">La scelta pi\u00f9 conveniente per ordini all&#039;ingrosso ed eventi su larga scala.<\/p>\n<\/li>\n<li>\n<p data-path-to-node=\"7,1,0\">Ideale per un branding a 1 colore conveniente (stampa a tampone o serigrafica).<\/p>\n<\/li>\n<li>\n<p data-path-to-node=\"7,2,0\">Plastica PP a parete singola, resistente e leggera.<\/p>\n<\/li>\n<li>\n<p data-path-to-node=\"7,3,0\">Prodotto in Europa e certificato senza BPA.<\/p>\n<\/li>\n<\/ul>","protected":false},"featured_media":6639,"comment_status":"closed","ping_status":"closed","template":"","meta":[],"product_brand":[],"product_cat":[111],"product_tag":[],"class_list":{"0":"post-4202","1":"product","2":"type-product","3":"status-publish","4":"has-post-thumbnail","6":"product_cat-reusable-event-cups","8":"first","9":"instock","10":"shipping-taxable","11":"purchasable","12":"product-type-simple"},"_links":{"self":[{"href":"https:\/\/displayproducts.eu\/it\/wp-json\/wp\/v2\/product\/4202","targetHints":{"allow":["GET"]}}],"collection":[{"href":"https:\/\/displayproducts.eu\/it\/wp-json\/wp\/v2\/product"}],"about":[{"href":"https:\/\/displayproducts.eu\/it\/wp-json\/wp\/v2\/types\/product"}],"replies":[{"embeddable":true,"href":"https:\/\/displayproducts.eu\/it\/wp-json\/wp\/v2\/comments?post=4202"}],"wp:featuredmedia":[{"embeddable":true,"href":"https:\/\/displayproducts.eu\/it\/wp-json\/wp\/v2\/media\/6639"}],"wp:attachment":[{"href":"https:\/\/displayproducts.eu\/it\/wp-json\/wp\/v2\/media?parent=4202"}],"wp:term":[{"taxonomy":"product_brand","embeddable":true,"href":"https:\/\/displayproducts.eu\/it\/wp-json\/wp\/v2\/product_brand?post=4202"},{"taxonomy":"product_cat","embeddable":true,"href":"https:\/\/displayproducts.eu\/it\/wp-json\/wp\/v2\/product_cat?post=4202"},{"taxonomy":"product_tag","embeddable":true,"href":"https:\/\/displayproducts.eu\/it\/wp-json\/wp\/v2\/product_tag?post=4202"}],"curies":[{"name":"wp","href":"https:\/\/api.w.org\/{rel}","templated":true}]}}