{"id":4098,"date":"2025-05-09T18:19:48","date_gmt":"2025-05-09T15:19:48","guid":{"rendered":"https:\/\/wristbandfactory.eu\/?post_type=product&#038;p=4098"},"modified":"2026-04-01T21:52:04","modified_gmt":"2026-04-01T18:52:04","slug":"pu-leather-wristbands-with-details","status":"publish","type":"product","link":"https:\/\/displayproducts.eu\/it\/p\/pu-leather-wristbands-with-details\/","title":{"rendered":"Braccialetti in pelle PU con dettagli"},"content":{"rendered":"<p class=\"\" data-start=\"132\" data-end=\"394\">Aggiungi un tocco di brillantezza ed eleganza alla tua collezione di accessori con questo elegante bracciale in similpelle PU, caratterizzato da un design moderno e dettagli in cristallo dai colori vivaci. Il bracciale \u00e8 perfetto sia per l&#039;uso quotidiano che come regalo aziendale di alta qualit\u00e0.<\/p>\n<p class=\"\" data-start=\"396\" data-end=\"640\">Il cinturino regolabile con bottone a pressione si adatta a polsi di diverse misure. Il bracciale \u00e8 disponibile in tre eleganti tonalit\u00e0: oro, nero e argento, ognuna delle quali esalta a modo suo lo stile di chi lo indossa e offre uno splendido sfondo per le pietre scintillanti.<\/p>\n<p class=\"\" data-start=\"642\" data-end=\"891\">Questo prodotto pu\u00f2 anche essere personalizzato: l&#039;area di stampa si trova vicino alla chiusura, dove \u00e8 possibile aggiungere un logo o un messaggio tramite tampografia monocromatica, con una dimensione di stampa di 15 \u00d7 12 mm. Questo rende il braccialetto ideale come regalo promozionale o per campagne pubblicitarie.<\/p>\n<p class=\"\" data-start=\"893\" data-end=\"912\"><strong data-start=\"893\" data-end=\"912\">Specifiche:<\/strong><\/p>\n<ul data-start=\"913\" data-end=\"1238\">\n<li class=\"\" data-start=\"913\" data-end=\"941\">\n<p class=\"\" data-start=\"915\" data-end=\"941\"><strong data-start=\"915\" data-end=\"928\">Materiale:<\/strong> Pelle PU<\/p>\n<\/li>\n<li class=\"\" data-start=\"942\" data-end=\"995\">\n<p class=\"\" data-start=\"944\" data-end=\"995\"><strong data-start=\"944\" data-end=\"955\">Progetto:<\/strong> Dettagli scintillanti con finitura elegante<\/p>\n<\/li>\n<li class=\"\" data-start=\"996\" data-end=\"1038\">\n<p class=\"\" data-start=\"998\" data-end=\"1038\"><strong data-start=\"998\" data-end=\"1016\">Opzioni di colore:<\/strong> Oro, nero, argento<\/p>\n<\/li>\n<li class=\"\" data-start=\"1039\" data-end=\"1084\">\n<p class=\"\" data-start=\"1041\" data-end=\"1084\"><strong data-start=\"1041\" data-end=\"1051\">Chiusura:<\/strong> Chiusura regolabile con bottone automatico<\/p>\n<\/li>\n<li class=\"\" data-start=\"1085\" data-end=\"1118\">\n<p class=\"\" data-start=\"1087\" data-end=\"1118\"><strong data-start=\"1087\" data-end=\"1102\">Dimensioni:<\/strong> 20,5 \u00d7 2,6 centimetri<\/p>\n<\/li>\n<li class=\"\" data-start=\"1119\" data-end=\"1138\">\n<p class=\"\" data-start=\"1121\" data-end=\"1138\"><strong data-start=\"1121\" data-end=\"1132\">Peso:<\/strong> 8 grammi<\/p>\n<\/li>\n<li class=\"\" data-start=\"1139\" data-end=\"1181\">\n<p class=\"\" data-start=\"1141\" data-end=\"1181\"><strong data-start=\"1141\" data-end=\"1156\">Area di stampa:<\/strong> Chiusura vicina, 15 \u00d7 12 mm<\/p>\n<\/li>\n<li class=\"\" data-start=\"1182\" data-end=\"1238\">\n<p class=\"\" data-start=\"1184\" data-end=\"1238\"><strong data-start=\"1184\" data-end=\"1207\">Tecnica di stampa:<\/strong> Tampografia (massimo 1 colore)<\/p>\n<\/li>\n<\/ul>","protected":false},"excerpt":{"rendered":"<p class=\"\" data-start=\"80\" data-end=\"438\">Il bracciale in similpelle PU presenta accattivanti dettagli colorati a forma di cristallo. Il bracciale ha una chiusura a scatto regolabile ed \u00e8 disponibile in tre eleganti tonalit\u00e0: oro, nero e argento, ognuna delle quali esalta la personalit\u00e0 di chi lo indossa. \u00c8 possibile aggiungere un logo o un messaggio accanto alla chiusura tramite tampografia, rendendolo un fantastico regalo promozionale o per campagne pubblicitarie.<\/p>","protected":false},"featured_media":6430,"comment_status":"closed","ping_status":"closed","template":"","meta":[],"product_brand":[],"product_cat":[66,117],"product_tag":[],"class_list":{"0":"post-4098","1":"product","2":"type-product","3":"status-publish","4":"has-post-thumbnail","6":"product_cat-wristbands","7":"product_cat-leather-wristbands","9":"first","10":"instock","11":"shipping-taxable","12":"purchasable","13":"product-type-simple"},"_links":{"self":[{"href":"https:\/\/displayproducts.eu\/it\/wp-json\/wp\/v2\/product\/4098","targetHints":{"allow":["GET"]}}],"collection":[{"href":"https:\/\/displayproducts.eu\/it\/wp-json\/wp\/v2\/product"}],"about":[{"href":"https:\/\/displayproducts.eu\/it\/wp-json\/wp\/v2\/types\/product"}],"replies":[{"embeddable":true,"href":"https:\/\/displayproducts.eu\/it\/wp-json\/wp\/v2\/comments?post=4098"}],"wp:featuredmedia":[{"embeddable":true,"href":"https:\/\/displayproducts.eu\/it\/wp-json\/wp\/v2\/media\/6430"}],"wp:attachment":[{"href":"https:\/\/displayproducts.eu\/it\/wp-json\/wp\/v2\/media?parent=4098"}],"wp:term":[{"taxonomy":"product_brand","embeddable":true,"href":"https:\/\/displayproducts.eu\/it\/wp-json\/wp\/v2\/product_brand?post=4098"},{"taxonomy":"product_cat","embeddable":true,"href":"https:\/\/displayproducts.eu\/it\/wp-json\/wp\/v2\/product_cat?post=4098"},{"taxonomy":"product_tag","embeddable":true,"href":"https:\/\/displayproducts.eu\/it\/wp-json\/wp\/v2\/product_tag?post=4098"}],"curies":[{"name":"wp","href":"https:\/\/api.w.org\/{rel}","templated":true}]}}