{"id":4024,"date":"2025-05-09T16:57:10","date_gmt":"2025-05-09T13:57:10","guid":{"rendered":"https:\/\/wristbandfactory.eu\/?post_type=product&#038;p=4024"},"modified":"2026-04-01T21:52:36","modified_gmt":"2026-04-01T18:52:36","slug":"custom-engraved-multifunctional-paracord-survival-wristbands","status":"publish","type":"product","link":"https:\/\/displayproducts.eu\/it\/p\/custom-engraved-multifunctional-paracord-survival-wristbands\/","title":{"rendered":"Braccialetti paracord personalizzati"},"content":{"rendered":"<p data-path-to-node=\"8\">Valorizza i tuoi regali aziendali con uno strumento che unisce utilit\u00e0 e stile robusto. Il nostro braccialetto multifunzionale in paracord per la sopravvivenza \u00e8 pi\u00f9 di un senza stampa accessorio: \u00e8 un kit di emergenza compatto progettato per persone attive e amanti dell&#039;avventura. Che venga utilizzato per l&#039;escursionismo, il campeggio o l&#039;addestramento tattico, questo braccialetto offre strumenti essenziali direttamente al polso.<\/p>\n<p data-path-to-node=\"9\">Il nucleo del braccialetto \u00e8 realizzato in paracord di nylon ad alta resistenza, che pu\u00f2 essere srotolato in caso di emergenza. La fibbia di sicurezza integrata ospita un potente fischietto di soccorso e un raschietto accendifuoco, mentre la parte superiore presenta una bussola affidabile e un robusto apribottiglie.<\/p>\n<h2 data-path-to-node=\"10\">Caratteristiche principali<\/h2>\n<ul data-path-to-node=\"11\">\n<li>\n<p data-path-to-node=\"11,0,0\"><b data-path-to-node=\"11,0,0\" data-index-in-node=\"0\">Utilit\u00e0 tutto in uno:<\/b> Cinque strumenti essenziali per la sopravvivenza integrati in un unico design indossabile.<\/p>\n<\/li>\n<li>\n<p data-path-to-node=\"11,1,0\"><b data-path-to-node=\"11,1,0\" data-index-in-node=\"0\">Incisione laser personalizzata:<\/b> Il logo della tua azienda viene inciso con precisione sulla piastra metallica, garantendo che il marchio non sbiadisca n\u00e9 si stacchi mai.<\/p>\n<\/li>\n<li>\n<p data-path-to-node=\"11,2,0\"><b data-path-to-node=\"11,2,0\" data-index-in-node=\"0\">Costruzione robusta:<\/b> Costruito per resistere alle condizioni ambientali pi\u00f9 difficili, \u00e8 il preferito dagli amanti delle attivit\u00e0 all&#039;aria aperta.<\/p>\n<\/li>\n<li>\n<p data-path-to-node=\"11,3,0\"><b data-path-to-node=\"11,3,0\" data-index-in-node=\"0\">Vestibilit\u00e0 ergonomica:<\/b> Progettato per garantire il comfort anche in caso di utilizzo prolungato, \u00e8 dotato di un sistema di fibbia di sicurezza.<\/p>\n<\/li>\n<\/ul>\n<h2 data-path-to-node=\"12\">Specifiche<\/h2>\n<ul data-path-to-node=\"13\">\n<li>\n<p data-path-to-node=\"13,0,0\"><b data-path-to-node=\"13,0,0\" data-index-in-node=\"0\">Materiale:<\/b> Paracord in nylon ad alta tenacit\u00e0 e componenti in metallo<\/p>\n<\/li>\n<li>\n<p data-path-to-node=\"13,1,0\"><b data-path-to-node=\"13,1,0\" data-index-in-node=\"0\">Dimensioni:<\/b> 25,5 \u00d7 3,4 \u00d7 1,1 centimetri<\/p>\n<\/li>\n<li>\n<p data-path-to-node=\"13,2,0\"><b data-path-to-node=\"13,2,0\" data-index-in-node=\"0\">Peso:<\/b> 36 grammi<\/p>\n<\/li>\n<li>\n<p data-path-to-node=\"13,3,0\"><b data-path-to-node=\"13,3,0\" data-index-in-node=\"0\">Funzioni integrate:<\/b> Braccialetto, bussola, fischietto, raschietto per accendifuoco, apribottiglie<\/p>\n<\/li>\n<li>\n<p data-path-to-node=\"13,4,0\"><b data-path-to-node=\"13,4,0\" data-index-in-node=\"0\">Area di personalizzazione:<\/b> 20 \u00d7 10 mm sulla piastra metallica<\/p>\n<\/li>\n<li>\n<p data-path-to-node=\"13,5,0\"><b data-path-to-node=\"13,5,0\" data-index-in-node=\"0\">Tecnica:<\/b> Incisione laser monocolore<\/p>\n<\/li>\n<\/ul>\n<h2 data-path-to-node=\"14\">Casi d&#039;uso<\/h2>\n<ul data-path-to-node=\"15\">\n<li>\n<p data-path-to-node=\"15,0,0\"><b data-path-to-node=\"15,0,0\" data-index-in-node=\"0\">Team Building aziendale:<\/b> Un regalo perfetto per ritiri nella natura selvaggia e sfide di sopravvivenza all&#039;aria aperta.<\/p>\n<\/li>\n<li>\n<p data-path-to-node=\"15,1,0\"><b data-path-to-node=\"15,1,0\" data-index-in-node=\"0\">Turismo d&#039;avventura:<\/b> Le agenzie di viaggio e i tour operator possono fornire ai propri clienti attrezzature personalizzate.<\/p>\n<\/li>\n<li>\n<p data-path-to-node=\"15,2,0\"><b data-path-to-node=\"15,2,0\" data-index-in-node=\"0\">Vendita al dettaglio e merchandising:<\/b> Ottimo articolo di alto valore percepito per negozi di articoli sportivi e per attivit\u00e0 all&#039;aperto.<\/p>\n<\/li>\n<li>\n<p data-path-to-node=\"15,3,0\"><b data-path-to-node=\"15,3,0\" data-index-in-node=\"0\">Campagne di sensibilizzazione sulla sicurezza:<\/b> Ideale per le organizzazioni che si concentrano sulla preparazione e sui servizi di emergenza.<\/p>\n<\/li>\n<\/ul>","protected":false},"excerpt":{"rendered":"<article class=\"text-token-text-primary w-full\" dir=\"auto\" data-testid=\"conversation-turn-434\" data-scroll-anchor=\"true\">\n<div class=\"text-base my-auto mx-auto py-5 [--thread-content-margin:--spacing(4)] @[37rem]:[--thread-content-margin:--spacing(6)] @[72rem]:[--thread-content-margin:--spacing(16)] px-(--thread-content-margin)\">\n<div class=\"[--thread-content-max-width:32rem] @[34rem]:[--thread-content-max-width:40rem] @[64rem]:[--thread-content-max-width:48rem] mx-auto flex max-w-(--thread-content-max-width) flex-1 text-base gap-4 md:gap-5 lg:gap-6 group\/turn-messages focus-visible:outline-hidden\" tabindex=\"-1\">\n<div class=\"group\/conversation-turn relative flex w-full min-w-0 flex-col agent-turn\">\n<div class=\"relative flex-col gap-1 md:gap-3\">\n<div class=\"flex max-w-full flex-col grow\">\n<div class=\"min-h-8 text-message relative flex w-full flex-col items-end gap-2 text-start break-words whitespace-normal [.text-message+&amp;]:mt-5\" dir=\"auto\" data-message-author-role=\"assistant\" data-message-id=\"209e0cfa-4190-4646-a2b0-a9a360850576\" data-message-model-slug=\"gpt-4o\">\n<div class=\"flex w-full flex-col gap-1 empty:hidden first:pt-[3px]\">\n<div class=\"markdown prose dark:prose-invert w-full break-words light\">\n<ul>\n<li>\n<p data-path-to-node=\"7,0,0\"><b data-path-to-node=\"7,0,0\" data-index-in-node=\"0\">Strumento multifunzionale 5 in 1:<\/b> Include una bussola, un fischietto, un accendifuoco, un apribottiglie e un resistente paracord.<\/p>\n<\/li>\n<li>\n<p data-path-to-node=\"7,1,0\"><b data-path-to-node=\"7,1,0\" data-index-in-node=\"0\">Marchio premium:<\/b> Incisione laser professionale su una piastra metallica da 20 \u00d7 10 mm per una visibilit\u00e0 permanente del logo.<\/p>\n<\/li>\n<li>\n<p data-path-to-node=\"7,2,0\"><b data-path-to-node=\"7,2,0\" data-index-in-node=\"0\">Estrema durata:<\/b> Realizzato in nylon resistente, progettato per le avventure all&#039;aria aperta e per la preparazione alle emergenze.<\/p>\n<\/li>\n<li>\n<p data-path-to-node=\"7,3,0\"><b data-path-to-node=\"7,3,0\" data-index-in-node=\"0\">Versatilit\u00e0 B2B:<\/b> Ideale per agenzie di viaggio, eventi di team building e rivenditori di attrezzature per esterni.<\/p>\n<\/li>\n<\/ul>\n<\/div>\n<\/div>\n<\/div>\n<\/div>\n<\/div>\n<\/div>\n<\/div>\n<\/div>\n<\/article>","protected":false},"featured_media":6416,"comment_status":"closed","ping_status":"closed","template":"","meta":[],"product_brand":[],"product_cat":[66,112,45],"product_tag":[],"class_list":{"0":"post-4024","1":"product","2":"type-product","3":"status-publish","4":"has-post-thumbnail","6":"product_cat-wristbands","7":"product_cat-paracord-wristbands","8":"product_cat-other","10":"first","11":"instock","12":"shipping-taxable","13":"purchasable","14":"product-type-simple"},"_links":{"self":[{"href":"https:\/\/displayproducts.eu\/it\/wp-json\/wp\/v2\/product\/4024","targetHints":{"allow":["GET"]}}],"collection":[{"href":"https:\/\/displayproducts.eu\/it\/wp-json\/wp\/v2\/product"}],"about":[{"href":"https:\/\/displayproducts.eu\/it\/wp-json\/wp\/v2\/types\/product"}],"replies":[{"embeddable":true,"href":"https:\/\/displayproducts.eu\/it\/wp-json\/wp\/v2\/comments?post=4024"}],"wp:featuredmedia":[{"embeddable":true,"href":"https:\/\/displayproducts.eu\/it\/wp-json\/wp\/v2\/media\/6416"}],"wp:attachment":[{"href":"https:\/\/displayproducts.eu\/it\/wp-json\/wp\/v2\/media?parent=4024"}],"wp:term":[{"taxonomy":"product_brand","embeddable":true,"href":"https:\/\/displayproducts.eu\/it\/wp-json\/wp\/v2\/product_brand?post=4024"},{"taxonomy":"product_cat","embeddable":true,"href":"https:\/\/displayproducts.eu\/it\/wp-json\/wp\/v2\/product_cat?post=4024"},{"taxonomy":"product_tag","embeddable":true,"href":"https:\/\/displayproducts.eu\/it\/wp-json\/wp\/v2\/product_tag?post=4024"}],"curies":[{"name":"wp","href":"https:\/\/api.w.org\/{rel}","templated":true}]}}