{"id":3908,"date":"2025-05-08T15:38:19","date_gmt":"2025-05-08T12:38:19","guid":{"rendered":"https:\/\/wristbandfactory.eu\/?post_type=product&#038;p=3908"},"modified":"2026-04-01T21:52:36","modified_gmt":"2026-04-01T18:52:36","slug":"phone-wrist-straps-with-bamboo-holder","status":"publish","type":"product","link":"https:\/\/displayproducts.eu\/it\/p\/phone-wrist-straps-with-bamboo-holder\/","title":{"rendered":"Cinturini da polso per telefono con supporto in bamb\u00f9"},"content":{"rendered":"<p>Offri un regalo aziendale funzionale ed ecologico con il nostro cinturino da polso in cotone per telefono. Questo pratico articolo \u00e8 ideale per tenere gli smartphone al sicuro e a portata di mano durante conferenze, fiere o eventi aziendali, consentendo di muoversi a mani libere.<\/p>\n<p>Il cinturino \u00e8 realizzato in cotone morbido e resistente, mentre il supporto per telefono \u00e8 realizzato in bamb\u00f9 sostenibile. Questa parte in bamb\u00f9 offre una superficie elegante e ben visibile per il branding, perfetta per l&#039;incisione laser precisa del logo aziendale.<\/p>\n<p>Il set include uno strumento di montaggio che si inserisce discretamente tra il telefono e la custodia per un fissaggio sicuro. A sottolineare l&#039;impegno della tua organizzazione per la sostenibilit\u00e0, ogni cinturino \u00e8 confezionato singolarmente in una custodia di carta riciclata, rendendolo un regalo ideale per i marchi attenti all&#039;ambiente.<\/p>\n<p><b>Caratteristiche principali:<\/b><\/p>\n<ul>\n<li><b>Soluzione pratica a mani libere:<\/b> Mantiene gli smartphone al sicuro e accessibili durante gli eventi aziendali.<\/li>\n<li><b>Materiali ecocompatibili:<\/b> Realizzato in morbido cotone e con un supporto in bamb\u00f9 sostenibile.<\/li>\n<li><b>Superficie di branding premium:<\/b> Il supporto in bamb\u00f9 \u00e8 ideale per incisioni laser personalizzate o tampografia.<\/li>\n<li><b>Design regolabile:<\/b> Si adatta comodamente a polsi di tutte le dimensioni per un uso universale.<\/li>\n<li><b>Imballaggi sostenibili:<\/b> Confezionati singolarmente in una busta di carta riciclata, rafforzando il tuo messaggio ecologico.<\/li>\n<li><b>Stampa versatile:<\/b> Personalizzabile con incisione laser, tampografia o stampa transfer.<\/li>\n<\/ul>","protected":false},"excerpt":{"rendered":"<ul>\n<li>Regalo aziendale ecologico realizzato in morbido cotone e bamb\u00f9 sostenibile.<\/li>\n<li>Fornisce accesso telefonico a mani libere, ideale per conferenze ed eventi dinamici.<\/li>\n<li>Il supporto in bamb\u00f9 \u00e8 perfetto per l&#039;incisione laser personalizzata del tuo logo.<\/li>\n<li>Confezionati singolarmente in un sacchetto di carta riciclata per una facile distribuzione.<\/li>\n<\/ul>","protected":false},"featured_media":6657,"comment_status":"closed","ping_status":"closed","template":"","meta":[],"product_brand":[],"product_cat":[128],"product_tag":[],"class_list":{"0":"post-3908","1":"product","2":"type-product","3":"status-publish","4":"has-post-thumbnail","6":"product_cat-mobile-tech-accessories","8":"first","9":"instock","10":"shipping-taxable","11":"purchasable","12":"product-type-simple"},"_links":{"self":[{"href":"https:\/\/displayproducts.eu\/it\/wp-json\/wp\/v2\/product\/3908","targetHints":{"allow":["GET"]}}],"collection":[{"href":"https:\/\/displayproducts.eu\/it\/wp-json\/wp\/v2\/product"}],"about":[{"href":"https:\/\/displayproducts.eu\/it\/wp-json\/wp\/v2\/types\/product"}],"replies":[{"embeddable":true,"href":"https:\/\/displayproducts.eu\/it\/wp-json\/wp\/v2\/comments?post=3908"}],"wp:featuredmedia":[{"embeddable":true,"href":"https:\/\/displayproducts.eu\/it\/wp-json\/wp\/v2\/media\/6657"}],"wp:attachment":[{"href":"https:\/\/displayproducts.eu\/it\/wp-json\/wp\/v2\/media?parent=3908"}],"wp:term":[{"taxonomy":"product_brand","embeddable":true,"href":"https:\/\/displayproducts.eu\/it\/wp-json\/wp\/v2\/product_brand?post=3908"},{"taxonomy":"product_cat","embeddable":true,"href":"https:\/\/displayproducts.eu\/it\/wp-json\/wp\/v2\/product_cat?post=3908"},{"taxonomy":"product_tag","embeddable":true,"href":"https:\/\/displayproducts.eu\/it\/wp-json\/wp\/v2\/product_tag?post=3908"}],"curies":[{"name":"wp","href":"https:\/\/api.w.org\/{rel}","templated":true}]}}