{"id":1318,"date":"2024-07-15T16:02:04","date_gmt":"2024-07-15T13:02:04","guid":{"rendered":"https:\/\/wristbandfactory.eu\/toode\/reflective-wristbands-with-your-logo-or-text\/"},"modified":"2026-04-01T21:52:36","modified_gmt":"2026-04-01T18:52:36","slug":"custom-reflective-wristbands","status":"publish","type":"product","link":"https:\/\/displayproducts.eu\/it\/p\/custom-reflective-wristbands\/","title":{"rendered":"Braccialetti riflettenti personalizzati"},"content":{"rendered":"<div id=\"row-1593974699\" class=\"row\">\n<div id=\"col-995438329\" class=\"col large-12\">\n<div class=\"col-inner\">\n<div id=\"row-791971907\" class=\"row\">\n<div id=\"col-16588895\" class=\"col medium-6 small-12 large-6\">\n<div class=\"col-inner\">\n<p>Il braccialetto riflettente \u00e8 un gadget per la sicurezza stradale, ma allo stesso tempo \u00e8 anche un accessorio fantastico che aggiunge un tocco di colore a qualsiasi occasione e pu\u00f2 sicuramente catturare l&#039;attenzione. La stampa realizzata non passer\u00e0 inosservata!<\/p>\n<\/div>\n<\/div>\n<\/div>\n<\/div>\n<\/div>\n<\/div>\n<div id=\"row-409931730\" class=\"row row-collapse row-full-width\">\n<div id=\"col-2034900180\" class=\"col medium-6 small-12 large-6\">\n<div class=\"col-inner\">\n<div id=\"banner-1604496982\" class=\"banner has-hover\">\n<div class=\"banner-inner fill\">\n<div class=\"banner-bg fill\">\n<div id=\"col-1323287833\" class=\"col medium-6 small-12 large-6\">\n<div class=\"col-inner\">\n<div id=\"banner-2078467548\" class=\"banner has-hover\">\n<div class=\"banner-inner fill\">\n<div class=\"banner-layers container\">\n<div id=\"text-box-1244032241\" class=\"text-box banner-layer x50 md-x50 lg-x50 y50 md-y50 lg-y50 res-text\">\n<div class=\"text-box-content text\">\n<div class=\"text-inner text-left\">\n<p>I braccialetti sono perfetti 24 ore su 24, soprattutto di notte, quando le loro propriet\u00e0 riflettenti sono visibili. Il logo applicato sui cinturini sar\u00e0 quindi ben visibile sia di giorno che di notte!<\/p>\n<\/div>\n<\/div>\n<\/div>\n<\/div>\n<\/div>\n<\/div>\n<\/div>\n<\/div>\n<div id=\"col-127032908\" class=\"col medium-6 small-12 large-6 small-col-first\">\n<div class=\"col-inner\">\n<div id=\"banner-57269498\" class=\"banner has-hover\">\n<div class=\"banner-inner fill\">\n<div class=\"banner-bg fill\">\n<div id=\"row-949958656\" class=\"row row-collapse row-full-width\">\n<div id=\"col-29993759\" class=\"col medium-6 small-12 large-6\">\n<div class=\"col-inner\">\n<div id=\"banner-473447867\" class=\"banner has-hover\">\n<div class=\"banner-inner fill\">\n<div class=\"banner-layers container\">\n<div id=\"text-box-1373704033\" class=\"text-box banner-layer x50 md-x50 lg-x50 y50 md-y50 lg-y50 res-text\">\n<div class=\"text-box-content text\">\n<div class=\"text-inner text-center\">\n<p>I braccialetti riflettenti sono un capo d&#039;abbigliamento indispensabile in caso di maltempo e di sera: grazie a loro, gli utenti della strada saranno pi\u00f9 visibili e quindi pi\u00f9 sicuri.<\/p>\n<\/div>\n<\/div>\n<\/div>\n<\/div>\n<\/div>\n<\/div>\n<\/div>\n<\/div>\n<\/div>\n<div id=\"row-402527630\" class=\"row row-collapse row-full-width\">\n<div id=\"col-2059071681\" class=\"col medium-6 small-12 large-6\">\n<div class=\"col-inner\">\n<div id=\"banner-1670317913\" class=\"banner has-hover\">\n<div class=\"banner-inner fill\">\n<div class=\"banner-bg fill\">\n<div id=\"col-2059071681\" class=\"col medium-6 small-12 large-6\">\n<div class=\"col-inner\">\n<div id=\"banner-1670317913\" class=\"banner has-hover\">\n<div class=\"banner-inner fill\">\n<div class=\"banner-layers container\">\n<div id=\"text-box-659831637\" class=\"text-box banner-layer x50 md-x50 lg-x50 y50 md-y50 lg-y50 res-text\">\n<div class=\"text-box-content text\">\n<div class=\"text-inner text-left\">\n<p>Grazie alla chiusura a scatto, i cinturini sono facilissimi da indossare: puoi indossarli al polso, alla caviglia, alla gamba o al braccio. Possono essere utilizzati da pedoni, motociclisti e ciclisti.<\/p>\n<\/div>\n<\/div>\n<\/div>\n<\/div>\n<\/div>\n<\/div>\n<\/div>\n<\/div>\n<div id=\"col-1243778745\" class=\"col medium-6 small-12 large-6 small-col-first\">\n<div class=\"col-inner\">\n<div id=\"banner-1632419446\" class=\"banner has-hover\">\n<div class=\"banner-inner fill\">\n<div class=\"banner-bg fill\">\n<p>Offriamo braccialetti in 3 misure: 30, 34 e 40 cm, su cui stampiamo il vostro testo o la vostra grafica. Se non avete un progetto specifico, lo realizzeremo per voi! Lo strato inferiore del braccialetto pu\u00f2 essere realizzato in PVC o velluto di qualsiasi colore. Forniamo braccialetti riflettenti a prezzi convenienti e in tempi rapidi, con tempi di produzione a partire da 2 giorni lavorativi. L&#039;ordine minimo \u00e8 di 100 pezzi.<\/p>\n<p><strong>Dati tecnici:<\/strong><\/p>\n<ul>\n<li>Dimensioni della fascia: 30 x 3 cm, 34 x 3 cm, 40 x 3 cm<\/li>\n<li>Materiale: PVC \/ Plastica \/ Metallo<\/li>\n<li>Tecnologia di marcatura: Tampografia<\/li>\n<li>Dimensioni degli elementi di stampa: 55 x 18 mm<\/li>\n<li>Colore degli elementi di stampa: uno qualsiasi della tavolozza dei colori Pantone<\/li>\n<\/ul>\n<\/div>\n<\/div>\n<\/div>\n<\/div>\n<\/div>\n<\/div>\n<\/div>\n<\/div>\n<\/div>\n<\/div>\n<\/div>\n<\/div>\n<\/div>\n<\/div>\n<\/div>\n<\/div>\n<\/div>\n<\/div>\n<\/div>\n<\/div>\n<\/div>\n<\/div>","protected":false},"excerpt":{"rendered":"<div>\n<p class=\"text-gray-500\">Il braccialetto riflettente \u00e8 un gadget per la sicurezza stradale, ma allo stesso tempo \u00e8 anche un accessorio fantastico che aggiunge un tocco di colore a qualsiasi occasione e pu\u00f2 sicuramente catturare l&#039;attenzione. La stampa realizzata non passer\u00e0 inosservata!<\/p>\n<\/div>","protected":false},"featured_media":465,"comment_status":"closed","ping_status":"closed","template":"","meta":[],"product_brand":[],"product_cat":[45],"product_tag":[],"class_list":{"0":"post-1318","1":"product","2":"type-product","3":"status-publish","4":"has-post-thumbnail","6":"product_cat-other","8":"first","9":"instock","10":"shipping-taxable","11":"purchasable","12":"product-type-simple"},"_links":{"self":[{"href":"https:\/\/displayproducts.eu\/it\/wp-json\/wp\/v2\/product\/1318","targetHints":{"allow":["GET"]}}],"collection":[{"href":"https:\/\/displayproducts.eu\/it\/wp-json\/wp\/v2\/product"}],"about":[{"href":"https:\/\/displayproducts.eu\/it\/wp-json\/wp\/v2\/types\/product"}],"replies":[{"embeddable":true,"href":"https:\/\/displayproducts.eu\/it\/wp-json\/wp\/v2\/comments?post=1318"}],"wp:featuredmedia":[{"embeddable":true,"href":"https:\/\/displayproducts.eu\/it\/wp-json\/wp\/v2\/media\/465"}],"wp:attachment":[{"href":"https:\/\/displayproducts.eu\/it\/wp-json\/wp\/v2\/media?parent=1318"}],"wp:term":[{"taxonomy":"product_brand","embeddable":true,"href":"https:\/\/displayproducts.eu\/it\/wp-json\/wp\/v2\/product_brand?post=1318"},{"taxonomy":"product_cat","embeddable":true,"href":"https:\/\/displayproducts.eu\/it\/wp-json\/wp\/v2\/product_cat?post=1318"},{"taxonomy":"product_tag","embeddable":true,"href":"https:\/\/displayproducts.eu\/it\/wp-json\/wp\/v2\/product_tag?post=1318"}],"curies":[{"name":"wp","href":"https:\/\/api.w.org\/{rel}","templated":true}]}}