{"id":1307,"date":"2024-10-27T11:53:50","date_gmt":"2024-10-27T08:53:50","guid":{"rendered":"https:\/\/wristbandfactory.eu\/toode\/glow-in-the-dark-silicone-wristbands\/"},"modified":"2026-04-01T21:52:36","modified_gmt":"2026-04-01T18:52:36","slug":"glow-in-the-dark-silicone-wristbands","status":"publish","type":"product","link":"https:\/\/displayproducts.eu\/it\/p\/glow-in-the-dark-silicone-wristbands\/","title":{"rendered":"Braccialetti in silicone che si illuminano al buio"},"content":{"rendered":"<div class=\"mx-12 md:mx-24 lg:mx-48\">\n<div class=\"container my-8 svelte-zlsknf\">\n<div class=\"my-24 rounded-lg border-0 border-gray-700 bg-gray-100 px-16 py-24\">\n<div class=\"mt-11 !text-gray-500\">\n<p>Assicuratevi che il vostro marchio si distingua ben oltre il tramonto con i nostri braccialetti in silicone fosforescenti. Questi braccialetti sono la scelta ideale per organizzatori di eventi, promotori di festival e responsabili di eventi aziendali che necessitano di elevata visibilit\u00e0 in ambienti scarsamente illuminati. Sono un efficace strumento di branding e un pass d&#039;accesso per locali notturni, concerti e feste serali.<\/p>\n<p>L&#039;effetto luminoso viene aggiunto al silicone e si carica con l&#039;esposizione alla luce. Per ottenere risultati ottimali, consigliamo vivamente di scegliere colori di base brillanti (ad esempio bianco, verde, rosa), poich\u00e9 l&#039;effetto luminoso \u00e8 meno efficace su silicone di colore pi\u00f9 scuro.<\/p>\n<p>Questo effetto pu\u00f2 essere combinato con altri metodi di personalizzazione, tra cui stampa, stampa a secco e in rilievo, consentendoti di creare un braccialetto unico e funzionale per il tuo evento. Grazie alla produzione e alla consegna rapide, possiamo rispettare anche le tue scadenze pi\u00f9 strette.<\/p>\n<p><b>Caratteristiche principali:<\/b><\/p>\n<ul>\n<li><b>Bagliore ad alta visibilit\u00e0:<\/b> Si carica di luce per creare un bagliore luminoso, perfetto per locali notturni ed eventi serali.<\/li>\n<li><b>Silicone resistente 100%:<\/b> Impermeabile, resistente e confortevole, ideale per l&#039;uso prolungato.<\/li>\n<li><b>Ampia personalizzazione:<\/b> Pu\u00f2 essere combinato con metodi di branding stampati, in rilievo o in rilievo.<\/li>\n<li><b>Tempi di consegna rapidi:<\/b> Produzione e consegna rapide per rispettare le scadenze ristrette dell&#039;evento.<\/li>\n<li><b>Consiglio da professionista:<\/b> Funziona meglio su basi in silicone dai colori vivaci per ottenere l&#039;effetto pi\u00f9 intenso.<\/li>\n<\/ul>\n<\/div>\n<\/div>\n<\/div>\n<\/div>","protected":false},"excerpt":{"rendered":"<ul>\n<li>L&#039;effetto luminoso ad alta visibilit\u00e0 garantisce che il tuo marchio sia visibile anche di notte.<\/li>\n<li>Ideale per festival, locali notturni ed eventi aziendali serali.<\/li>\n<li>Produzione e consegna rapide per una rapida pianificazione dell&#039;evento.<\/li>\n<li>I risultati migliori si ottengono su basi in silicone dai colori vivaci.<\/li>\n<\/ul>","protected":false},"featured_media":6131,"comment_status":"closed","ping_status":"closed","template":"","meta":[],"product_brand":[],"product_cat":[66,49],"product_tag":[],"class_list":{"0":"post-1307","1":"product","2":"type-product","3":"status-publish","4":"has-post-thumbnail","6":"product_cat-wristbands","7":"product_cat-silicone","9":"first","10":"instock","11":"shipping-taxable","12":"purchasable","13":"product-type-simple"},"_links":{"self":[{"href":"https:\/\/displayproducts.eu\/it\/wp-json\/wp\/v2\/product\/1307","targetHints":{"allow":["GET"]}}],"collection":[{"href":"https:\/\/displayproducts.eu\/it\/wp-json\/wp\/v2\/product"}],"about":[{"href":"https:\/\/displayproducts.eu\/it\/wp-json\/wp\/v2\/types\/product"}],"replies":[{"embeddable":true,"href":"https:\/\/displayproducts.eu\/it\/wp-json\/wp\/v2\/comments?post=1307"}],"wp:featuredmedia":[{"embeddable":true,"href":"https:\/\/displayproducts.eu\/it\/wp-json\/wp\/v2\/media\/6131"}],"wp:attachment":[{"href":"https:\/\/displayproducts.eu\/it\/wp-json\/wp\/v2\/media?parent=1307"}],"wp:term":[{"taxonomy":"product_brand","embeddable":true,"href":"https:\/\/displayproducts.eu\/it\/wp-json\/wp\/v2\/product_brand?post=1307"},{"taxonomy":"product_cat","embeddable":true,"href":"https:\/\/displayproducts.eu\/it\/wp-json\/wp\/v2\/product_cat?post=1307"},{"taxonomy":"product_tag","embeddable":true,"href":"https:\/\/displayproducts.eu\/it\/wp-json\/wp\/v2\/product_tag?post=1307"}],"curies":[{"name":"wp","href":"https:\/\/api.w.org\/{rel}","templated":true}]}}