{"id":1303,"date":"2024-07-15T21:28:59","date_gmt":"2024-07-15T18:28:59","guid":{"rendered":"https:\/\/wristbandfactory.eu\/toode\/vivid-wrist-silicone-keyholders-2\/"},"modified":"2026-04-01T21:52:04","modified_gmt":"2026-04-01T18:52:04","slug":"silicone-bangle-keyholders","status":"publish","type":"product","link":"https:\/\/displayproducts.eu\/it\/p\/silicone-bangle-keyholders\/","title":{"rendered":"Portachiavi con bracciale in silicone"},"content":{"rendered":"<p>Combina praticit\u00e0 e visibilit\u00e0 del tuo marchio con i nostri portachiavi in silicone. Questo prodotto \u00e8 un efficace strumento promozionale per eventi aziendali, agenzie immobiliari o come gadget funzionale per dipendenti e clienti.<\/p>\n<p>Progettato per essere indossato comodamente al polso, il bracciale rigido da 8,6 cm di diametro tiene le chiavi al sicuro e a mani libere. Questo design \u00e8 estremamente pratico per professionisti impegnati, partecipanti a eventi o personale che necessita di un accesso frequente a chiavi o portachiavi.<\/p>\n<p>Realizzato in silicone resistente e di alta qualit\u00e0, questo portachiavi \u00e8 progettato per resistere all&#039;uso quotidiano. Ogni unit\u00e0 \u00e8 dotata di un robusto anello metallico per organizzare in modo sicuro pi\u00f9 chiavi o tessere di accesso. Disponibili in un&#039;ampia gamma di colori, questi portachiavi si abbinano facilmente alla tua identit\u00e0 aziendale, garantendo che il tuo marchio rimanga visibile e utile anche dopo l&#039;evento.<\/p>\n<p><b>Caratteristiche principali:<\/b><\/p>\n<ul>\n<li><b>Braccialetto in silicone resistente:<\/b> L&#039;ampio anello da 8,6 cm di diametro si adatta facilmente al polso per la massima comodit\u00e0 di utilizzo a mani libere.<\/li>\n<li><b>Materiale di alta qualit\u00e0:<\/b> Realizzato in silicone di alta qualit\u00e0 e durevole, pensato per l&#039;uso professionale quotidiano.<\/li>\n<li><b>Portachiavi in metallo sicuro:<\/b> Dotato di un robusto anello metallico per tenere al sicuro chiavi e telecomandi.<\/li>\n<li><b>Branding ad alta visibilit\u00e0:<\/b> Un pratico omaggio che ti permetter\u00e0 di avere sempre il tuo marchio a portata di mano o al polso.<\/li>\n<li><b>Diverse opzioni di colore:<\/b> Disponibile in un&#039;ampia variet\u00e0 di colori per abbinarsi al marchio della tua azienda.<\/li>\n<\/ul>","protected":false},"excerpt":{"rendered":"<ul>\n<li>Mantiene le chiavi facilmente accessibili sul polso per un utilizzo a mani libere.<\/li>\n<li>Realizzata in silicone resistente e di alta qualit\u00e0, per l&#039;uso quotidiano.<\/li>\n<li>Disponibile in un&#039;ampia gamma di colori per adattarsi alla tua identit\u00e0 aziendale.<\/li>\n<li>Un articolo promozionale pratico e ad alta visibilit\u00e0 per le fiere.<\/li>\n<\/ul>","protected":false},"featured_media":6668,"comment_status":"closed","ping_status":"closed","template":"","meta":[],"product_brand":[],"product_cat":[94],"product_tag":[],"class_list":{"0":"post-1303","1":"product","2":"type-product","3":"status-publish","4":"has-post-thumbnail","6":"product_cat-keychains","8":"first","9":"instock","10":"shipping-taxable","11":"purchasable","12":"product-type-simple"},"_links":{"self":[{"href":"https:\/\/displayproducts.eu\/it\/wp-json\/wp\/v2\/product\/1303","targetHints":{"allow":["GET"]}}],"collection":[{"href":"https:\/\/displayproducts.eu\/it\/wp-json\/wp\/v2\/product"}],"about":[{"href":"https:\/\/displayproducts.eu\/it\/wp-json\/wp\/v2\/types\/product"}],"replies":[{"embeddable":true,"href":"https:\/\/displayproducts.eu\/it\/wp-json\/wp\/v2\/comments?post=1303"}],"wp:featuredmedia":[{"embeddable":true,"href":"https:\/\/displayproducts.eu\/it\/wp-json\/wp\/v2\/media\/6668"}],"wp:attachment":[{"href":"https:\/\/displayproducts.eu\/it\/wp-json\/wp\/v2\/media?parent=1303"}],"wp:term":[{"taxonomy":"product_brand","embeddable":true,"href":"https:\/\/displayproducts.eu\/it\/wp-json\/wp\/v2\/product_brand?post=1303"},{"taxonomy":"product_cat","embeddable":true,"href":"https:\/\/displayproducts.eu\/it\/wp-json\/wp\/v2\/product_cat?post=1303"},{"taxonomy":"product_tag","embeddable":true,"href":"https:\/\/displayproducts.eu\/it\/wp-json\/wp\/v2\/product_tag?post=1303"}],"curies":[{"name":"wp","href":"https:\/\/api.w.org\/{rel}","templated":true}]}}