{"id":1299,"date":"2024-10-27T11:53:51","date_gmt":"2024-10-27T08:53:51","guid":{"rendered":"https:\/\/wristbandfactory.eu\/toode\/slim-silicone-wristbands\/"},"modified":"2026-04-01T21:52:04","modified_gmt":"2026-04-01T18:52:04","slug":"slim-silicone-wristbands","status":"publish","type":"product","link":"https:\/\/displayproducts.eu\/it\/p\/slim-silicone-wristbands\/","title":{"rendered":"Braccialetti sottili in silicone"},"content":{"rendered":"<p>Valorizza il tuo branding aziendale o la tua campagna di sensibilizzazione con i nostri braccialetti sottili in silicone. Il loro profilo elegante da 5 mm offre un&#039;alternativa discreta e moderna ai braccialetti standard, rendendoli una scelta popolare per eventi aziendali, campagne di beneficenza e omaggi promozionali che richiedono un look pi\u00f9 raffinato.<\/p>\n<p>Offriamo una personalizzazione completa per adattarla all&#039;identit\u00e0 del tuo brand. Il silicone stesso \u00e8 conforme ai colori Pantone per una precisione cromatica impeccabile. Puoi personalizzare ulteriormente il tuo messaggio con diverse opzioni di alta qualit\u00e0: una serigrafia a 1 colore, un logo in rilievo resistente, un logo in rilievo di alta qualit\u00e0 o un design in rilievo con riempimento a 1 colore per il massimo contrasto e visibilit\u00e0.<\/p>\n<p>Realizzati in silicone resistente e di alta qualit\u00e0, questi cinturini sono comodi da indossare ogni giorno e sono pienamente conformi a tutte le normative di sicurezza pertinenti, garantendo tranquillit\u00e0 alla tua organizzazione e ai partecipanti.<\/p>\n<p><b>Caratteristiche principali:<\/b><\/p>\n<ul>\n<li><b>Profilo elegante da 5 mm:<\/b> Un design stretto e moderno (disponibile in 200x5x2 mm o 180x5x2 mm) per una dichiarazione di branding discreta.<\/li>\n<li><b>Personalizzazione completa:<\/b> Scegli tra stampe a 1 colore, in rilievo (incavate), in rilievo (in rilievo) o in rilievo con inchiostro.<\/li>\n<li><b>Corrispondenza Pantone precisa:<\/b> Garantisce che il colore del silicone si abbini perfettamente alla tua identit\u00e0 aziendale.<\/li>\n<li><b>Conforme alle norme di sicurezza:<\/b> Realizzato in silicone di alta qualit\u00e0 che soddisfa tutti gli standard di sicurezza pertinenti.<\/li>\n<li><b>Imballaggio alla rinfusa:<\/b> Ordine minimo di 100 unit\u00e0, confezionate in grandi quantit\u00e0. Su richiesta \u00e8 possibile confezionare le singole unit\u00e0 in sacchetti di polietilene.<\/li>\n<\/ul>","protected":false},"excerpt":{"rendered":"<ul>\n<li>Presenta un profilo sottile ed elegante da 5 mm per un look moderno e discreto.<\/li>\n<li>Completamente personalizzabile: scegli tra loghi stampati, in rilievo o in rilievo.<\/li>\n<li>Il silicone Pantone garantisce la perfetta coerenza dei colori del marchio.<\/li>\n<li>Quantit\u00e0 minima ordinabile: 100 unit\u00e0 per modello.<\/li>\n<\/ul>","protected":false},"featured_media":5953,"comment_status":"closed","ping_status":"closed","template":"","meta":[],"product_brand":[],"product_cat":[66,49],"product_tag":[],"class_list":{"0":"post-1299","1":"product","2":"type-product","3":"status-publish","4":"has-post-thumbnail","6":"product_cat-wristbands","7":"product_cat-silicone","9":"first","10":"instock","11":"shipping-taxable","12":"purchasable","13":"product-type-simple"},"_links":{"self":[{"href":"https:\/\/displayproducts.eu\/it\/wp-json\/wp\/v2\/product\/1299","targetHints":{"allow":["GET"]}}],"collection":[{"href":"https:\/\/displayproducts.eu\/it\/wp-json\/wp\/v2\/product"}],"about":[{"href":"https:\/\/displayproducts.eu\/it\/wp-json\/wp\/v2\/types\/product"}],"replies":[{"embeddable":true,"href":"https:\/\/displayproducts.eu\/it\/wp-json\/wp\/v2\/comments?post=1299"}],"wp:featuredmedia":[{"embeddable":true,"href":"https:\/\/displayproducts.eu\/it\/wp-json\/wp\/v2\/media\/5953"}],"wp:attachment":[{"href":"https:\/\/displayproducts.eu\/it\/wp-json\/wp\/v2\/media?parent=1299"}],"wp:term":[{"taxonomy":"product_brand","embeddable":true,"href":"https:\/\/displayproducts.eu\/it\/wp-json\/wp\/v2\/product_brand?post=1299"},{"taxonomy":"product_cat","embeddable":true,"href":"https:\/\/displayproducts.eu\/it\/wp-json\/wp\/v2\/product_cat?post=1299"},{"taxonomy":"product_tag","embeddable":true,"href":"https:\/\/displayproducts.eu\/it\/wp-json\/wp\/v2\/product_tag?post=1299"}],"curies":[{"name":"wp","href":"https:\/\/api.w.org\/{rel}","templated":true}]}}