{"id":1288,"date":"2024-10-27T11:53:51","date_gmt":"2024-10-27T08:53:51","guid":{"rendered":"https:\/\/wristbandfactory.eu\/toode\/full-colour-cord-lanyards-with-woven-label\/"},"modified":"2026-04-01T21:52:36","modified_gmt":"2026-04-01T18:52:36","slug":"sublimation-cord-lanyards-with-woven-label","status":"publish","type":"product","link":"https:\/\/displayproducts.eu\/it\/p\/sublimation-cord-lanyards-with-woven-label\/","title":{"rendered":"Lanyards con cordino per sublimazione e etichetta tessuta"},"content":{"rendered":"<div class=\"mx-12 md:mx-24 lg:mx-48\">\n<div class=\"container my-8 svelte-zlsknf\">\n<div class=\"my-24 rounded-lg border-0 border-gray-700 bg-gray-100 px-16 py-24\">\n<div class=\"mt-11 !text-gray-500\">\n<p>Ottieni il massimo impatto del tuo marchio con i nostri cordini porta-badge premium con stampa a sublimazione. Questo modello combina due metodi di branding di alta qualit\u00e0: una stampa a sublimazione a colori vivaci sul cordino e un&#039;etichetta tessuta resistente a 4 colori per il tuo logo principale.<\/p>\n<p>Il cordino in poliestere da 90 cm \u00e8 inizialmente bianco e viene stampato interamente con il tuo design tramite sublimazione. Questo metodo \u00e8 perfetto per motivi complessi a colori o loghi ripetuti, sebbene non sia possibile garantire il posizionamento preciso del logo sul cordino.<\/p>\n<p>L&#039;aggiunta dell&#039;etichetta tessuta ad alta definizione a 4 colori offre un punto focale nitido e professionale per il tuo marchio, che non sbiadisce n\u00e9 si graffia. Questo cordino di alta qualit\u00e0 \u00e8 una scelta eccellente per eventi aziendali, identificazione del personale o pass per conferenze premium, dove \u00e8 richiesta una presentazione del marchio resistente e sofisticata. Ogni cordino \u00e8 dotato di un moschettone in metallo di serie, con altre opzioni di clip disponibili.<\/p>\n<p><b>Caratteristiche principali:<\/b><\/p>\n<ul>\n<li><b>Doppio marchio:<\/b> Combina un cordino stampato a sublimazione a colori con un&#039;etichetta tessuta di alta qualit\u00e0 a 4 colori.<\/li>\n<li><b>Sublimazione vibrante:<\/b> Il cordino in poliestere bianco da 90 cm \u00e8 ideale per ripetere motivi a colori.<\/li>\n<li><b>Etichetta tessuta premium:<\/b> Offre un logo durevole e ad alta definizione (fino a 4 colori).<\/li>\n<li><b>Moschettone in metallo:<\/b> Include un robusto moschettone in metallo, con altre opzioni di fissaggio disponibili.<\/li>\n<li><b>ID ad alto impatto:<\/b> Una soluzione di alto livello per il branding aziendale, l&#039;identificazione del personale e gli eventi premium.<\/li>\n<\/ul>\n<\/div>\n<\/div>\n<\/div>\n<\/div>","protected":false},"excerpt":{"rendered":"<ul>\n<li>Presenta un cordino stampato a sublimazione a colori per disegni vivaci e ripetuti.<\/li>\n<li>Include un&#039;etichetta tessuta di alta qualit\u00e0 a 4 colori per un logo durevole.<\/li>\n<li>Cordino in poliestere resistente da 90 cm con moschettone in metallo standard.<\/li>\n<li>Ideale per eventi aziendali, badge identificativi del personale e fiere.<\/li>\n<\/ul>","protected":false},"featured_media":6794,"comment_status":"closed","ping_status":"closed","template":"","meta":[],"product_brand":[],"product_cat":[43],"product_tag":[],"class_list":{"0":"post-1288","1":"product","2":"type-product","3":"status-publish","4":"has-post-thumbnail","6":"product_cat-lanyards","8":"first","9":"instock","10":"shipping-taxable","11":"purchasable","12":"product-type-simple"},"_links":{"self":[{"href":"https:\/\/displayproducts.eu\/it\/wp-json\/wp\/v2\/product\/1288","targetHints":{"allow":["GET"]}}],"collection":[{"href":"https:\/\/displayproducts.eu\/it\/wp-json\/wp\/v2\/product"}],"about":[{"href":"https:\/\/displayproducts.eu\/it\/wp-json\/wp\/v2\/types\/product"}],"replies":[{"embeddable":true,"href":"https:\/\/displayproducts.eu\/it\/wp-json\/wp\/v2\/comments?post=1288"}],"wp:featuredmedia":[{"embeddable":true,"href":"https:\/\/displayproducts.eu\/it\/wp-json\/wp\/v2\/media\/6794"}],"wp:attachment":[{"href":"https:\/\/displayproducts.eu\/it\/wp-json\/wp\/v2\/media?parent=1288"}],"wp:term":[{"taxonomy":"product_brand","embeddable":true,"href":"https:\/\/displayproducts.eu\/it\/wp-json\/wp\/v2\/product_brand?post=1288"},{"taxonomy":"product_cat","embeddable":true,"href":"https:\/\/displayproducts.eu\/it\/wp-json\/wp\/v2\/product_cat?post=1288"},{"taxonomy":"product_tag","embeddable":true,"href":"https:\/\/displayproducts.eu\/it\/wp-json\/wp\/v2\/product_tag?post=1288"}],"curies":[{"name":"wp","href":"https:\/\/api.w.org\/{rel}","templated":true}]}}