{"id":1280,"date":"2024-10-27T11:53:51","date_gmt":"2024-10-27T08:53:51","guid":{"rendered":"https:\/\/wristbandfactory.eu\/toode\/3-tone-lanyards-with-woven-label\/"},"modified":"2026-04-01T21:52:36","modified_gmt":"2026-04-01T18:52:36","slug":"3-tone-cord-lanyards-with-woven-label","status":"publish","type":"product","link":"https:\/\/displayproducts.eu\/it\/p\/3-tone-cord-lanyards-with-woven-label\/","title":{"rendered":"Lanyards in cordino a 3 toni con etichetta tessuta"},"content":{"rendered":"<div class=\"mx-12 md:mx-24 lg:mx-48\">\n<div class=\"container my-8 svelte-zlsknf\">\n<div class=\"my-24 rounded-lg border-0 border-gray-700 bg-gray-100 px-16 py-24\">\n<div class=\"mt-11 !text-gray-500\">\n<p>Valorizza la tua identificazione aziendale con i nostri cordini porta-badge tricolore, dotati di un&#039;etichetta tessuta di alta qualit\u00e0. Questi cordini offrono un&#039;alternativa sofisticata e altamente resistente alle opzioni stampate standard, rendendoli ideali per l&#039;identificazione del personale o per conferenze di pi\u00f9 giorni.<\/p>\n<p>Il cordino \u00e8 realizzato con un robusto cordino in poliestere tricolore da 90 cm, completamente personalizzabile scegliendo tra tre colori per abbinarlo all&#039;identit\u00e0 del tuo marchio.<\/p>\n<p>Invece di un badge stampato, questo modello presenta un&#039;etichetta tessuta ad alta definizione saldamente fissata al cordino con un elastico resistente (disponibile in bianco o nero). Questa etichetta tessuta pu\u00f2 mostrare il tuo logo o design fino a 4 colori, offrendo una finitura professionale e duratura che non sbiadisce n\u00e9 si graffia. Ogni cordino \u00e8 dotato di un anello metallico standard, con altre opzioni di clip disponibili.<\/p>\n<p><b>Caratteristiche principali:<\/b><\/p>\n<ul>\n<li><b>Cordoncino personalizzato a 3 toni:<\/b> Scegli 3 colori a tua scelta per il cordino in poliestere da 90 cm, in modo che si abbini al tuo marchio aziendale.<\/li>\n<li><b>Etichetta tessuta premium:<\/b> Presenta un&#039;etichetta tessuta ad alta definizione per il tuo logo (fino a 4 colori), offrendo una finitura durevole e di alta qualit\u00e0.<\/li>\n<li><b>Attacco durevole:<\/b> L&#039;etichetta \u00e8 fissata saldamente con un elastico bianco o nero.<\/li>\n<li><b>Hardware versatile:<\/b> Viene fornito di serie con un anello metallico, ma sono disponibili altre opzioni di clip per adattarsi a qualsiasi portadocumenti.<\/li>\n<li><b>Marchio duraturo:<\/b> Una scelta ottimale per l&#039;uso quotidiano del personale o per l&#039;identificazione di eventi di pi\u00f9 giorni.<\/li>\n<\/ul>\n<\/div>\n<\/div>\n<\/div>\n<\/div>","protected":false},"excerpt":{"rendered":"<ul>\n<li>Dotato di un resistente cavo in poliestere da 90 cm (scegli 3 colori personalizzati).<\/li>\n<li>Include un&#039;etichetta tessuta di alta qualit\u00e0 per il tuo logo (fino a 4 colori).<\/li>\n<li>Dotato di anello metallico o altre clip per un utilizzo versatile.<\/li>\n<li>Ideale come soluzione durevole e duratura per badge aziendali o pass per eventi.<\/li>\n<\/ul>","protected":false},"featured_media":6823,"comment_status":"closed","ping_status":"closed","template":"","meta":[],"product_brand":[],"product_cat":[43],"product_tag":[],"class_list":{"0":"post-1280","1":"product","2":"type-product","3":"status-publish","4":"has-post-thumbnail","6":"product_cat-lanyards","8":"first","9":"instock","10":"shipping-taxable","11":"purchasable","12":"product-type-simple"},"_links":{"self":[{"href":"https:\/\/displayproducts.eu\/it\/wp-json\/wp\/v2\/product\/1280","targetHints":{"allow":["GET"]}}],"collection":[{"href":"https:\/\/displayproducts.eu\/it\/wp-json\/wp\/v2\/product"}],"about":[{"href":"https:\/\/displayproducts.eu\/it\/wp-json\/wp\/v2\/types\/product"}],"replies":[{"embeddable":true,"href":"https:\/\/displayproducts.eu\/it\/wp-json\/wp\/v2\/comments?post=1280"}],"wp:featuredmedia":[{"embeddable":true,"href":"https:\/\/displayproducts.eu\/it\/wp-json\/wp\/v2\/media\/6823"}],"wp:attachment":[{"href":"https:\/\/displayproducts.eu\/it\/wp-json\/wp\/v2\/media?parent=1280"}],"wp:term":[{"taxonomy":"product_brand","embeddable":true,"href":"https:\/\/displayproducts.eu\/it\/wp-json\/wp\/v2\/product_brand?post=1280"},{"taxonomy":"product_cat","embeddable":true,"href":"https:\/\/displayproducts.eu\/it\/wp-json\/wp\/v2\/product_cat?post=1280"},{"taxonomy":"product_tag","embeddable":true,"href":"https:\/\/displayproducts.eu\/it\/wp-json\/wp\/v2\/product_tag?post=1280"}],"curies":[{"name":"wp","href":"https:\/\/api.w.org\/{rel}","templated":true}]}}