{"id":1279,"date":"2024-10-27T11:53:51","date_gmt":"2024-10-27T08:53:51","guid":{"rendered":"https:\/\/wristbandfactory.eu\/toode\/glitter-lanyards\/"},"modified":"2026-04-01T21:52:36","modified_gmt":"2026-04-01T18:52:36","slug":"printed-glitter-lanyards-vip-gala-events","status":"publish","type":"product","link":"https:\/\/displayproducts.eu\/it\/p\/printed-glitter-lanyards-vip-gala-events\/","title":{"rendered":"Lanyard glitterati personalizzati con logo"},"content":{"rendered":"<div class=\"mx-12 md:mx-24 lg:mx-48\">\n<div class=\"container my-8 svelte-zlsknf\">\n<div class=\"my-24 rounded-lg border-0 border-gray-700 bg-gray-100 px-16 py-24\">\n<div class=\"mt-11 !text-gray-500\">\n<p data-path-to-node=\"11\">Fai brillare il tuo marchio e assicurati che i tuoi ospiti si sentano esclusivi con il nostro <b>Lanyard glitterati stampati personalizzati<\/b>. Questo cordino \u00e8 la scelta ideale per serate di premiazione, gala VIP, festival musicali e celebrazioni aziendali, dove i cordini standard si confondono con lo sfondo.<\/p>\n<p data-path-to-node=\"12\">Il cordino \u00e8 realizzato con una base in nastro di poliestere resistente da 90 cm, che viene poi ricoperta con un distinto <b>materiale glitterato ad alta brillantezza<\/b>. Questo crea una tela unica e abbagliante che cattura l&#039;illuminazione del locale e garantisce un&#039;elevata visibilit\u00e0 anche in ambienti scarsamente illuminati. \u00c8 uno strumento eccellente per i team di sicurezza e ospitalit\u00e0 per identificare rapidamente VIP, personale del backstage o sponsor di alto livello.<\/p>\n<p data-path-to-node=\"13\">Stampiamo il tuo logo su un lato della superficie glitterata utilizzando <b>corrispondenza precisa dei colori Pantone<\/b>. A causa della consistenza dei glitter, consigliamo loghi semplici e audaci per una migliore leggibilit\u00e0. Ogni cordino \u00e8 dotato di una robusta custodia standard. <b>moschettone in metallo<\/b>, aggiungendo un peso e una sensazione professionali al prodotto, sebbene siano disponibili altre opzioni di fissaggio per soddisfare le esigenze specifiche della tua carta d&#039;identit\u00e0.<\/p>\n<p data-path-to-node=\"14\"><b>Caratteristiche principali:<\/b><\/p>\n<ul data-path-to-node=\"15\">\n<li>\n<p data-path-to-node=\"15,0,0\"><b>Materiale:<\/b> Base in poliestere con rivestimento in glitter High-Shine fuso.<\/p>\n<\/li>\n<li>\n<p data-path-to-node=\"15,1,0\"><b>Effetto visivo:<\/b> La finitura scintillante offre un&#039;estetica di alta qualit\u00e0 per eventi di alto livello.<\/p>\n<\/li>\n<li>\n<p data-path-to-node=\"15,2,0\"><b>Stampa:<\/b> Stampa serigrafica personalizzata su un lato con corrispondenza Pantone (ideale per loghi audaci).<\/p>\n<\/li>\n<li>\n<p data-path-to-node=\"15,3,0\"><b>Applicazione:<\/b> Ideale per distinguere ospiti VIP, relatori e personale durante feste e serate di gala.<\/p>\n<\/li>\n<li>\n<p data-path-to-node=\"15,4,0\"><b>Hardware:<\/b> Include un robusto moschettone in metallo per trattenere saldamente il badge.<\/p>\n<\/li>\n<\/ul>\n<\/div>\n<\/div>\n<\/div>\n<\/div>","protected":false},"excerpt":{"rendered":"<ul>\n<li>\n<p data-path-to-node=\"9,0,0\"><b>Brillantezza ad alto impatto:<\/b> Uno strato di glitter di alta qualit\u00e0 crea una finitura scintillante e accattivante, ideale per gli eventi serali.<\/p>\n<\/li>\n<li>\n<p data-path-to-node=\"9,1,0\"><b>Differenziazione VIP:<\/b> L&#039;aspetto visivo distintivo distingue immediatamente gli ospiti speciali, il personale o i vincitori di premi.<\/p>\n<\/li>\n<li>\n<p data-path-to-node=\"9,2,0\"><b>Branding personalizzato:<\/b> Il tuo logo viene serigrafato in un unico colore (corrispondente a Pantone) direttamente sulla superficie glitterata.<\/p>\n<\/li>\n<li>\n<p data-path-to-node=\"9,3,0\"><b>Comfort duraturo:<\/b> Realizzato su una robusta base in poliestere da 90 cm, garantisce durevolezza senza compromettere lo stile.<\/p>\n<\/li>\n<\/ul>","protected":false},"featured_media":6741,"comment_status":"closed","ping_status":"closed","template":"","meta":[],"product_brand":[],"product_cat":[104],"product_tag":[],"class_list":{"0":"post-1279","1":"product","2":"type-product","3":"status-publish","4":"has-post-thumbnail","6":"product_cat-custom-printed-lanyards","8":"first","9":"instock","10":"shipping-taxable","11":"purchasable","12":"product-type-simple"},"_links":{"self":[{"href":"https:\/\/displayproducts.eu\/it\/wp-json\/wp\/v2\/product\/1279","targetHints":{"allow":["GET"]}}],"collection":[{"href":"https:\/\/displayproducts.eu\/it\/wp-json\/wp\/v2\/product"}],"about":[{"href":"https:\/\/displayproducts.eu\/it\/wp-json\/wp\/v2\/types\/product"}],"replies":[{"embeddable":true,"href":"https:\/\/displayproducts.eu\/it\/wp-json\/wp\/v2\/comments?post=1279"}],"wp:featuredmedia":[{"embeddable":true,"href":"https:\/\/displayproducts.eu\/it\/wp-json\/wp\/v2\/media\/6741"}],"wp:attachment":[{"href":"https:\/\/displayproducts.eu\/it\/wp-json\/wp\/v2\/media?parent=1279"}],"wp:term":[{"taxonomy":"product_brand","embeddable":true,"href":"https:\/\/displayproducts.eu\/it\/wp-json\/wp\/v2\/product_brand?post=1279"},{"taxonomy":"product_cat","embeddable":true,"href":"https:\/\/displayproducts.eu\/it\/wp-json\/wp\/v2\/product_cat?post=1279"},{"taxonomy":"product_tag","embeddable":true,"href":"https:\/\/displayproducts.eu\/it\/wp-json\/wp\/v2\/product_tag?post=1279"}],"curies":[{"name":"wp","href":"https:\/\/api.w.org\/{rel}","templated":true}]}}