{"id":1276,"date":"2024-10-27T11:53:51","date_gmt":"2024-10-27T08:53:51","guid":{"rendered":"https:\/\/wristbandfactory.eu\/toode\/round-lanyard-with-domed-slider\/"},"modified":"2026-04-01T21:52:36","modified_gmt":"2026-04-01T18:52:36","slug":"round-cord-lanyards-with-dome-logo-slider-epoxy-3d","status":"publish","type":"product","link":"https:\/\/displayproducts.eu\/it\/p\/round-cord-lanyards-with-dome-logo-slider-epoxy-3d\/","title":{"rendered":"Lanyards rotondi con cursore con logo a cupola (epossidico 3D)"},"content":{"rendered":"<div class=\"mx-12 md:mx-24 lg:mx-48\">\n<div class=\"container my-8 svelte-zlsknf\">\n<div class=\"my-24 rounded-lg border-0 border-gray-700 bg-gray-100 px-16 py-24\">\n<div class=\"mt-11 !text-gray-500\">\n<p data-path-to-node=\"7\">Offrite un modo elegante, moderno e di alta qualit\u00e0 per mostrare i vostri dati identificativi con i nostri cordini rotondi con cursore per logo a cupola. Questo design minimalista \u00e8 apprezzato da aziende tecnologiche, startup e organizzatori di conferenze di alto livello che desiderano abbandonare i tradizionali cordini larghi a &quot;cartellone pubblicitario&quot;.<\/p>\n<p data-path-to-node=\"8\"><b>Il vantaggio della \u201ccupola\u201d<\/b> La caratteristica distintiva di questo prodotto \u00e8 il cursore di branding. A differenza della stampa standard, il logo \u00e8 ricoperto da uno strato di resina epossidica trasparente (doming). Questo crea un effetto di ingrandimento. <b>effetto 3D<\/b> Ci\u00f2 rende i colori pi\u00f9 vivaci e conferisce al marchio una finitura di alta qualit\u00e0, simile a quella di un gioiello. La resina protegge inoltre il logo da graffi, sbiadimento o danni causati dall&#039;acqua, garantendo che il marchio rimanga intatto anche dopo un utilizzo prolungato.<\/p>\n<p data-path-to-node=\"9\"><b>Comfort e durata<\/b> Realizzato in resistente cordino in poliestere (spessore di circa 5 mm), questo cordino \u00e8 leggero e comodo da indossare al collo. \u00c8 dotato di un moschettone in metallo di alta qualit\u00e0 per fissare saldamente badge identificativi, chiavi o portachiavi. Sebbene l&#039;alloggiamento del cursore sia nero di serie, possiamo realizzarlo in colori personalizzati per ordini di grandi volumi, garantendo un abbinamento perfetto con la vostra identit\u00e0 aziendale.<\/p>\n<p data-path-to-node=\"10\"><b>Caratteristiche principali:<\/b><\/p>\n<ul data-path-to-node=\"11\">\n<li>\n<p data-path-to-node=\"11,0,0\"><b>Cursore a cupola in resina epossidica:<\/b> L&#039;area di stampa rivestita in resina crea un aspetto 3D di alta qualit\u00e0 e resistente ai graffi.<\/p>\n<\/li>\n<li>\n<p data-path-to-node=\"11,1,0\"><b>Cordino rotondo in poliestere:<\/b> Alternativa durevole e comoda ai cordini piatti.<\/p>\n<\/li>\n<li>\n<p data-path-to-node=\"11,2,0\"><b>Branding dinamico:<\/b> Ideale per loghi colorati che devono distinguersi.<\/p>\n<\/li>\n<li>\n<p data-path-to-node=\"11,3,0\"><b>Moschettone in metallo:<\/b> La clip resistente garantisce un fissaggio sicuro di badge e chiavi.<\/p>\n<\/li>\n<li>\n<p data-path-to-node=\"11,4,0\"><b>Estetica professionale:<\/b> Design minimalista adatto a VIP e personale aziendale.<\/p>\n<\/li>\n<\/ul>\n<\/div>\n<\/div>\n<\/div>\n<\/div>","protected":false},"excerpt":{"rendered":"<ul>\n<li>\n<p data-path-to-node=\"6,0,0\"><b>Marchio premium:<\/b> Il disco scorrevole con logo \u00e8 dotato di un rivestimento in resina epossidica trasparente (doming) per un effetto 3D.<\/p>\n<\/li>\n<li>\n<p data-path-to-node=\"6,1,0\"><b>Stampa a colori:<\/b> Consente di ottenere loghi vivaci e dettagliati, protetti da graffi e sbiadimento.<\/p>\n<\/li>\n<li>\n<p data-path-to-node=\"6,2,0\"><b>Design elegante:<\/b> Il cordino rotondo in poliestere da 90 cm offre un&#039;alternativa moderna e minimalista ai nastri piatti.<\/p>\n<\/li>\n<li>\n<p data-path-to-node=\"6,3,0\"><b>Allegato sicuro:<\/b> Viene fornito di serie con un robusto moschettone in metallo per tessere identificative.<\/p>\n<\/li>\n<li><\/li>\n<\/ul>","protected":false},"featured_media":6765,"comment_status":"closed","ping_status":"closed","template":"","meta":[],"product_brand":[],"product_cat":[43,125,104],"product_tag":[],"class_list":{"0":"post-1276","1":"product","2":"type-product","3":"status-publish","4":"has-post-thumbnail","6":"product_cat-lanyards","7":"product_cat-cord-lanyards","8":"product_cat-custom-printed-lanyards","10":"first","11":"instock","12":"shipping-taxable","13":"purchasable","14":"product-type-simple"},"_links":{"self":[{"href":"https:\/\/displayproducts.eu\/it\/wp-json\/wp\/v2\/product\/1276","targetHints":{"allow":["GET"]}}],"collection":[{"href":"https:\/\/displayproducts.eu\/it\/wp-json\/wp\/v2\/product"}],"about":[{"href":"https:\/\/displayproducts.eu\/it\/wp-json\/wp\/v2\/types\/product"}],"replies":[{"embeddable":true,"href":"https:\/\/displayproducts.eu\/it\/wp-json\/wp\/v2\/comments?post=1276"}],"wp:featuredmedia":[{"embeddable":true,"href":"https:\/\/displayproducts.eu\/it\/wp-json\/wp\/v2\/media\/6765"}],"wp:attachment":[{"href":"https:\/\/displayproducts.eu\/it\/wp-json\/wp\/v2\/media?parent=1276"}],"wp:term":[{"taxonomy":"product_brand","embeddable":true,"href":"https:\/\/displayproducts.eu\/it\/wp-json\/wp\/v2\/product_brand?post=1276"},{"taxonomy":"product_cat","embeddable":true,"href":"https:\/\/displayproducts.eu\/it\/wp-json\/wp\/v2\/product_cat?post=1276"},{"taxonomy":"product_tag","embeddable":true,"href":"https:\/\/displayproducts.eu\/it\/wp-json\/wp\/v2\/product_tag?post=1276"}],"curies":[{"name":"wp","href":"https:\/\/api.w.org\/{rel}","templated":true}]}}