{"id":1272,"date":"2024-10-27T11:53:51","date_gmt":"2024-10-27T08:53:51","guid":{"rendered":"https:\/\/wristbandfactory.eu\/toode\/flat-polyester-lanyards-with-metal-bottle-opener\/"},"modified":"2026-04-01T21:52:04","modified_gmt":"2026-04-01T18:52:04","slug":"polyester-lanyards-with-bottle-opener","status":"publish","type":"product","link":"https:\/\/displayproducts.eu\/it\/p\/polyester-lanyards-with-bottle-opener\/","title":{"rendered":"Lanyards in poliestere con apribottiglie"},"content":{"rendered":"<div class=\"mx-12 md:mx-24 lg:mx-48\">\n<div class=\"container my-8 svelte-zlsknf\">\n<div class=\"my-24 rounded-lg border-0 border-gray-700 bg-gray-100 px-16 py-24\">\n<div class=\"mt-11 !text-gray-500\">\n<p>Unisci la visibilit\u00e0 del tuo marchio alla praticit\u00e0 con i nostri laccetti in poliestere dotati di apribottiglie integrato. Questo laccetto multifunzionale \u00e8 un ottimo strumento promozionale per festival, eventi di ospitalit\u00e0, fiere e feste aziendali, garantendo la visibilit\u00e0 del tuo marchio.<\/p>\n<p>Realizzato in resistente poliestere da 90 cm, il nastro offre un&#039;ampia e liscia superficie per il tuo logo. Possiamo stampare il tuo design con una precisa corrispondenza dei colori Pantone su uno o due lati.<\/p>\n<p>Questo cordino \u00e8 progettato per la massima funzionalit\u00e0. Include sia un robusto apribottiglie in metallo che un moschettone separato in metallo, consentendo ai partecipanti di esporre il proprio badge identificativo avendo a portata di mano uno strumento pratico. Questo lo rende un omaggio memorabile ed efficace che clienti e partecipanti conserveranno e utilizzeranno volentieri.<\/p>\n<p><b>Caratteristiche principali:<\/b><\/p>\n<ul>\n<li><b>Apribottiglie integrato:<\/b> Dotato di un apribottiglie in metallo resistente e incorporato, \u00e8 un articolo promozionale di grande utilit\u00e0.<\/li>\n<li><b>Doppi attacchi:<\/b> Viene fornito con apribottiglie e moschettone in metallo, consentendo l&#039;uso simultaneo come portadocumenti.<\/li>\n<li><b>Cinturino in poliestere personalizzato:<\/b> Cinturino resistente da 90 cm, stampato personalizzabilmente con il tuo logo Pantone.<\/li>\n<li><b>Stampa fronte-retro o fronte-retro:<\/b> Per la massima visibilit\u00e0 del marchio, scegli tra la stampa su un solo lato o su entrambi i lati.<\/li>\n<li><b>Omaggio ideale per l&#039;evento:<\/b> Un articolo estremamente pratico e memorabile per festival, fiere ed eventi aziendali.<\/li>\n<\/ul>\n<\/div>\n<\/div>\n<\/div>\n<\/div>","protected":false},"excerpt":{"rendered":"<ul>\n<li>Dotato di un pratico apribottiglie in metallo integrato per la massima utilit\u00e0.<\/li>\n<li>Cinturino in poliestere resistente da 90 cm, personalizzato con stampa del tuo logo.<\/li>\n<li>Stampa del logo con corrispondenza Pantone disponibile su uno o due lati.<\/li>\n<li>Include un moschettone metallico separato per badge identificativi o chiavi.<\/li>\n<\/ul>","protected":false},"featured_media":6724,"comment_status":"closed","ping_status":"closed","template":"","meta":[],"product_brand":[],"product_cat":[43,108],"product_tag":[],"class_list":{"0":"post-1272","1":"product","2":"type-product","3":"status-publish","4":"has-post-thumbnail","6":"product_cat-lanyards","7":"product_cat-multifunctional-lanyards","9":"first","10":"instock","11":"shipping-taxable","12":"purchasable","13":"product-type-simple"},"_links":{"self":[{"href":"https:\/\/displayproducts.eu\/it\/wp-json\/wp\/v2\/product\/1272","targetHints":{"allow":["GET"]}}],"collection":[{"href":"https:\/\/displayproducts.eu\/it\/wp-json\/wp\/v2\/product"}],"about":[{"href":"https:\/\/displayproducts.eu\/it\/wp-json\/wp\/v2\/types\/product"}],"replies":[{"embeddable":true,"href":"https:\/\/displayproducts.eu\/it\/wp-json\/wp\/v2\/comments?post=1272"}],"wp:featuredmedia":[{"embeddable":true,"href":"https:\/\/displayproducts.eu\/it\/wp-json\/wp\/v2\/media\/6724"}],"wp:attachment":[{"href":"https:\/\/displayproducts.eu\/it\/wp-json\/wp\/v2\/media?parent=1272"}],"wp:term":[{"taxonomy":"product_brand","embeddable":true,"href":"https:\/\/displayproducts.eu\/it\/wp-json\/wp\/v2\/product_brand?post=1272"},{"taxonomy":"product_cat","embeddable":true,"href":"https:\/\/displayproducts.eu\/it\/wp-json\/wp\/v2\/product_cat?post=1272"},{"taxonomy":"product_tag","embeddable":true,"href":"https:\/\/displayproducts.eu\/it\/wp-json\/wp\/v2\/product_tag?post=1272"}],"curies":[{"name":"wp","href":"https:\/\/api.w.org\/{rel}","templated":true}]}}