{"id":1271,"date":"2024-10-27T11:53:52","date_gmt":"2024-10-27T08:53:52","guid":{"rendered":"https:\/\/wristbandfactory.eu\/toode\/fine-polyester-lanyards-with-metallic-foil-stamped-design\/"},"modified":"2026-04-01T21:52:36","modified_gmt":"2026-04-01T18:52:36","slug":"metallic-foil-printed-lanyards-premium-vip-branding","status":"publish","type":"product","link":"https:\/\/displayproducts.eu\/it\/p\/metallic-foil-printed-lanyards-premium-vip-branding\/","title":{"rendered":"Lanyard con stampa in lamina metallizzata (Oro\/Argento)"},"content":{"rendered":"<div class=\"mx-12 md:mx-24 lg:mx-48\">\n<div class=\"container my-8 svelte-zlsknf\">\n<div class=\"my-24 rounded-lg border-0 border-gray-700 bg-gray-100 px-16 py-24\">\n<div class=\"mt-11 !text-gray-500\">\n<p data-path-to-node=\"11\">Migliora l&#039;identit\u00e0 del tuo marchio e distingui i tuoi ospiti pi\u00f9 importanti con il nostro <b>Lanyards stampati in lamina metallica<\/b>. Progettati specificamente per eventi di alto profilo, cerimonie di premiazione e controllo degli accessi VIP, questi cordini offrono un livello di raffinatezza che la serigrafia standard non pu\u00f2 eguagliare.<\/p>\n<p data-path-to-node=\"12\">La caratteristica distintiva di questo prodotto \u00e8 la <b>processo di stampaggio di lamina metallica<\/b>. Invece dell&#039;inchiostro tradizionale, stampiamo il tuo logo direttamente sul nastro utilizzando una tecnica di stampa a caldo con lamine metalliche vivaci (comunemente oro o argento). Questo crea una finitura nitida e altamente riflettente che brilla sotto l&#039;illuminazione dell&#039;evento, attirando immediatamente l&#039;attenzione sul tuo marchio. \u00c8 la soluzione definitiva per la categorizzazione. <b>Ospiti VIP, sponsor e personale dell&#039;evento<\/b> che hanno bisogno di distinguersi dalla massa.<\/p>\n<p data-path-to-node=\"13\">Realizzato da un <b>poliestere fine di alta qualit\u00e0<\/b>, il cinturino del cordino \u00e8 eccezionalmente liscio e morbido, garantendo comfort per l&#039;uso quotidiano con abiti formali. Ogni unit\u00e0 \u00e8 dotata di serie di un affidabile <b>moschettone in metallo<\/b>, rafforzando l&#039;aspetto premium. Per gli organizzatori che cercano una soluzione di identificazione &quot;di lusso&quot;, questa \u00e8 la scelta definitiva.<\/p>\n<p data-path-to-node=\"14\"><b>Caratteristiche principali:<\/b><\/p>\n<ul data-path-to-node=\"15\">\n<li>\n<p data-path-to-node=\"15,0,0\"><b>Metodo di stampa:<\/b> La stampa a caldo di lamina metallica di alta qualit\u00e0 crea una finitura del logo lucida, riflettente e di alta qualit\u00e0.<\/p>\n<\/li>\n<li>\n<p data-path-to-node=\"15,1,0\"><b>Materiale:<\/b> Il poliestere liscio a trama fine offre una sensazione tattile superiore rispetto ai cordini standard a coste.<\/p>\n<\/li>\n<li>\n<p data-path-to-node=\"15,2,0\"><b>Pubblico di destinazione:<\/b> Ideale per VIP, dirigenti aziendali, sponsor di alto livello e serate di gala.<\/p>\n<\/li>\n<li>\n<p data-path-to-node=\"15,3,0\"><b>Impatto visivo:<\/b> La stampa riflettente garantisce che il logo sia visibile e accattivante anche in luoghi scarsamente illuminati.<\/p>\n<\/li>\n<\/ul>\n<\/div>\n<\/div>\n<\/div>\n<\/div>","protected":false},"excerpt":{"rendered":"<ul>\n<li>\n<p data-path-to-node=\"9,0,0\"><b>Finitura esclusiva:<\/b> La stampa su lamina metallica di alta qualit\u00e0 (oro, argento, ecc.) crea uno straordinario effetto riflettente del logo.<\/p>\n<\/li>\n<li>\n<p data-path-to-node=\"9,1,0\"><b>Appello VIP:<\/b> La scelta perfetta per sponsor, relatori e ospiti VIP che necessitano di un&#039;identificazione univoca.<\/p>\n<\/li>\n<li>\n<p data-path-to-node=\"9,2,0\"><b>Materiale di prima qualit\u00e0:<\/b> Realizzato in poliestere liscio e a trama fine, lussuoso e confortevole sulla pelle.<\/p>\n<\/li>\n<li>\n<p data-path-to-node=\"9,3,0\"><b>Alta visibilit\u00e0:<\/b> La stampa scintillante cattura la luce, garantendo che il tuo marchio risalti in qualsiasi condizione di illuminazione.<\/p>\n<\/li>\n<li><\/li>\n<\/ul>","protected":false},"featured_media":6716,"comment_status":"closed","ping_status":"closed","template":"","meta":[],"product_brand":[],"product_cat":[43,104],"product_tag":[],"class_list":{"0":"post-1271","1":"product","2":"type-product","3":"status-publish","4":"has-post-thumbnail","6":"product_cat-lanyards","7":"product_cat-custom-printed-lanyards","9":"first","10":"instock","11":"shipping-taxable","12":"purchasable","13":"product-type-simple"},"_links":{"self":[{"href":"https:\/\/displayproducts.eu\/it\/wp-json\/wp\/v2\/product\/1271","targetHints":{"allow":["GET"]}}],"collection":[{"href":"https:\/\/displayproducts.eu\/it\/wp-json\/wp\/v2\/product"}],"about":[{"href":"https:\/\/displayproducts.eu\/it\/wp-json\/wp\/v2\/types\/product"}],"replies":[{"embeddable":true,"href":"https:\/\/displayproducts.eu\/it\/wp-json\/wp\/v2\/comments?post=1271"}],"wp:featuredmedia":[{"embeddable":true,"href":"https:\/\/displayproducts.eu\/it\/wp-json\/wp\/v2\/media\/6716"}],"wp:attachment":[{"href":"https:\/\/displayproducts.eu\/it\/wp-json\/wp\/v2\/media?parent=1271"}],"wp:term":[{"taxonomy":"product_brand","embeddable":true,"href":"https:\/\/displayproducts.eu\/it\/wp-json\/wp\/v2\/product_brand?post=1271"},{"taxonomy":"product_cat","embeddable":true,"href":"https:\/\/displayproducts.eu\/it\/wp-json\/wp\/v2\/product_cat?post=1271"},{"taxonomy":"product_tag","embeddable":true,"href":"https:\/\/displayproducts.eu\/it\/wp-json\/wp\/v2\/product_tag?post=1271"}],"curies":[{"name":"wp","href":"https:\/\/api.w.org\/{rel}","templated":true}]}}