{"id":1268,"date":"2024-10-27T11:53:52","date_gmt":"2024-10-27T08:53:52","guid":{"rendered":"https:\/\/wristbandfactory.eu\/toode\/lanyards-with-reflective-threads\/"},"modified":"2026-04-01T21:52:36","modified_gmt":"2026-04-01T18:52:36","slug":"lanyards-with-reflective-threads","status":"publish","type":"product","link":"https:\/\/displayproducts.eu\/it\/p\/lanyards-with-reflective-threads\/","title":{"rendered":"Cordini con fili riflettenti"},"content":{"rendered":"<div class=\"mx-12 md:mx-24 lg:mx-48\">\n<div class=\"container my-8 svelte-zlsknf\">\n<div class=\"my-24 rounded-lg border-0 border-gray-700 bg-gray-100 px-16 py-24\">\n<div class=\"mt-11 !text-gray-500\">\n<p>Aumenta la sicurezza e la visibilit\u00e0 del tuo team durante eventi serali, cantieri o funzioni aziendali con il nostro <b>Cordini con fili riflettenti<\/b>. Questo cordino \u00e8 stato sapientemente progettato per combinare un marchio di grande impatto con una caratteristica di sicurezza fondamentale.<\/p>\n<p>Ogni cordino da 90 cm \u00e8 realizzato in poliestere resistente. A differenza dei cordini completamente riflettenti, questo modello presenta <b>fili riflettenti intrecciati direttamente nel materiale del nastro<\/b>. Questi fili catturano la luce in condizioni di oscurit\u00e0 o scarsa illuminazione, rendendo chi lo indossa notevolmente pi\u00f9 visibile senza compromettere il comfort o l&#039;aspetto professionale del cordino.<\/p>\n<p>Il cinturino in poliestere offre una superficie eccellente per il branding. Possiamo stampare il tuo logo o messaggio personalizzato su uno o due lati, utilizzando una precisa corrispondenza di colori Pantone. Ogni cordino \u00e8 dotato di un affidabile moschettone in metallo, che lo rende una soluzione funzionale per riporre badge identificativi, chiavi o tessere di accesso.<\/p>\n<p><b>Caratteristiche principali:<\/b><\/p>\n<ul>\n<li><b>Fili riflettenti intrecciati:<\/b> Presenta fili intrecciati direttamente nel poliestere per un&#039;elevata visibilit\u00e0 in condizioni di scarsa illuminazione.<\/li>\n<li><b>Stampa Pantone personalizzata:<\/b> Il tuo logo viene stampato su uno o due lati con una precisa corrispondenza dei colori Pantone.<\/li>\n<li><b>Cinturino in poliestere resistente:<\/b> Il cinturino da 90 cm \u00e8 comodo e pensato per l&#039;uso quotidiano in ambito aziendale o per eventi.<\/li>\n<li><b>Maggiore sicurezza:<\/b> Ideale per il personale, per eventi serali o per qualsiasi ambiente in cui l&#039;elevata visibilit\u00e0 \u00e8 una priorit\u00e0.<\/li>\n<li><b>Moschettone in metallo standard:<\/b> Include un moschettone metallico sicuro, con altre opzioni di clip disponibili.<\/li>\n<\/ul>\n<\/div>\n<\/div>\n<\/div>\n<\/div>","protected":false},"excerpt":{"rendered":"<ul>\n<li>Presenta fili riflettenti ad alta visibilit\u00e0 intrecciati direttamente nel cinturino in poliestere.<\/li>\n<li>Ideale per migliorare la sicurezza del personale e dei partecipanti agli eventi serali.<\/li>\n<li>Stampa personalizzata del tuo logo Pantone su uno o due lati.<\/li>\n<li>Cinturino resistente da 90 cm con moschettone in metallo standard.<\/li>\n<\/ul>","protected":false},"featured_media":6719,"comment_status":"closed","ping_status":"closed","template":"","meta":[],"product_brand":[],"product_cat":[43,109],"product_tag":[],"class_list":{"0":"post-1268","1":"product","2":"type-product","3":"status-publish","4":"has-post-thumbnail","6":"product_cat-lanyards","7":"product_cat-reflective-lanyards","9":"first","10":"instock","11":"shipping-taxable","12":"purchasable","13":"product-type-simple"},"_links":{"self":[{"href":"https:\/\/displayproducts.eu\/it\/wp-json\/wp\/v2\/product\/1268","targetHints":{"allow":["GET"]}}],"collection":[{"href":"https:\/\/displayproducts.eu\/it\/wp-json\/wp\/v2\/product"}],"about":[{"href":"https:\/\/displayproducts.eu\/it\/wp-json\/wp\/v2\/types\/product"}],"replies":[{"embeddable":true,"href":"https:\/\/displayproducts.eu\/it\/wp-json\/wp\/v2\/comments?post=1268"}],"wp:featuredmedia":[{"embeddable":true,"href":"https:\/\/displayproducts.eu\/it\/wp-json\/wp\/v2\/media\/6719"}],"wp:attachment":[{"href":"https:\/\/displayproducts.eu\/it\/wp-json\/wp\/v2\/media?parent=1268"}],"wp:term":[{"taxonomy":"product_brand","embeddable":true,"href":"https:\/\/displayproducts.eu\/it\/wp-json\/wp\/v2\/product_brand?post=1268"},{"taxonomy":"product_cat","embeddable":true,"href":"https:\/\/displayproducts.eu\/it\/wp-json\/wp\/v2\/product_cat?post=1268"},{"taxonomy":"product_tag","embeddable":true,"href":"https:\/\/displayproducts.eu\/it\/wp-json\/wp\/v2\/product_tag?post=1268"}],"curies":[{"name":"wp","href":"https:\/\/api.w.org\/{rel}","templated":true}]}}