{"id":1267,"date":"2024-10-27T11:53:52","date_gmt":"2024-10-27T08:53:52","guid":{"rendered":"https:\/\/wristbandfactory.eu\/toode\/bamboo-lanyards\/"},"modified":"2026-04-01T21:52:36","modified_gmt":"2026-04-01T18:52:36","slug":"printed-bamboo-lanyards","status":"publish","type":"product","link":"https:\/\/displayproducts.eu\/it\/p\/printed-bamboo-lanyards\/","title":{"rendered":"Lanyard in bamb\u00f9 personalizzati (Eco)"},"content":{"rendered":"<div class=\"mx-12 md:mx-24 lg:mx-48\">\n<div class=\"container my-8 svelte-zlsknf\">\n<div class=\"my-24 rounded-lg border-0 border-gray-700 bg-gray-100 px-16 py-24\">\n<div class=\"mt-11 !text-gray-500\">\n<p data-path-to-node=\"11\">Fai una scelta sostenibile definitiva per il tuo prossimo evento o incontro aziendale con il nostro <b>Lanyards in bamb\u00f9 stampato<\/b>. Mentre le aziende si orientano sempre pi\u00f9 verso soluzioni prive di plastica, il bamb\u00f9 si distingue non solo per le sue credenziali ambientali, ma anche per la sua qualit\u00e0 superiore e per la sensazione al tatto.<\/p>\n<p data-path-to-node=\"12\">Realizzati in fibre di bamb\u00f9 naturali e biodegradabili, questi cordini offrono un&#039;esperienza tattile unica. A differenza di alcuni materiali riciclati che possono risultare ruvidi al tatto, il bamb\u00f9 \u00e8 naturalmente liscio, traspirante e antibatterico, il che lo rende l&#039;opzione pi\u00f9 comoda per il personale e i partecipanti che indossano i loro tesserini identificativi tutto il giorno. Offre un distintivo look &quot;eco-premium&quot; che esalta la percezione del tuo brand.<\/p>\n<p data-path-to-node=\"13\">Offriamo <b>serigrafia personalizzata<\/b> sulla superficie di bamb\u00f9, consentendo una riproduzione nitida e chiara del logo nella tua esatta <b>Colori del marchio Pantone<\/b>. Che si tratti di un marchio monofacciale o di una visibilit\u00e0 bifacciale, il risultato \u00e8 una finitura professionale su una base naturale. Con una lunghezza di circa 90 cm, soddisfano gli standard del settore per l&#039;uso professionale.<\/p>\n<p data-path-to-node=\"14\">Personalizza il tuo ordine per soddisfare i requisiti di sicurezza e funzionalit\u00e0: mentre un robusto <b>moschettone in metallo<\/b> \u00e8 standard, possiamo equipaggiare questi cordini con <b>clip di sicurezza di sicurezza<\/b> (essenziale per scuole e ospedali) o altri accessori specializzati su richiesta.<\/p>\n<p data-path-to-node=\"15\"><b>Caratteristiche principali:<\/b><\/p>\n<ul data-path-to-node=\"16\">\n<li>\n<p data-path-to-node=\"16,0,0\"><b>Materiale:<\/b> 100% Fibra di bamb\u00f9 sostenibile (biodegradabile).<\/p>\n<\/li>\n<li>\n<p data-path-to-node=\"16,1,0\"><b>Sensazione tattile:<\/b> Eccezionalmente morbido, liscio e ipoallergenico.<\/p>\n<\/li>\n<li>\n<p data-path-to-node=\"16,2,0\"><b>Stampa:<\/b> Stampa serigrafica con corrispondenza colori Pantone.<\/p>\n<\/li>\n<li>\n<p data-path-to-node=\"16,3,0\"><b>Credenziali ecologiche:<\/b> derivato da una fonte rapidamente rinnovabile e priva di pesticidi.<\/p>\n<\/li>\n<li>\n<p data-path-to-node=\"16,4,0\"><b>Hardware:<\/b> Moschettone in metallo resistente incluso; dispositivo di sicurezza opzionale.<\/p>\n<\/li>\n<li>\n<p data-path-to-node=\"16,5,0\"><b>Durata:<\/b> Le fibre naturali resistenti resistono all&#039;usura durante gli eventi che durano pi\u00f9 giorni.<\/p>\n<\/li>\n<\/ul>\n<\/div>\n<\/div>\n<\/div>\n<\/div>","protected":false},"excerpt":{"rendered":"<ul>\n<li>\n<p data-path-to-node=\"9,0,0\"><b>Rapidamente rinnovabile:<\/b> Realizzato con fibre di bamb\u00f9 sostenibili, una delle piante a pi\u00f9 rapida crescita sulla Terra, con un basso impatto ambientale.<\/p>\n<\/li>\n<li>\n<p data-path-to-node=\"9,1,0\"><b>Morbidezza Premium:<\/b> Il tessuto di bamb\u00f9 \u00e8 naturalmente ipoallergenico e pi\u00f9 liscio del cotone o del poliestere, garantendo il massimo comfort.<\/p>\n<\/li>\n<li>\n<p data-path-to-node=\"9,2,0\"><b>Branding personalizzato:<\/b> Il tuo logo viene serigrafato con colori Pantone precisi su uno o due lati.<\/p>\n<\/li>\n<li>\n<p data-path-to-node=\"9,3,0\"><b>Hardware versatile:<\/b> Fornito di serie con moschettone in metallo; clip di sicurezza opzionali disponibili per la conformit\u00e0.<\/p>\n<\/li>\n<\/ul>","protected":false},"featured_media":6725,"comment_status":"closed","ping_status":"closed","template":"","meta":[],"product_brand":[],"product_cat":[104,106,107],"product_tag":[],"class_list":{"0":"post-1267","1":"product","2":"type-product","3":"status-publish","4":"has-post-thumbnail","6":"product_cat-custom-printed-lanyards","7":"product_cat-breakaway-lanyards","8":"product_cat-eco-friendly-lanyards","10":"first","11":"instock","12":"shipping-taxable","13":"purchasable","14":"product-type-simple"},"_links":{"self":[{"href":"https:\/\/displayproducts.eu\/it\/wp-json\/wp\/v2\/product\/1267","targetHints":{"allow":["GET"]}}],"collection":[{"href":"https:\/\/displayproducts.eu\/it\/wp-json\/wp\/v2\/product"}],"about":[{"href":"https:\/\/displayproducts.eu\/it\/wp-json\/wp\/v2\/types\/product"}],"replies":[{"embeddable":true,"href":"https:\/\/displayproducts.eu\/it\/wp-json\/wp\/v2\/comments?post=1267"}],"wp:featuredmedia":[{"embeddable":true,"href":"https:\/\/displayproducts.eu\/it\/wp-json\/wp\/v2\/media\/6725"}],"wp:attachment":[{"href":"https:\/\/displayproducts.eu\/it\/wp-json\/wp\/v2\/media?parent=1267"}],"wp:term":[{"taxonomy":"product_brand","embeddable":true,"href":"https:\/\/displayproducts.eu\/it\/wp-json\/wp\/v2\/product_brand?post=1267"},{"taxonomy":"product_cat","embeddable":true,"href":"https:\/\/displayproducts.eu\/it\/wp-json\/wp\/v2\/product_cat?post=1267"},{"taxonomy":"product_tag","embeddable":true,"href":"https:\/\/displayproducts.eu\/it\/wp-json\/wp\/v2\/product_tag?post=1267"}],"curies":[{"name":"wp","href":"https:\/\/api.w.org\/{rel}","templated":true}]}}