{"id":1263,"date":"2024-10-27T11:53:52","date_gmt":"2024-10-27T08:53:52","guid":{"rendered":"https:\/\/wristbandfactory.eu\/toode\/3d-printed-lanyards\/"},"modified":"2026-04-01T21:52:36","modified_gmt":"2026-04-01T18:52:36","slug":"3d-printed-lanyards-raised-silicone-logo","status":"publish","type":"product","link":"https:\/\/displayproducts.eu\/it\/p\/3d-printed-lanyards-raised-silicone-logo\/","title":{"rendered":"Lanyard con stampa 3D a rilievo (silicone)"},"content":{"rendered":"<div class=\"mx-12 md:mx-24 lg:mx-48\">\n<div class=\"container my-8 svelte-zlsknf\">\n<div class=\"my-24 rounded-lg border-0 border-gray-700 bg-gray-100 px-16 py-24\">\n<div class=\"mt-11 !text-gray-500\">\n<p data-path-to-node=\"11\">Migliora il tuo branding aziendale con il nostro <b>Cordini stampati in 3D<\/b>, una soluzione di identificazione premium progettata per lasciare un&#039;impressione duratura. Andando oltre le tecniche di stampa piatte standard, questo cordino innovativo applica il tuo logo come <b>strato di silicone rialzato ad alta densit\u00e0<\/b>. Ci\u00f2 crea una finitura distintiva e tattile che aggiunge profondit\u00e0 e un senso di esclusivit\u00e0 al tuo marchio, rendendolo la scelta ideale per eventi VIP, conferenze tecnologiche e uso aziendale di alto livello.<\/p>\n<p data-path-to-node=\"12\">Il cordino da 90 cm \u00e8 realizzato in poliestere robusto e di alta qualit\u00e0, che garantisce la massima resistenza all&#039;uso quotidiano da parte del personale. Stampiamo il tuo design personalizzato su un lato del nastro, offrendoti una stampa precisa. <b>Corrispondenza dei colori Pantone<\/b> o a colori per garantire che il tuo logo si distingua con un effetto moderno e architettonico. A differenza delle stampe tradizionali che possono usurarsi, la texture in silicone in rilievo \u00e8 resistente e mantiene il suo aspetto pregiato nel tempo.<\/p>\n<p data-path-to-node=\"13\">Ogni unit\u00e0 \u00e8 dotata di un robusto <b>moschettone in metallo<\/b> di serie, rafforzando l&#039;aspetto di alta qualit\u00e0 del prodotto. Che venga utilizzato per contenere tessere di accesso sicure o set di chiavi resistenti, questo cordino unisce la resistenza funzionale a un aspetto visivo e tattile unico che mette in risalto il tuo marchio.<\/p>\n<p data-path-to-node=\"14\"><b>Caratteristiche principali:<\/b><\/p>\n<ul data-path-to-node=\"15\">\n<li>\n<p data-path-to-node=\"15,0,0\"><b>Tecnologia 3D in rilievo:<\/b> I loghi sono stampati in silicone ad alta densit\u00e0 per un effetto tattile &quot;in rilievo&quot;.<\/p>\n<\/li>\n<li>\n<p data-path-to-node=\"15,1,0\"><b>Immagini premium:<\/b> Aggiunge profondit\u00e0 e un tocco di lusso, perfetto per distinguere VIP o personale.<\/p>\n<\/li>\n<li>\n<p data-path-to-node=\"15,2,0\"><b>Personalizzazione:<\/b> Corrispondenza Pantone completa disponibile per lo strato di stampa in rilievo.<\/p>\n<\/li>\n<li>\n<p data-path-to-node=\"15,3,0\"><b>Durata:<\/b> Il cinturino in poliestere e la stampa in silicone sono progettati per un uso quotidiano prolungato.<\/p>\n<\/li>\n<li>\n<p data-path-to-node=\"15,4,0\"><b>Hardware:<\/b> Include un moschettone in metallo resistente; altri attacchi disponibili su richiesta.<\/p>\n<\/li>\n<\/ul>\n<\/div>\n<\/div>\n<\/div>\n<\/div>","protected":false},"excerpt":{"rendered":"<ul>\n<li>\n<p data-path-to-node=\"9,0,0\"><b>Branding tattile:<\/b> L&#039;innovativa stampa ad alta densit\u00e0 crea un effetto logo 3D in rilievo, percepibile al tatto.<\/p>\n<\/li>\n<li>\n<p data-path-to-node=\"9,1,0\"><b>Estetica Premium:<\/b> Offre un aspetto sofisticato e moderno, superiore alla stampa serigrafica standard.<\/p>\n<\/li>\n<li>\n<p data-path-to-node=\"9,2,0\"><b>Finitura durevole:<\/b> La stampa 3D a base di silicone \u00e8 altamente resistente all&#039;usura, al lavaggio e allo sbiadimento.<\/p>\n<\/li>\n<li>\n<p data-path-to-node=\"9,3,0\"><b>Identit\u00e0 aziendale:<\/b> Disponibile nei colori Pantone abbinati su un resistente cinturino in poliestere da 90 cm.<\/p>\n<\/li>\n<li><\/li>\n<\/ul>","protected":false},"featured_media":6826,"comment_status":"closed","ping_status":"closed","template":"","meta":[],"product_brand":[],"product_cat":[104],"product_tag":[],"class_list":{"0":"post-1263","1":"product","2":"type-product","3":"status-publish","4":"has-post-thumbnail","6":"product_cat-custom-printed-lanyards","8":"first","9":"instock","10":"shipping-taxable","11":"purchasable","12":"product-type-simple"},"_links":{"self":[{"href":"https:\/\/displayproducts.eu\/it\/wp-json\/wp\/v2\/product\/1263","targetHints":{"allow":["GET"]}}],"collection":[{"href":"https:\/\/displayproducts.eu\/it\/wp-json\/wp\/v2\/product"}],"about":[{"href":"https:\/\/displayproducts.eu\/it\/wp-json\/wp\/v2\/types\/product"}],"replies":[{"embeddable":true,"href":"https:\/\/displayproducts.eu\/it\/wp-json\/wp\/v2\/comments?post=1263"}],"wp:featuredmedia":[{"embeddable":true,"href":"https:\/\/displayproducts.eu\/it\/wp-json\/wp\/v2\/media\/6826"}],"wp:attachment":[{"href":"https:\/\/displayproducts.eu\/it\/wp-json\/wp\/v2\/media?parent=1263"}],"wp:term":[{"taxonomy":"product_brand","embeddable":true,"href":"https:\/\/displayproducts.eu\/it\/wp-json\/wp\/v2\/product_brand?post=1263"},{"taxonomy":"product_cat","embeddable":true,"href":"https:\/\/displayproducts.eu\/it\/wp-json\/wp\/v2\/product_cat?post=1263"},{"taxonomy":"product_tag","embeddable":true,"href":"https:\/\/displayproducts.eu\/it\/wp-json\/wp\/v2\/product_tag?post=1263"}],"curies":[{"name":"wp","href":"https:\/\/api.w.org\/{rel}","templated":true}]}}