{"id":1259,"date":"2024-10-27T11:54:13","date_gmt":"2024-10-27T08:54:13","guid":{"rendered":"https:\/\/wristbandfactory.eu\/toode\/recycled-pet-sublimation-lanyards\/"},"modified":"2026-04-01T21:52:36","modified_gmt":"2026-04-01T18:52:36","slug":"eco-friendly-rpet-lanyards-full-color-sublimation","status":"publish","type":"product","link":"https:\/\/displayproducts.eu\/it\/p\/eco-friendly-rpet-lanyards-full-color-sublimation\/","title":{"rendered":"Lanyard ecologici in rPET con stampa a sublimazione"},"content":{"rendered":"<div class=\"mx-12 md:mx-24 lg:mx-48\">\n<div class=\"container my-8 svelte-zlsknf\">\n<div class=\"my-24 rounded-lg border-0 border-gray-700 bg-gray-100 px-16 py-24\">\n<div class=\"mt-11 !text-gray-500\">\n<p data-path-to-node=\"11\">Dimostra l&#039;impegno del tuo marchio verso la sostenibilit\u00e0 senza rinunciare a un&#039;identit\u00e0 visiva di grande impatto. Il nostro <b>Lanyards ecologici in rPET per sublimazione<\/b> rappresentano la scelta migliore per le organizzazioni attente all&#039;ambiente, le conferenze ecologiche e i festival che cercano di ridurre la propria impronta di carbonio.<\/p>\n<p data-path-to-node=\"12\"><span data-path-to-node=\"12,1\"><span class=\"citation-171\">Realizzati in PET riciclato 100% (rPET), questi cordini riutilizzano i rifiuti di plastica post-consumo trasformandoli in un nastro tessile durevole e di alta qualit\u00e0.<\/span><\/span><span data-path-to-node=\"12,3\">. Nonostante sia riciclato, il materiale presenta una trama straordinariamente fine che crea una tela liscia e di alta qualit\u00e0. Questa superficie \u00e8 progettata specificamente per <b>stampa a sublimazione<\/b>, consentendo di realizzare disegni fotorealistici e sorprendenti su uno o entrambi i lati. A differenza della serigrafia, la sublimazione tinge direttamente le fibre del tessuto, garantendo che loghi complessi, immagini dettagliate e sfumature vivaci non si crepino, sbiadiscano o si stacchino nel tempo.<\/span><\/p>\n<p data-path-to-node=\"13\"><span data-path-to-node=\"13,1\"><span class=\"citation-170\">Ogni cordino \u00e8 fornito con un resistente <\/span><b><span class=\"citation-170\">moschettone in metallo<\/span><\/b><span class=\"citation-170\"> di serie, fornendo un fissaggio sicuro per carte d&#039;identit\u00e0 e pass<\/span><\/span><span data-path-to-node=\"13,3\">. <\/span><span data-path-to-node=\"13,5\"><span class=\"citation-169\">Per ambienti aziendali o eventi su larga scala in cui la conformit\u00e0 alla salute e alla sicurezza \u00e8 una priorit\u00e0, consigliamo vivamente di aggiungere l&#039;opzione <\/span><b><span class=\"citation-169\">clip di sicurezza di sicurezza<\/span><\/b><\/span><span data-path-to-node=\"13,7\">, che rilascia il cordino se tirato con forza.<\/span><\/p>\n<p data-path-to-node=\"14\"><b>Caratteristiche principali:<\/b><\/p>\n<ul data-path-to-node=\"15\">\n<li>\n<p data-path-to-node=\"15,0,0\"><b>Materiale ecologico:<\/b> Prodotto in PET riciclato 100% (rPET) derivato da plastica post-consumo.<\/p>\n<\/li>\n<li>\n<p data-path-to-node=\"15,1,0\"><b>Sublimazione a colori:<\/b> Consente di ottenere grafiche vivaci, resistenti allo sbiadimento e fotorealistiche su 1 o 2 lati.<\/p>\n<\/li>\n<li>\n<p data-path-to-node=\"15,2,0\"><b>Vestibilit\u00e0 comoda:<\/b> Cinturino lungo 90 cm con finitura morbida per un comodo utilizzo tutto il giorno.<\/p>\n<\/li>\n<li>\n<p data-path-to-node=\"15,3,0\"><b>Opzioni di sicurezza:<\/b> Clip di sicurezza opzionale disponibile per una maggiore sicurezza dell&#039;utente in ambienti attivi.<\/p>\n<\/li>\n<li>\n<p data-path-to-node=\"15,4,0\"><b>Hardware versatile:<\/b> Dotato di un robusto moschettone in metallo; altri tipi di clip disponibili su richiesta.<\/p>\n<\/li>\n<\/ul>\n<\/div>\n<\/div>\n<\/div>\n<\/div>","protected":false},"excerpt":{"rendered":"<ul>\n<li>\n<p data-path-to-node=\"9,0,0\"><b>Sostenibilit\u00e0 certificata:<\/b> Realizzato con bottiglie di plastica riciclata 100% (rPET), riducendo l&#039;impatto ambientale.<\/p>\n<\/li>\n<li>\n<p data-path-to-node=\"9,1,0\"><b>Branding ad alta definizione:<\/b> La superficie liscia consente la stampa a sublimazione a colori da bordo a bordo.<\/p>\n<\/li>\n<li>\n<p data-path-to-node=\"9,2,0\"><b>Progetti complessi:<\/b> Perfetto per loghi complessi, sfumature e immagini fotografiche.<\/p>\n<\/li>\n<li>\n<p data-path-to-node=\"9,3,0\"><b>Sicurezza e utilit\u00e0:<\/b> Include un moschettone in metallo standard; \u00e8 disponibile un dispositivo di sicurezza opzionale per garantire la conformit\u00e0.<\/p>\n<\/li>\n<li><\/li>\n<\/ul>","protected":false},"featured_media":6833,"comment_status":"closed","ping_status":"closed","template":"","meta":[],"product_brand":[],"product_cat":[43,104,106],"product_tag":[],"class_list":{"0":"post-1259","1":"product","2":"type-product","3":"status-publish","4":"has-post-thumbnail","6":"product_cat-lanyards","7":"product_cat-custom-printed-lanyards","8":"product_cat-breakaway-lanyards","10":"first","11":"instock","12":"shipping-taxable","13":"purchasable","14":"product-type-simple"},"_links":{"self":[{"href":"https:\/\/displayproducts.eu\/it\/wp-json\/wp\/v2\/product\/1259","targetHints":{"allow":["GET"]}}],"collection":[{"href":"https:\/\/displayproducts.eu\/it\/wp-json\/wp\/v2\/product"}],"about":[{"href":"https:\/\/displayproducts.eu\/it\/wp-json\/wp\/v2\/types\/product"}],"replies":[{"embeddable":true,"href":"https:\/\/displayproducts.eu\/it\/wp-json\/wp\/v2\/comments?post=1259"}],"wp:featuredmedia":[{"embeddable":true,"href":"https:\/\/displayproducts.eu\/it\/wp-json\/wp\/v2\/media\/6833"}],"wp:attachment":[{"href":"https:\/\/displayproducts.eu\/it\/wp-json\/wp\/v2\/media?parent=1259"}],"wp:term":[{"taxonomy":"product_brand","embeddable":true,"href":"https:\/\/displayproducts.eu\/it\/wp-json\/wp\/v2\/product_brand?post=1259"},{"taxonomy":"product_cat","embeddable":true,"href":"https:\/\/displayproducts.eu\/it\/wp-json\/wp\/v2\/product_cat?post=1259"},{"taxonomy":"product_tag","embeddable":true,"href":"https:\/\/displayproducts.eu\/it\/wp-json\/wp\/v2\/product_tag?post=1259"}],"curies":[{"name":"wp","href":"https:\/\/api.w.org\/{rel}","templated":true}]}}