{"id":1256,"date":"2024-10-27T11:54:13","date_gmt":"2024-10-27T08:54:13","guid":{"rendered":"https:\/\/wristbandfactory.eu\/toode\/cork-lanyards\/"},"modified":"2026-04-01T21:52:36","modified_gmt":"2026-04-01T18:52:36","slug":"printed-cork-lanyards","status":"publish","type":"product","link":"https:\/\/displayproducts.eu\/it\/p\/printed-cork-lanyards\/","title":{"rendered":"Lanyard in sughero personalizzati (Naturale)"},"content":{"rendered":"<div class=\"mx-12 md:mx-24 lg:mx-48\">\n<div class=\"container my-8 svelte-zlsknf\">\n<div class=\"my-24 rounded-lg border-0 border-gray-700 bg-gray-100 px-16 py-24\">\n<div class=\"mt-11 !text-gray-500\">\n<p data-path-to-node=\"11\">Fai una dichiarazione responsabile ed elegante alla tua prossima conferenza o fiera con il nostro <b>Lanyards in sughero stampato<\/b>. Questo cordino \u00e8 la soluzione ideale per le organizzazioni attente all&#039;ambiente che desiderano combinare materiali sostenibili con un marchio professionale, offrendo un&#039;alternativa sofisticata alle fibre sintetiche.<\/p>\n<p data-path-to-node=\"12\">Realizzato da <b>sughero naturale autentico<\/b>, Questo cordino da 90 cm offre una sensazione unica e di alta qualit\u00e0, immediatamente riconoscibile. Il materiale viene ricavato dalla corteccia della quercia da sughero senza danneggiare l&#039;albero stesso, rendendolo una risorsa realmente rinnovabile. Oltre alle sue caratteristiche ecologiche, il sughero \u00e8 naturalmente durevole, resistente all&#039;acqua e ipoallergenico, garantendo comfort per l&#039;uso quotidiano.<\/p>\n<p data-path-to-node=\"13\">Noi possiamo <b>stampa personalizzata del tuo logo<\/b> su uno o due lati del cinturino. Mentre il sughero ha una consistenza naturale, il nostro avanzato processo di serigrafia garantisce che il tuo design rimanga leggibile e con colori fedeli (utilizzando <b>Corrispondenza Pantone<\/b>). Il colore marrone chiaro naturale del sughero fornisce uno sfondo neutro e gradevole che fa risaltare i loghi scuri. Ogni cordino \u00e8 dotato di serie di un affidabile <b>moschettone in metallo<\/b>, fornendo un fissaggio sicuro per pass per eventi o badge identificativi.<\/p>\n<p data-path-to-node=\"14\"><b>Caratteristiche principali:<\/b><\/p>\n<ul data-path-to-node=\"15\">\n<li>\n<p data-path-to-node=\"15,0,0\"><b>Materiale:<\/b> Sughero naturale autentico (rinnovabile e biodegradabile).<\/p>\n<\/li>\n<li>\n<p data-path-to-node=\"15,1,0\"><b>Impatto visivo:<\/b> La texture unica che richiama le venature del legno comunica &quot;Premium Eco&quot;.<\/p>\n<\/li>\n<li>\n<p data-path-to-node=\"15,2,0\"><b>Stampa:<\/b> Stampa serigrafica con precisione Pantone su 1 o 2 lati.<\/p>\n<\/li>\n<li>\n<p data-path-to-node=\"15,3,0\"><b>Durata:<\/b> Naturalmente resistente all&#039;acqua e sufficientemente robusto per un uso prolungato.<\/p>\n<\/li>\n<li>\n<p data-path-to-node=\"15,4,0\"><b>Hardware:<\/b> Include un robusto moschettone in metallo; sono disponibili altre opzioni di clip.<\/p>\n<\/li>\n<li>\n<p data-path-to-node=\"15,5,0\"><b>Comfort:<\/b> Leggero e morbido sulla pelle.<\/p>\n<\/li>\n<\/ul>\n<\/div>\n<\/div>\n<\/div>\n<\/div>","protected":false},"excerpt":{"rendered":"<ul>\n<li>\n<p data-path-to-node=\"9,0,0\"><b>Estetica distintiva:<\/b> La texture naturale del sughero, simile al legno, conferisce un aspetto esclusivo e pregiato che si distingue dai normali cordini.<\/p>\n<\/li>\n<li>\n<p data-path-to-node=\"9,1,0\"><b>Certificato sostenibile:<\/b> Realizzato in autentico sughero rinnovabile, a dimostrazione di un forte impegno verso la responsabilit\u00e0 ambientale.<\/p>\n<\/li>\n<li>\n<p data-path-to-node=\"9,2,0\"><b>Branding personalizzato:<\/b> Nonostante la superficie strutturata, offriamo una serigrafia trasparente con corrispondenza dei colori Pantone su 1 o 2 lati.<\/p>\n<\/li>\n<li>\n<p data-path-to-node=\"9,3,0\"><b>Durevole e resistente all&#039;acqua:<\/b> Il sughero \u00e8 naturalmente robusto e resistente all&#039;umidit\u00e0, il che lo rende ideale per eventi di pi\u00f9 giorni.<\/p>\n<\/li>\n<\/ul>","protected":false},"featured_media":6730,"comment_status":"closed","ping_status":"closed","template":"","meta":[],"product_brand":[],"product_cat":[43,107],"product_tag":[],"class_list":{"0":"post-1256","1":"product","2":"type-product","3":"status-publish","4":"has-post-thumbnail","6":"product_cat-lanyards","7":"product_cat-eco-friendly-lanyards","9":"first","10":"instock","11":"shipping-taxable","12":"purchasable","13":"product-type-simple"},"_links":{"self":[{"href":"https:\/\/displayproducts.eu\/it\/wp-json\/wp\/v2\/product\/1256","targetHints":{"allow":["GET"]}}],"collection":[{"href":"https:\/\/displayproducts.eu\/it\/wp-json\/wp\/v2\/product"}],"about":[{"href":"https:\/\/displayproducts.eu\/it\/wp-json\/wp\/v2\/types\/product"}],"replies":[{"embeddable":true,"href":"https:\/\/displayproducts.eu\/it\/wp-json\/wp\/v2\/comments?post=1256"}],"wp:featuredmedia":[{"embeddable":true,"href":"https:\/\/displayproducts.eu\/it\/wp-json\/wp\/v2\/media\/6730"}],"wp:attachment":[{"href":"https:\/\/displayproducts.eu\/it\/wp-json\/wp\/v2\/media?parent=1256"}],"wp:term":[{"taxonomy":"product_brand","embeddable":true,"href":"https:\/\/displayproducts.eu\/it\/wp-json\/wp\/v2\/product_brand?post=1256"},{"taxonomy":"product_cat","embeddable":true,"href":"https:\/\/displayproducts.eu\/it\/wp-json\/wp\/v2\/product_cat?post=1256"},{"taxonomy":"product_tag","embeddable":true,"href":"https:\/\/displayproducts.eu\/it\/wp-json\/wp\/v2\/product_tag?post=1256"}],"curies":[{"name":"wp","href":"https:\/\/api.w.org\/{rel}","templated":true}]}}