{"id":1242,"date":"2024-10-27T11:54:14","date_gmt":"2024-10-27T08:54:14","guid":{"rendered":"https:\/\/wristbandfactory.eu\/toode\/corn-lanyards\/"},"modified":"2026-04-01T21:52:36","modified_gmt":"2026-04-01T18:52:36","slug":"printed-eco-corn-lanyards","status":"publish","type":"product","link":"https:\/\/displayproducts.eu\/it\/p\/printed-eco-corn-lanyards\/","title":{"rendered":"Lanyard in fibra di mais (PLA biodegradabile)"},"content":{"rendered":"<div class=\"mx-12 md:mx-24 lg:mx-48\">\n<div class=\"container my-8 svelte-zlsknf\">\n<div class=\"my-24 rounded-lg border-0 border-gray-700 bg-gray-100 px-16 py-24\">\n<div class=\"mt-11 !text-gray-500\">\n<p data-path-to-node=\"11\">Dimostrare una vera leadership ambientale con il nostro <b>Lanyards stampati in ecopelle<\/b>. A differenza dei tradizionali cordini sintetici derivati dal petrolio, questi innovativi cinturini identificativi sono realizzati in <b>100% Amido di mais (PLA)<\/b> fibra. Ci\u00f2 li rende una soluzione completamente biodegradabile e di origine vegetale, perfetta per organizzazioni lungimiranti ed eventi sostenibili.<\/p>\n<p data-path-to-node=\"12\">Ci\u00f2 che rende questo prodotto unico \u00e8 la sua natura &quot;senza compromessi&quot;. Pur essendo ricavato dal mais, la fibra di PLA risultante imita la durevolezza, la consistenza e la resistenza del poliestere standard. Ci\u00f2 significa che si ottiene un cordino robusto e di alta qualit\u00e0, in grado di resistere a conferenze di pi\u00f9 giorni, ma compostabile al termine del suo ciclo di vita.<\/p>\n<p data-path-to-node=\"13\">Offriamo servizi professionali <b>serigrafia<\/b> sulla superficie liscia del PLA, assicurando che il tuo logo venga riprodotto esattamente <b>Colori del marchio Pantone<\/b>. Che si tratti di stampa su un solo lato o fronte-retro, il risultato \u00e8 nitido e brillante. Ogni unit\u00e0 \u00e8 dotata di un <b>moschettone in metallo<\/b>, che unisce la durevolezza industriale alla sensibilit\u00e0 ambientale.<\/p>\n<p data-path-to-node=\"14\"><b>Caratteristiche principali:<\/b><\/p>\n<ul data-path-to-node=\"15\">\n<li>\n<p data-path-to-node=\"15,0,0\"><b>Materiale:<\/b> 100% Fibra di amido di mais (PLA) \u2013 Di origine vegetale e biodegradabile.<\/p>\n<\/li>\n<li>\n<p data-path-to-node=\"15,1,0\"><b>Prestazione:<\/b> Texture resistente e liscia, simile al poliestere tradizionale.<\/p>\n<\/li>\n<li>\n<p data-path-to-node=\"15,2,0\"><b>Sostenibilit\u00e0:<\/b> Impronta di carbonio notevolmente inferiore rispetto alle plastiche derivate dal petrolio.<\/p>\n<\/li>\n<li>\n<p data-path-to-node=\"15,3,0\"><b>Stampa:<\/b> Stampa serigrafica di alta qualit\u00e0 con corrispondenza dei colori Pantone.<\/p>\n<\/li>\n<li>\n<p data-path-to-node=\"15,4,0\"><b>Hardware:<\/b> Include un affidabile moschettone in metallo per fissare in modo sicuro il badge.<\/p>\n<\/li>\n<li>\n<p data-path-to-node=\"15,5,0\"><b>Caso d&#039;uso:<\/b> Perfetto per conferenze &quot;green&quot;, festival ecologici e iniziative di CSR.<\/p>\n<\/li>\n<\/ul>\n<\/div>\n<\/div>\n<\/div>\n<\/div>","protected":false},"excerpt":{"rendered":"<ul>\n<li>\n<p data-path-to-node=\"9,0,0\"><b>Innovazione basata sulle piante:<\/b> Prodotto con fibra di amido di mais (PLA) 100%, offre un&#039;alternativa completamente biodegradabile alle plastiche derivate dal petrolio.<\/p>\n<\/li>\n<li>\n<p data-path-to-node=\"9,1,0\"><b>Prestazioni simili al poliestere:<\/b> Si presenta esattamente come un tessuto sintetico, resistente e liscio, e funziona esattamente come tale, ma \u00e8 ricavato interamente dalle piante.<\/p>\n<\/li>\n<li>\n<p data-path-to-node=\"9,2,0\"><b>Responsabilit\u00e0 aziendale:<\/b> La scelta ideale per le aziende con rigide politiche di zero rifiuti o a zero emissioni di carbonio.<\/p>\n<\/li>\n<li>\n<p data-path-to-node=\"9,3,0\"><b>Branding personalizzato:<\/b> La superficie liscia consente una stampa serigrafica nitida e conforme ai colori Pantone su uno o due lati.<\/p>\n<\/li>\n<\/ul>","protected":false},"featured_media":6736,"comment_status":"closed","ping_status":"closed","template":"","meta":[],"product_brand":[],"product_cat":[104,107],"product_tag":[],"class_list":{"0":"post-1242","1":"product","2":"type-product","3":"status-publish","4":"has-post-thumbnail","6":"product_cat-custom-printed-lanyards","7":"product_cat-eco-friendly-lanyards","9":"first","10":"instock","11":"shipping-taxable","12":"purchasable","13":"product-type-simple"},"_links":{"self":[{"href":"https:\/\/displayproducts.eu\/it\/wp-json\/wp\/v2\/product\/1242","targetHints":{"allow":["GET"]}}],"collection":[{"href":"https:\/\/displayproducts.eu\/it\/wp-json\/wp\/v2\/product"}],"about":[{"href":"https:\/\/displayproducts.eu\/it\/wp-json\/wp\/v2\/types\/product"}],"replies":[{"embeddable":true,"href":"https:\/\/displayproducts.eu\/it\/wp-json\/wp\/v2\/comments?post=1242"}],"wp:featuredmedia":[{"embeddable":true,"href":"https:\/\/displayproducts.eu\/it\/wp-json\/wp\/v2\/media\/6736"}],"wp:attachment":[{"href":"https:\/\/displayproducts.eu\/it\/wp-json\/wp\/v2\/media?parent=1242"}],"wp:term":[{"taxonomy":"product_brand","embeddable":true,"href":"https:\/\/displayproducts.eu\/it\/wp-json\/wp\/v2\/product_brand?post=1242"},{"taxonomy":"product_cat","embeddable":true,"href":"https:\/\/displayproducts.eu\/it\/wp-json\/wp\/v2\/product_cat?post=1242"},{"taxonomy":"product_tag","embeddable":true,"href":"https:\/\/displayproducts.eu\/it\/wp-json\/wp\/v2\/product_tag?post=1242"}],"curies":[{"name":"wp","href":"https:\/\/api.w.org\/{rel}","templated":true}]}}