{"id":1217,"date":"2024-10-27T11:54:36","date_gmt":"2024-10-27T08:54:36","guid":{"rendered":"https:\/\/wristbandfactory.eu\/toode\/polyester-wristbands-with-woven-logo\/"},"modified":"2026-04-01T21:52:36","modified_gmt":"2026-04-01T18:52:36","slug":"woven-fabric-wristbands-up-to-4-colours","status":"publish","type":"product","link":"https:\/\/displayproducts.eu\/it\/p\/woven-fabric-wristbands-up-to-4-colours\/","title":{"rendered":"Braccialetti in tessuto tessuti (fino a 4 colori)"},"content":{"rendered":"<div class=\"mx-12 md:mx-24 lg:mx-48\">\n<div class=\"container my-8 svelte-zlsknf\">\n<div class=\"my-24 rounded-lg border-0 border-gray-700 bg-gray-100 px-16 py-24\">\n<div class=\"mt-11 !text-gray-500\">\n<p data-path-to-node=\"8\">Valorizza il branding del tuo evento con i nostri braccialetti in tessuto intrecciato di alta qualit\u00e0. A differenza delle alternative stampate, questo design integra il tuo logo e il tuo messaggio (utilizzando fino a 4 colori distinti) direttamente nel resistente tessuto in poliestere. Questo metodo di tessitura crea una finitura testurizzata durevole e di alta qualit\u00e0, resistente allo sbiadimento e all&#039;usura, rendendola la scelta ideale per festival di pi\u00f9 giorni ed eventi aziendali in cui il prestigio del marchio \u00e8 fondamentale.<\/p>\n<h3 data-path-to-node=\"9\"><b>Configura il tuo braccialetto intrecciato perfetto<\/b><\/h3>\n<ol start=\"1\" data-path-to-node=\"10\">\n<li>\n<p data-path-to-node=\"10,0,0\"><b>Scegli la tua serratura:<\/b> Seleziona la chiusura pi\u00f9 adatta alle esigenze di sicurezza del tuo evento. Questo braccialetto \u00e8 compatibile con la nostra gamma completa di lucchetti, tra cui:<\/p>\n<ul data-path-to-node=\"10,0,1\">\n<li>\n<p data-path-to-node=\"10,0,1,0,0\"><b>Serrature ad alta sicurezza:<\/b> Una chiusura monouso per impedire il trasferimento e garantire un solido controllo degli accessi.<\/p>\n<\/li>\n<li>\n<p data-path-to-node=\"10,0,1,1,0\"><b>Lucchetti riutilizzabili:<\/b> Una perlina regolabile per un utilizzo flessibile e duraturo.<\/p>\n<\/li>\n<li>\n<p data-path-to-node=\"10,0,1,2,0\"><b>Serrature ecologiche:<\/b> Il nostro lucchetto in bamb\u00f9 sostenibile e monouso.<\/p>\n<\/li>\n<\/ul>\n<\/li>\n<li>\n<p data-path-to-node=\"10,1,0\"><b>Aggiungi trattamento antibatterico opzionale:<\/b> Per gli eventi che richiedono i pi\u00f9 elevati standard igienici, questi braccialetti sono disponibili con un optional <b>trattamento antibatterico certificato secondo gli standard ISO 20743<\/b>. Ci\u00f2 garantisce un livello essenziale di sicurezza per i partecipanti a conferenze sanitarie, festival gastronomici o grandi raduni pubblici.<\/p>\n<\/li>\n<\/ol>\n<h3 data-path-to-node=\"11\"><b>Caratteristiche principali:<\/b><\/h3>\n<ul data-path-to-node=\"12\">\n<li>\n<p data-path-to-node=\"12,0,0\"><b>Logo intrecciato premium:<\/b> Il tuo disegno viene intrecciato nel tessuto (fino a 4 colori) per una finitura durevole e di alta qualit\u00e0.<\/p>\n<\/li>\n<li>\n<p data-path-to-node=\"12,1,0\"><b>Opzioni di blocco di sicurezza:<\/b> Scegli tra bamb\u00f9 ad alta sicurezza (monouso), riutilizzabile o ecologico.<\/p>\n<\/li>\n<li>\n<p data-path-to-node=\"12,2,0\"><b>Trattamento antibatterico opzionale:<\/b> Certificazione ISO 20743 per una maggiore igiene.<\/p>\n<\/li>\n<li>\n<p data-path-to-node=\"12,3,0\"><b>Poliestere resistente:<\/b> Materiale resistente, ideale per un uso prolungato.<\/p>\n<\/li>\n<li>\n<p data-path-to-node=\"12,4,0\"><b>Ordine minimo:<\/b> 100 pezzi.<\/p>\n<\/li>\n<\/ul>\n<p data-path-to-node=\"13\">\n<\/div>\n<\/div>\n<\/div>\n<\/div>","protected":false},"excerpt":{"rendered":"<ul>\n<li>\n<p data-path-to-node=\"7,0,0\">Design intrecciato di alta qualit\u00e0: il tuo logo viene intrecciato direttamente nel tessuto utilizzando fino a 4 colori per una finitura durevole e resistente allo sbiadimento.<\/p>\n<\/li>\n<li>\n<p data-path-to-node=\"7,1,0\">Opzioni di blocco: scegli tra alta sicurezza (monouso), riutilizzabile o in bamb\u00f9 ecologico.<\/p>\n<\/li>\n<li>\n<p data-path-to-node=\"7,2,0\">Trattamento antibatterico opzionale: trattamento certificato ISO 20743 per una maggiore igiene e sicurezza dei partecipanti.<\/p>\n<\/li>\n<li>\n<p data-path-to-node=\"7,3,0\">Materiale in poliestere resistente, ideale per festival di pi\u00f9 giorni.<\/p>\n<\/li>\n<\/ul>","protected":false},"featured_media":6385,"comment_status":"closed","ping_status":"closed","template":"","meta":[],"product_brand":[],"product_cat":[66,47],"product_tag":[],"class_list":{"0":"post-1217","1":"product","2":"type-product","3":"status-publish","4":"has-post-thumbnail","6":"product_cat-wristbands","7":"product_cat-fabric-wristbands","9":"first","10":"instock","11":"shipping-taxable","12":"purchasable","13":"product-type-simple"},"_links":{"self":[{"href":"https:\/\/displayproducts.eu\/it\/wp-json\/wp\/v2\/product\/1217","targetHints":{"allow":["GET"]}}],"collection":[{"href":"https:\/\/displayproducts.eu\/it\/wp-json\/wp\/v2\/product"}],"about":[{"href":"https:\/\/displayproducts.eu\/it\/wp-json\/wp\/v2\/types\/product"}],"replies":[{"embeddable":true,"href":"https:\/\/displayproducts.eu\/it\/wp-json\/wp\/v2\/comments?post=1217"}],"wp:featuredmedia":[{"embeddable":true,"href":"https:\/\/displayproducts.eu\/it\/wp-json\/wp\/v2\/media\/6385"}],"wp:attachment":[{"href":"https:\/\/displayproducts.eu\/it\/wp-json\/wp\/v2\/media?parent=1217"}],"wp:term":[{"taxonomy":"product_brand","embeddable":true,"href":"https:\/\/displayproducts.eu\/it\/wp-json\/wp\/v2\/product_brand?post=1217"},{"taxonomy":"product_cat","embeddable":true,"href":"https:\/\/displayproducts.eu\/it\/wp-json\/wp\/v2\/product_cat?post=1217"},{"taxonomy":"product_tag","embeddable":true,"href":"https:\/\/displayproducts.eu\/it\/wp-json\/wp\/v2\/product_tag?post=1217"}],"curies":[{"name":"wp","href":"https:\/\/api.w.org\/{rel}","templated":true}]}}