{"id":1208,"date":"2024-10-27T11:54:37","date_gmt":"2024-10-27T08:54:37","guid":{"rendered":"https:\/\/wristbandfactory.eu\/toode\/faux-leather-wristbands\/"},"modified":"2026-04-01T21:52:36","modified_gmt":"2026-04-01T18:52:36","slug":"faux-leather-wristbands","status":"publish","type":"product","link":"https:\/\/displayproducts.eu\/it\/p\/faux-leather-wristbands\/","title":{"rendered":"Braccialetti in similpelle"},"content":{"rendered":"<p>Scegli un look autentico con i braccialetti in pelle incisi. Il testo viene impresso a caldo sul bracciale, proprio come fanno i veri artigiani della pelle. In questo modo, il testo ha lo stesso colore del bracciale.<\/p>\n<p>Offriamo 2 tipi di chiusure: una clip in plastica e una chiusura in metallo.<\/p>\n<p>La chiusura a clip in plastica \u00e8 simile a quella dei braccialetti in vinile. Il braccialetto \u00e8 dotato di fori che consentono una vestibilit\u00e0 personalizzata. Non \u00e8 possibile aprire la chiusura dopo averla chiusa a scatto senza danneggiarla, mostrando segni di manomissione. Questo previene le frodi.<\/p>\n<p>La chiusura in metallo \u00e8 anche la chiusura standard per i braccialetti in tessuto per festival. Per chiuderla \u00e8 necessario uno strumento di crimpatura. Non \u00e8 possibile rimuovere il braccialetto dopo aver crimpato la chiusura senza mostrare segni di manomissione, il che previene le frodi.<\/p>","protected":false},"excerpt":{"rendered":"<div>\n<p class=\"text-gray-500\">Con i braccialetti in similpelle o pelle sintetica, puoi scegliere un controllo accessi sicuro per il tuo evento con un look unico. Puoi scegliere tra 4 diversi colori di similpelle per la stampa a 1 o 2 colori o per l&#039;incisione. Per fissare i braccialetti, offriamo due opzioni: chiusura in metallo o chiusura a scatto in plastica.<\/p>\n<\/div>","protected":false},"featured_media":6410,"comment_status":"closed","ping_status":"closed","template":"","meta":[],"product_brand":[],"product_cat":[66,117],"product_tag":[],"class_list":{"0":"post-1208","1":"product","2":"type-product","3":"status-publish","4":"has-post-thumbnail","6":"product_cat-wristbands","7":"product_cat-leather-wristbands","9":"first","10":"instock","11":"shipping-taxable","12":"purchasable","13":"product-type-simple"},"_links":{"self":[{"href":"https:\/\/displayproducts.eu\/it\/wp-json\/wp\/v2\/product\/1208","targetHints":{"allow":["GET"]}}],"collection":[{"href":"https:\/\/displayproducts.eu\/it\/wp-json\/wp\/v2\/product"}],"about":[{"href":"https:\/\/displayproducts.eu\/it\/wp-json\/wp\/v2\/types\/product"}],"replies":[{"embeddable":true,"href":"https:\/\/displayproducts.eu\/it\/wp-json\/wp\/v2\/comments?post=1208"}],"wp:featuredmedia":[{"embeddable":true,"href":"https:\/\/displayproducts.eu\/it\/wp-json\/wp\/v2\/media\/6410"}],"wp:attachment":[{"href":"https:\/\/displayproducts.eu\/it\/wp-json\/wp\/v2\/media?parent=1208"}],"wp:term":[{"taxonomy":"product_brand","embeddable":true,"href":"https:\/\/displayproducts.eu\/it\/wp-json\/wp\/v2\/product_brand?post=1208"},{"taxonomy":"product_cat","embeddable":true,"href":"https:\/\/displayproducts.eu\/it\/wp-json\/wp\/v2\/product_cat?post=1208"},{"taxonomy":"product_tag","embeddable":true,"href":"https:\/\/displayproducts.eu\/it\/wp-json\/wp\/v2\/product_tag?post=1208"}],"curies":[{"name":"wp","href":"https:\/\/api.w.org\/{rel}","templated":true}]}}