{"id":1203,"date":"2024-10-27T11:54:37","date_gmt":"2024-10-27T08:54:37","guid":{"rendered":"https:\/\/wristbandfactory.eu\/toode\/fabric-wristbands\/"},"modified":"2026-04-01T21:52:36","modified_gmt":"2026-04-01T18:52:36","slug":"full-colour-printed-fabric-wristbands","status":"publish","type":"product","link":"https:\/\/displayproducts.eu\/it\/p\/full-colour-printed-fabric-wristbands\/","title":{"rendered":"Braccialetti in tessuto stampati a colori"},"content":{"rendered":"<div class=\"mx-12 md:mx-24 lg:mx-48\">\n<div class=\"container my-8 svelte-zlsknf\">\n<div class=\"my-24 rounded-lg border-0 border-gray-700 bg-gray-100 px-16 py-24\">\n<div class=\"mt-11 !text-gray-500\">\n<p data-path-to-node=\"8\">Arricchisci l&#039;esperienza del tuo evento con i nostri braccialetti in tessuto stampato a colori. Si tratta della nostra soluzione pi\u00f9 popolare per il controllo degli accessi agli eventi, pensata per essere un potente strumento di marketing e un prezioso souvenir per i partecipanti.<\/p>\n<p data-path-to-node=\"9\"><b>Un braccialetto completamente personalizzato da te<\/b><\/p>\n<p data-path-to-node=\"10\">Questa pagina prodotto riunisce tutte le nostre opzioni di tessuto stampato. Scegli il materiale e crea il braccialetto perfetto per il tuo evento.<\/p>\n<ol start=\"1\" data-path-to-node=\"11\">\n<li>\n<p data-path-to-node=\"11,0,0\"><b>Scegli la tua stampa e il tuo materiale:<\/b> Utilizzando la stampa a sublimazione all&#039;avanguardia, riproduciamo il tuo design in tonalit\u00e0 CMYK vivaci e resistenti allo sbiadimento o in precise tonalit\u00e0 Pantone (PMS). Scegli tra due finiture di materiale:<\/p>\n<ul data-path-to-node=\"11,0,1\">\n<li>\n<p data-path-to-node=\"11,0,1,0,0\"><b>Poliestere resistente:<\/b> Il nostro standard di alta qualit\u00e0, impermeabile e delicato sulla pelle per tutti gli eventi.<\/p>\n<\/li>\n<li>\n<p data-path-to-node=\"11,0,1,1,0\"><b>Raso Premium:<\/b> Una finitura pi\u00f9 liscia e lucida per una sensazione di alta qualit\u00e0 e di alta qualit\u00e0 (assorbe il prodotto &quot;Satin Wristbands&quot;).<\/p>\n<\/li>\n<\/ul>\n<\/li>\n<li>\n<p data-path-to-node=\"11,1,0\"><b>Scegli la tua serratura:<\/b> La sicurezza \u00e8 fondamentale. Configura i tuoi braccialetti con il lucchetto pi\u00f9 adatto alle tue esigenze. Offriamo una gamma completa di opzioni:<\/p>\n<ul data-path-to-node=\"11,1,1\">\n<li>\n<p data-path-to-node=\"11,1,1,0,0\"><b>Serrature ad alta sicurezza:<\/b> Clip autochiudenti in plastica monouso o resistenti serrature in metallo per impedire il trasferimento.<\/p>\n<\/li>\n<li>\n<p data-path-to-node=\"11,1,1,1,0\"><b>Lucchetti riutilizzabili:<\/b> Una perlina regolabile che consente di rimuovere e indossare nuovamente i braccialetti.<\/p>\n<\/li>\n<li>\n<p data-path-to-node=\"11,1,1,2,0\"><b>Serrature ecologiche:<\/b> Il nostro lucchetto in bamb\u00f9 sostenibile e monouso.<\/p>\n<\/li>\n<\/ul>\n<\/li>\n<\/ol>\n<p data-path-to-node=\"12\">Questi braccialetti rappresentano la soluzione sicura ideale per controllare l&#039;accesso a concerti, festival, feste, hotel e parchi acquatici.<\/p>\n<p data-path-to-node=\"13\"><i>(Nota: a causa del processo di fabbricazione, per risultati ottimali consigliamo di utilizzare motivi ripetuti sul retro del braccialetto.)<\/i><\/p>\n<p data-path-to-node=\"14\"><b>Caratteristiche principali:<\/b><\/p>\n<ul data-path-to-node=\"15\">\n<li>\n<p data-path-to-node=\"15,0,0\"><b>Stampa:<\/b> Stampa a sublimazione a colori CMYK o PMS.<\/p>\n<\/li>\n<li>\n<p data-path-to-node=\"15,1,0\"><b>Materiale:<\/b> Poliestere di alta qualit\u00e0 (disponibile anche con finitura Premium Satin).<\/p>\n<\/li>\n<li>\n<p data-path-to-node=\"15,2,0\"><b>Opzioni di blocco di sicurezza:<\/b> Perline ad alta sicurezza (plastica\/metallo), riutilizzabili o in bamb\u00f9 ecologico.<\/p>\n<\/li>\n<li>\n<p data-path-to-node=\"15,3,0\"><b>Resistente e impermeabile:<\/b> Ideale per eventi di pi\u00f9 giorni.<\/p>\n<\/li>\n<li>\n<p data-path-to-node=\"15,4,0\"><b>Comfort:<\/b> Leggero e morbido, per un uso prolungato e confortevole.<\/p>\n<\/li>\n<li>\n<p data-path-to-node=\"15,5,0\"><b>Ordine minimo:<\/b> 100 pezzi.<\/p>\n<\/li>\n<\/ul>\n<p data-path-to-node=\"16\">\n<\/div>\n<\/div>\n<\/div>\n<\/div>","protected":false},"excerpt":{"rendered":"<ul data-path-to-node=\"7\">\n<li>\n<p data-path-to-node=\"7,0,0\">Stampa a sublimazione CMYK o Pantone a colori vivaci.<\/p>\n<\/li>\n<li>\n<p data-path-to-node=\"7,1,0\"><b>Opzioni di materiale:<\/b> Scegli tra poliestere resistente e impermeabile o raso con finitura di alta qualit\u00e0.<\/p>\n<\/li>\n<li>\n<p data-path-to-node=\"7,2,0\"><b>Opzioni di blocco:<\/b> Alta sicurezza (plastica\/metallo monouso), riutilizzabile (perlina regolabile) o bamb\u00f9 ecologico.<\/p>\n<\/li>\n<li>\n<p data-path-to-node=\"7,3,0\">Comodo, resistente e delicato sulla pelle per eventi di pi\u00f9 giorni.<\/p>\n<\/li>\n<\/ul>","protected":false},"featured_media":6388,"comment_status":"closed","ping_status":"closed","template":"","meta":[],"product_brand":[],"product_cat":[47],"product_tag":[],"class_list":{"0":"post-1203","1":"product","2":"type-product","3":"status-publish","4":"has-post-thumbnail","6":"product_cat-fabric-wristbands","8":"first","9":"instock","10":"shipping-taxable","11":"purchasable","12":"product-type-simple"},"_links":{"self":[{"href":"https:\/\/displayproducts.eu\/it\/wp-json\/wp\/v2\/product\/1203","targetHints":{"allow":["GET"]}}],"collection":[{"href":"https:\/\/displayproducts.eu\/it\/wp-json\/wp\/v2\/product"}],"about":[{"href":"https:\/\/displayproducts.eu\/it\/wp-json\/wp\/v2\/types\/product"}],"replies":[{"embeddable":true,"href":"https:\/\/displayproducts.eu\/it\/wp-json\/wp\/v2\/comments?post=1203"}],"wp:featuredmedia":[{"embeddable":true,"href":"https:\/\/displayproducts.eu\/it\/wp-json\/wp\/v2\/media\/6388"}],"wp:attachment":[{"href":"https:\/\/displayproducts.eu\/it\/wp-json\/wp\/v2\/media?parent=1203"}],"wp:term":[{"taxonomy":"product_brand","embeddable":true,"href":"https:\/\/displayproducts.eu\/it\/wp-json\/wp\/v2\/product_brand?post=1203"},{"taxonomy":"product_cat","embeddable":true,"href":"https:\/\/displayproducts.eu\/it\/wp-json\/wp\/v2\/product_cat?post=1203"},{"taxonomy":"product_tag","embeddable":true,"href":"https:\/\/displayproducts.eu\/it\/wp-json\/wp\/v2\/product_tag?post=1203"}],"curies":[{"name":"wp","href":"https:\/\/api.w.org\/{rel}","templated":true}]}}