{"id":6857,"date":"2026-01-15T16:48:49","date_gmt":"2026-01-15T13:48:49","guid":{"rendered":"https:\/\/wristbandfactory.eu\/?post_type=product&#038;p=6857"},"modified":"2026-04-01T21:52:34","modified_gmt":"2026-04-01T18:52:34","slug":"custom-lanyards-with-metal-bulldog-clip","status":"publish","type":"product","link":"https:\/\/displayproducts.eu\/fr\/p\/custom-lanyards-with-metal-bulldog-clip\/","title":{"rendered":"Tours de cou personnalis\u00e9s avec pince crocodile"},"content":{"rendered":"<p data-path-to-node=\"4\">Simplifiez votre processus d&#039;enregistrement \u00e0 l&#039;\u00e9v\u00e9nement gr\u00e2ce \u00e0 notre <b data-path-to-node=\"4\" data-index-in-node=\"73\">Lani\u00e8res personnalis\u00e9es avec mousqueton en m\u00e9tal de type bulldog<\/b>. Souvent compar\u00e9e \u00e0 une pince \u00e0 linge, cette attache est tr\u00e8s appr\u00e9ci\u00e9e lors des conf\u00e9rences et salons professionnels pour sa rapidit\u00e9 et sa polyvalence. Ses m\u00e2choires \u00e0 ressort s&#039;ouvrent facilement d&#039;une sans impression pression, permettant d&#039;attacher instantan\u00e9ment badges d&#039;identification, laissez-passer ou pochettes plastiques, m\u00eame ceux sans perforation.<\/p>\n<h2 data-path-to-node=\"5\">Caract\u00e9ristiques principales<\/h2>\n<ul data-path-to-node=\"6\">\n<li>\n<p data-path-to-node=\"6,0,0\"><b data-path-to-node=\"6,0,0\" data-index-in-node=\"0\">Serrage polyvalent\u00a0:<\/b> Contrairement aux crochets qui n\u00e9cessitent un diam\u00e8tre de trou sp\u00e9cifique, les m\u00e2choires du clip Bulldog peuvent s&#039;accrocher au bord de presque tous les porte-badges, supports plastifi\u00e9s ou cartes.<\/p>\n<\/li>\n<li>\n<p data-path-to-node=\"6,1,0\"><b data-path-to-node=\"6,1,0\" data-index-in-node=\"0\">Stabilit\u00e9 anti-torsion :<\/b> La large zone de pr\u00e9hension garantit que les badges d&#039;identification restent droits et orient\u00e9s vers l&#039;avant, assurant ainsi la visibilit\u00e9 des noms et des logos en permanence.<\/p>\n<\/li>\n<li>\n<p data-path-to-node=\"6,2,0\"><b data-path-to-node=\"6,2,0\" data-index-in-node=\"0\">Doux pour les mat\u00e9riaux :<\/b> Bien que la prise soit ferme, les m\u00e2choires en m\u00e9tal lisse sont con\u00e7ues pour maintenir fermement les pochettes en PVC standard sans les endommager.<\/p>\n<\/li>\n<li>\n<p data-path-to-node=\"6,3,0\"><b data-path-to-node=\"6,3,0\" data-index-in-node=\"0\">Impression par sublimation int\u00e9grale\u00a0:<\/b> La lani\u00e8re elle-m\u00eame est imprim\u00e9e bord \u00e0 bord en couleurs vives, garantissant que votre marque soit \u00e0 la hauteur de la qualit\u00e9 et de l&#039;utilit\u00e9 du clip.<\/p>\n<\/li>\n<\/ul>\n<h2 data-path-to-node=\"7\">Caract\u00e9ristiques<\/h2>\n<ul data-path-to-node=\"8\">\n<li>\n<p data-path-to-node=\"8,0,0\"><b data-path-to-node=\"8,0,0\" data-index-in-node=\"0\">Mat\u00e9riel:<\/b> 100% Polyester lisse.<\/p>\n<\/li>\n<li>\n<p data-path-to-node=\"8,1,0\"><b data-path-to-node=\"8,1,0\" data-index-in-node=\"0\">Pi\u00e8ce jointe:<\/b> Pince bulldog en m\u00e9tal nickel\u00e9 (pince pour badge).<\/p>\n<\/li>\n<li>\n<p data-path-to-node=\"8,2,0\"><b data-path-to-node=\"8,2,0\" data-index-in-node=\"0\">M\u00e9thode d&#039;impression\u00a0:<\/b> Impression par sublimation thermique en couleur.<\/p>\n<\/li>\n<li>\n<p data-path-to-node=\"8,3,0\"><b data-path-to-node=\"8,3,0\" data-index-in-node=\"0\">Largeur de la pince :<\/b> Largeur de m\u00e2choire standard d&#039;environ 10 mm pour une prise en main s\u00fbre.<\/p>\n<\/li>\n<li>\n<p data-path-to-node=\"8,4,0\"><b data-path-to-node=\"8,4,0\" data-index-in-node=\"0\">Largeurs disponibles :<\/b> 15 mm, 20 mm, 25 mm.<\/p>\n<\/li>\n<\/ul>\n<h2 data-path-to-node=\"9\">Cas d&#039;utilisation<\/h2>\n<ul data-path-to-node=\"10\">\n<li>\n<p data-path-to-node=\"10,0,0\"><b data-path-to-node=\"10,0,0\" data-index-in-node=\"0\">Conf\u00e9rences et salons professionnels\u00a0:<\/b> La m\u00e9thode la plus rapide pour attacher les badges aux cordons lors d&#039;un afflux important d&#039;inscriptions.<\/p>\n<\/li>\n<li>\n<p data-path-to-node=\"10,1,0\"><b data-path-to-node=\"10,1,0\" data-index-in-node=\"0\">Cartes de visiteur\u00a0:<\/b> Id\u00e9al pour les badges temporaires qui doivent \u00eatre collect\u00e9s et r\u00e9utilis\u00e9s.<\/p>\n<\/li>\n<li>\n<p data-path-to-node=\"10,2,0\"><b data-path-to-node=\"10,2,0\" data-index-in-node=\"0\">Uniformes du personnel :<\/b> Peut \u00eatre accroch\u00e9 aux cols ou aux poches lorsqu&#039;une lani\u00e8re autour du cou n&#039;est pas souhait\u00e9e.<\/p>\n<\/li>\n<\/ul>","protected":false},"excerpt":{"rendered":"<ul>\n<li>\n<p data-path-to-node=\"3,0,0\"><b data-path-to-node=\"3,0,0\" data-index-in-node=\"0\">Action de type pince \u00e0 linge\u00a0:<\/b> Le m\u00e9canisme \u201c Bulldog \u201d \u00e0 ouverture facile se fixe solidement aux porte-badges ou aux v\u00eatements sans n\u00e9cessiter de trou perc\u00e9.<\/p>\n<\/li>\n<li>\n<p data-path-to-node=\"3,1,0\"><b data-path-to-node=\"3,1,0\" data-index-in-node=\"0\">Affichage stable\u00a0:<\/b> Les larges m\u00e2choires plates maintiennent fermement l&#039;insigne, l&#039;emp\u00eachant de se tordre ou de se retourner.<\/p>\n<\/li>\n<li>\n<p data-path-to-node=\"3,2,0\"><b data-path-to-node=\"3,2,0\" data-index-in-node=\"0\">Double fixation :<\/b> Peut \u00eatre fix\u00e9 sur une pochette plastique pour carte d&#039;identit\u00e9 ou directement sur une poche de chemise ou un revers.<\/p>\n<\/li>\n<li>\n<p data-path-to-node=\"3,3,0\"><b data-path-to-node=\"3,3,0\" data-index-in-node=\"0\">Construction m\u00e9tallique durable :<\/b> Fabriqu\u00e9 en acier nickel\u00e9 pour une r\u00e9sistance et une tenue du ressort durables.<\/p>\n<\/li>\n<\/ul>","protected":false},"featured_media":6858,"comment_status":"closed","ping_status":"closed","template":"","meta":[],"product_brand":[],"product_cat":[104],"product_tag":[],"class_list":{"0":"post-6857","1":"product","2":"type-product","3":"status-publish","4":"has-post-thumbnail","6":"product_cat-custom-printed-lanyards","8":"first","9":"instock","10":"shipping-taxable","11":"purchasable","12":"product-type-simple"},"_links":{"self":[{"href":"https:\/\/displayproducts.eu\/fr\/wp-json\/wp\/v2\/product\/6857","targetHints":{"allow":["GET"]}}],"collection":[{"href":"https:\/\/displayproducts.eu\/fr\/wp-json\/wp\/v2\/product"}],"about":[{"href":"https:\/\/displayproducts.eu\/fr\/wp-json\/wp\/v2\/types\/product"}],"replies":[{"embeddable":true,"href":"https:\/\/displayproducts.eu\/fr\/wp-json\/wp\/v2\/comments?post=6857"}],"wp:featuredmedia":[{"embeddable":true,"href":"https:\/\/displayproducts.eu\/fr\/wp-json\/wp\/v2\/media\/6858"}],"wp:attachment":[{"href":"https:\/\/displayproducts.eu\/fr\/wp-json\/wp\/v2\/media?parent=6857"}],"wp:term":[{"taxonomy":"product_brand","embeddable":true,"href":"https:\/\/displayproducts.eu\/fr\/wp-json\/wp\/v2\/product_brand?post=6857"},{"taxonomy":"product_cat","embeddable":true,"href":"https:\/\/displayproducts.eu\/fr\/wp-json\/wp\/v2\/product_cat?post=6857"},{"taxonomy":"product_tag","embeddable":true,"href":"https:\/\/displayproducts.eu\/fr\/wp-json\/wp\/v2\/product_tag?post=6857"}],"curies":[{"name":"wp","href":"https:\/\/api.w.org\/{rel}","templated":true}]}}